{"id":99478,"date":"2025-11-29T16:02:21","date_gmt":"2025-11-29T15:02:21","guid":{"rendered":"https:\/\/readymade.se\/core\/produkt\/schackpjaser\/"},"modified":"2026-03-14T14:01:35","modified_gmt":"2026-03-14T13:01:35","slug":"schackpjaser","status":"publish","type":"product","link":"https:\/\/readymade.se\/lekplats\/produkt\/schackpjaser\/","title":{"rendered":"Schackpj\u00e4ser"},"content":{"rendered":"<p>Schackpj\u00e4ser i stort format som g\u00f6r schackspelet mer interaktivt och tillg\u00e4ngligt f\u00f6r b\u00e5de barn och vuxna. Pj\u00e4sernas h\u00f6jd varierar mellan cirka 43 och 64 cm, d\u00e4r kungen m\u00e4ter cirka 64 cm, drottningen 58 cm, l\u00f6pare och h\u00e4st cirka 56 respektive 48 cm samt torn och b\u00f6nder cirka 43 cm. Pj\u00e4serna kan fyllas med vatten eller sand f\u00f6r \u00f6kad stabilitet och l\u00e4mpar sig f\u00f6r b\u00e5de inom- och utomhusbruk. Produktm\u00e5tt cirka 64 x 24 x 24 cm, levereras i tv\u00e5 kartonger med total vikt omkring 16 kg.<\/p>\n","protected":false},"excerpt":{"rendered":"<p>Stora schackpj\u00e4ser f\u00f6r lek, spel och familjeaktiviteter.<\/p>\n","protected":false},"featured_media":37341,"template":"","meta":{"site-sidebar-layout":"default","site-content-layout":"","ast-site-content-layout":"default","site-content-style":"default","site-sidebar-style":"default","ast-global-header-display":"","ast-banner-title-visibility":"","ast-main-header-display":"","ast-hfb-above-header-display":"","ast-hfb-below-header-display":"","ast-hfb-mobile-header-display":"","site-post-title":"","ast-breadcrumbs-content":"","ast-featured-img":"","footer-sml-layout":"","theme-transparent-header-meta":"","adv-header-id-meta":"","stick-header-meta":"","header-above-stick-meta":"","header-main-stick-meta":"","header-below-stick-meta":"","astra-migrate-meta-layouts":"default","ast-page-background-enabled":"default","ast-page-background-meta":{"desktop":{"background-color":"var(--ast-global-color-5)","background-image":"","background-repeat":"repeat","background-position":"center center","background-size":"auto","background-attachment":"scroll","background-type":"","background-media":"","overlay-type":"","overlay-color":"","overlay-opacity":"","overlay-gradient":""},"tablet":{"background-color":"","background-image":"","background-repeat":"repeat","background-position":"center center","background-size":"auto","background-attachment":"scroll","background-type":"","background-media":"","overlay-type":"","overlay-color":"","overlay-opacity":"","overlay-gradient":""},"mobile":{"background-color":"","background-image":"","background-repeat":"repeat","background-position":"center center","background-size":"auto","background-attachment":"scroll","background-type":"","background-media":"","overlay-type":"","overlay-color":"","overlay-opacity":"","overlay-gradient":""}},"ast-content-background-meta":{"desktop":{"background-color":"var(--ast-global-color-4)","background-image":"","background-repeat":"repeat","background-position":"center center","background-size":"auto","background-attachment":"scroll","background-type":"","background-media":"","overlay-type":"","overlay-color":"","overlay-opacity":"","overlay-gradient":""},"tablet":{"background-color":"var(--ast-global-color-4)","background-image":"","background-repeat":"repeat","background-position":"center center","background-size":"auto","background-attachment":"scroll","background-type":"","background-media":"","overlay-type":"","overlay-color":"","overlay-opacity":"","overlay-gradient":""},"mobile":{"background-color":"var(--ast-global-color-4)","background-image":"","background-repeat":"repeat","background-position":"center center","background-size":"auto","background-attachment":"scroll","background-type":"","background-media":"","overlay-type":"","overlay-color":"","overlay-opacity":"","overlay-gradient":""}}},"product_brand":[321],"product_cat":[502],"product_tag":[570],"class_list":{"0":"post-99478","1":"product","2":"type-product","3":"status-publish","4":"has-post-thumbnail","6":"product_brand-geveko","7":"product_cat-decomark","8":"product_tag-core-decomark","9":"desktop-align-center","10":"tablet-align-left","11":"mobile-align-left","13":"first","14":"instock","15":"sold-individually","16":"taxable","17":"shipping-taxable","18":"purchasable","19":"product-type-simple"},"_links":{"self":[{"href":"https:\/\/readymade.se\/lekplats\/wp-json\/wp\/v2\/product\/99478","targetHints":{"allow":["GET"]}}],"collection":[{"href":"https:\/\/readymade.se\/lekplats\/wp-json\/wp\/v2\/product"}],"about":[{"href":"https:\/\/readymade.se\/lekplats\/wp-json\/wp\/v2\/types\/product"}],"wp:featuredmedia":[{"embeddable":true,"href":"https:\/\/readymade.se\/lekplats\/wp-json\/wp\/v2\/media\/37341"}],"wp:attachment":[{"href":"https:\/\/readymade.se\/lekplats\/wp-json\/wp\/v2\/media?parent=99478"}],"wp:term":[{"taxonomy":"product_brand","embeddable":true,"href":"https:\/\/readymade.se\/lekplats\/wp-json\/wp\/v2\/product_brand?post=99478"},{"taxonomy":"product_cat","embeddable":true,"href":"https:\/\/readymade.se\/lekplats\/wp-json\/wp\/v2\/product_cat?post=99478"},{"taxonomy":"product_tag","embeddable":true,"href":"https:\/\/readymade.se\/lekplats\/wp-json\/wp\/v2\/product_tag?post=99478"}],"curies":[{"name":"wp","href":"https:\/\/api.w.org\/{rel}","templated":true}]}}