{"id":92574,"date":"2025-11-22T01:00:42","date_gmt":"2025-11-22T00:00:42","guid":{"rendered":"https:\/\/readymade.se\/core\/produkt\/sapekor-utomhustorktumlare-l-20230\/"},"modified":"2025-12-08T14:22:32","modified_gmt":"2025-12-08T13:22:32","slug":"sapekor-utomhustorktumlare-l-20230","status":"publish","type":"product","link":"https:\/\/readymade.se\/lekplats\/produkt\/sapekor-utomhustorktumlare-l-20230\/","title":{"rendered":"Torktumlare f\u00f6r utomhusbruk L 20230"},"content":{"rendered":"<p>Original torktumlare i form av en inverterad bokstav &#8221;L&#8221; gjord av h\u00f6gkvalitativt rostfritt st\u00e5l. Torkst\u00e4llen kan placeras efter \u00f6nskem\u00e5l efter varandra och skapar p\u00e5 s\u00e5 s\u00e4tt en torkyta, efter kundens krav och behov. Det finns 4 krokar i rostfritt st\u00e5l p\u00e5 torkst\u00e4llningen, p\u00e5 vilka kl\u00e4dsnor kan f\u00e4stas. Torkst\u00e4ll kan anv\u00e4ndas i bostadsomr\u00e5den eller tr\u00e4dg\u00e5rdar. I priset ing\u00e5r 1 konstruktion.<\/p>\n","protected":false},"excerpt":{"rendered":"<p>Original torktumlare i form av en inverterad bokstav &#8221;L&#8221; gjord av h\u00f6gkvalitativt rostfritt st\u00e5l. Torkst\u00e4llen kan placeras efter \u00f6nskem\u00e5l efter varandra och skapar p\u00e5 s\u00e5 s\u00e4tt en torkyta, efter kundens krav och behov. Det finns 4 krokar i rostfritt st\u00e5l p\u00e5 torkst\u00e4llningen, p\u00e5 vilka kl\u00e4dsnor kan f\u00e4stas. Torktumlare \u00e4r b\u00e4st&#8230;<\/p>\n","protected":false},"featured_media":91567,"template":"","meta":{"site-sidebar-layout":"","site-content-layout":"","ast-site-content-layout":"","site-content-style":"","site-sidebar-style":"","ast-global-header-display":"","ast-banner-title-visibility":"","ast-main-header-display":"","ast-hfb-above-header-display":"","ast-hfb-below-header-display":"","ast-hfb-mobile-header-display":"","site-post-title":"","ast-breadcrumbs-content":"","ast-featured-img":"","footer-sml-layout":"","theme-transparent-header-meta":"","adv-header-id-meta":"","stick-header-meta":"","header-above-stick-meta":"","header-main-stick-meta":"","header-below-stick-meta":"","astra-migrate-meta-layouts":"","ast-page-background-enabled":"default","ast-page-background-meta":{"desktop":{"background-color":"var(--ast-global-color-5)","background-image":"","background-repeat":"repeat","background-position":"center center","background-size":"auto","background-attachment":"scroll","background-type":"","background-media":"","overlay-type":"","overlay-color":"","overlay-opacity":"","overlay-gradient":""},"tablet":{"background-color":"","background-image":"","background-repeat":"repeat","background-position":"center center","background-size":"auto","background-attachment":"scroll","background-type":"","background-media":"","overlay-type":"","overlay-color":"","overlay-opacity":"","overlay-gradient":""},"mobile":{"background-color":"","background-image":"","background-repeat":"repeat","background-position":"center center","background-size":"auto","background-attachment":"scroll","background-type":"","background-media":"","overlay-type":"","overlay-color":"","overlay-opacity":"","overlay-gradient":""}},"ast-content-background-meta":{"desktop":{"background-color":"var(--ast-global-color-4)","background-image":"","background-repeat":"repeat","background-position":"center center","background-size":"auto","background-attachment":"scroll","background-type":"","background-media":"","overlay-type":"","overlay-color":"","overlay-opacity":"","overlay-gradient":""},"tablet":{"background-color":"var(--ast-global-color-4)","background-image":"","background-repeat":"repeat","background-position":"center center","background-size":"auto","background-attachment":"scroll","background-type":"","background-media":"","overlay-type":"","overlay-color":"","overlay-opacity":"","overlay-gradient":""},"mobile":{"background-color":"var(--ast-global-color-4)","background-image":"","background-repeat":"repeat","background-position":"center center","background-size":"auto","background-attachment":"scroll","background-type":"","background-media":"","overlay-type":"","overlay-color":"","overlay-opacity":"","overlay-gradient":""}}},"product_brand":[528],"product_cat":[444],"product_tag":[],"class_list":{"0":"post-92574","1":"product","2":"type-product","3":"status-publish","4":"has-post-thumbnail","6":"product_brand-sapekor","7":"product_cat-gata-park","8":"desktop-align-center","9":"tablet-align-left","10":"mobile-align-left","12":"first","13":"instock","14":"taxable","15":"shipping-taxable","16":"purchasable","17":"product-type-simple"},"_links":{"self":[{"href":"https:\/\/readymade.se\/lekplats\/wp-json\/wp\/v2\/product\/92574","targetHints":{"allow":["GET"]}}],"collection":[{"href":"https:\/\/readymade.se\/lekplats\/wp-json\/wp\/v2\/product"}],"about":[{"href":"https:\/\/readymade.se\/lekplats\/wp-json\/wp\/v2\/types\/product"}],"wp:featuredmedia":[{"embeddable":true,"href":"https:\/\/readymade.se\/lekplats\/wp-json\/wp\/v2\/media\/91567"}],"wp:attachment":[{"href":"https:\/\/readymade.se\/lekplats\/wp-json\/wp\/v2\/media?parent=92574"}],"wp:term":[{"taxonomy":"product_brand","embeddable":true,"href":"https:\/\/readymade.se\/lekplats\/wp-json\/wp\/v2\/product_brand?post=92574"},{"taxonomy":"product_cat","embeddable":true,"href":"https:\/\/readymade.se\/lekplats\/wp-json\/wp\/v2\/product_cat?post=92574"},{"taxonomy":"product_tag","embeddable":true,"href":"https:\/\/readymade.se\/lekplats\/wp-json\/wp\/v2\/product_tag?post=92574"}],"curies":[{"name":"wp","href":"https:\/\/api.w.org\/{rel}","templated":true}]}}