{"id":92522,"date":"2025-11-22T01:00:17","date_gmt":"2025-11-22T00:00:17","guid":{"rendered":"https:\/\/readymade.se\/core\/produkt\/bank-wpc-20254\/"},"modified":"2025-12-23T11:13:12","modified_gmt":"2025-12-23T10:13:12","slug":"bank-wpc-20254","status":"publish","type":"product","link":"https:\/\/readymade.se\/lekplats\/produkt\/bank-wpc-20254\/","title":{"rendered":"B\u00e4nk WPC 20254"},"content":{"rendered":"<p>Design parkb\u00e4nk med ryggst\u00f6d. B\u00e4nken \u00e4r gjord av en slitstark struktur i rostfritt st\u00e5l, kompletterad med sju bruna WPC-lameller, som m\u00e4ter 1340\u00d790\u00d715 mm. WPC \u00e4r ett modernt, ekologiskt kompositmaterial som best\u00e5r av tr\u00e4 och polymer. Dess fr\u00e4msta f\u00f6rdel \u00e4r att det bevarar tr\u00e4ets b\u00e4sta egenskaper samtidigt som det eliminerar dess problem. V\u00e5ra b\u00e4nkar kommer att ge den n\u00f6dv\u00e4ndiga komforten och kommer med sin enkla men tidl\u00f6sa design att fullborda helhetssynen p\u00e5 offentliga utrymmen, parker, barn- eller idrottsplatser etc. Den rostfria st\u00e5lkonstruktionen och h\u00f6gkvalitativa WPC-lameller garanterar underh\u00e5llsfri och l\u00e5ng livsl\u00e4ngd f\u00f6r b\u00e4nken.<\/p>\n","protected":false},"excerpt":{"rendered":"<p>Design parkb\u00e4nk med ryggst\u00f6d. B\u00e4nken \u00e4r gjord av en slitstark struktur i rostfritt st\u00e5l, kompletterad med sju bruna WPC-lameller, som m\u00e4ter 1340\u00d790\u00d715 mm. WPC \u00e4r ett modernt, ekologiskt kompositmaterial som best\u00e5r av tr\u00e4 och polymer. Dess fr\u00e4msta f\u00f6rdel \u00e4r att du&#8230;<\/p>\n","protected":false},"featured_media":91354,"template":"","meta":{"site-sidebar-layout":"","site-content-layout":"","ast-site-content-layout":"","site-content-style":"","site-sidebar-style":"","ast-global-header-display":"","ast-banner-title-visibility":"","ast-main-header-display":"","ast-hfb-above-header-display":"","ast-hfb-below-header-display":"","ast-hfb-mobile-header-display":"","site-post-title":"","ast-breadcrumbs-content":"","ast-featured-img":"","footer-sml-layout":"","theme-transparent-header-meta":"","adv-header-id-meta":"","stick-header-meta":"","header-above-stick-meta":"","header-main-stick-meta":"","header-below-stick-meta":"","astra-migrate-meta-layouts":"","ast-page-background-enabled":"default","ast-page-background-meta":{"desktop":{"background-color":"var(--ast-global-color-5)","background-image":"","background-repeat":"repeat","background-position":"center center","background-size":"auto","background-attachment":"scroll","background-type":"","background-media":"","overlay-type":"","overlay-color":"","overlay-opacity":"","overlay-gradient":""},"tablet":{"background-color":"","background-image":"","background-repeat":"repeat","background-position":"center center","background-size":"auto","background-attachment":"scroll","background-type":"","background-media":"","overlay-type":"","overlay-color":"","overlay-opacity":"","overlay-gradient":""},"mobile":{"background-color":"","background-image":"","background-repeat":"repeat","background-position":"center center","background-size":"auto","background-attachment":"scroll","background-type":"","background-media":"","overlay-type":"","overlay-color":"","overlay-opacity":"","overlay-gradient":""}},"ast-content-background-meta":{"desktop":{"background-color":"var(--ast-global-color-4)","background-image":"","background-repeat":"repeat","background-position":"center center","background-size":"auto","background-attachment":"scroll","background-type":"","background-media":"","overlay-type":"","overlay-color":"","overlay-opacity":"","overlay-gradient":""},"tablet":{"background-color":"var(--ast-global-color-4)","background-image":"","background-repeat":"repeat","background-position":"center center","background-size":"auto","background-attachment":"scroll","background-type":"","background-media":"","overlay-type":"","overlay-color":"","overlay-opacity":"","overlay-gradient":""},"mobile":{"background-color":"var(--ast-global-color-4)","background-image":"","background-repeat":"repeat","background-position":"center center","background-size":"auto","background-attachment":"scroll","background-type":"","background-media":"","overlay-type":"","overlay-color":"","overlay-opacity":"","overlay-gradient":""}}},"product_brand":[528],"product_cat":[444,491],"product_tag":[573],"class_list":{"0":"post-92522","1":"product","2":"type-product","3":"status-publish","4":"has-post-thumbnail","6":"product_brand-sapekor","7":"product_cat-gata-park","8":"product_cat-parkbankar","9":"product_tag-core-gata-park","10":"desktop-align-center","11":"tablet-align-left","12":"mobile-align-left","14":"first","15":"instock","16":"taxable","17":"shipping-taxable","18":"purchasable","19":"product-type-simple"},"_links":{"self":[{"href":"https:\/\/readymade.se\/lekplats\/wp-json\/wp\/v2\/product\/92522","targetHints":{"allow":["GET"]}}],"collection":[{"href":"https:\/\/readymade.se\/lekplats\/wp-json\/wp\/v2\/product"}],"about":[{"href":"https:\/\/readymade.se\/lekplats\/wp-json\/wp\/v2\/types\/product"}],"wp:featuredmedia":[{"embeddable":true,"href":"https:\/\/readymade.se\/lekplats\/wp-json\/wp\/v2\/media\/91354"}],"wp:attachment":[{"href":"https:\/\/readymade.se\/lekplats\/wp-json\/wp\/v2\/media?parent=92522"}],"wp:term":[{"taxonomy":"product_brand","embeddable":true,"href":"https:\/\/readymade.se\/lekplats\/wp-json\/wp\/v2\/product_brand?post=92522"},{"taxonomy":"product_cat","embeddable":true,"href":"https:\/\/readymade.se\/lekplats\/wp-json\/wp\/v2\/product_cat?post=92522"},{"taxonomy":"product_tag","embeddable":true,"href":"https:\/\/readymade.se\/lekplats\/wp-json\/wp\/v2\/product_tag?post=92522"}],"curies":[{"name":"wp","href":"https:\/\/api.w.org\/{rel}","templated":true}]}}