{"id":92514,"date":"2025-11-22T01:00:15","date_gmt":"2025-11-22T00:00:15","guid":{"rendered":"https:\/\/readymade.se\/core\/produkt\/campingset-20209\/"},"modified":"2025-12-08T14:18:17","modified_gmt":"2025-12-08T13:18:17","slug":"campingset-20209","status":"publish","type":"product","link":"https:\/\/readymade.se\/lekplats\/produkt\/campingset-20209\/","title":{"rendered":"Campingset 20209"},"content":{"rendered":"<p>Campingset 20209 i glada f\u00e4rger \u00e4r ett bra komplement till alla barns lekplatser. Barn kan koppla av och f\u00e5 den energi de beh\u00f6ver med ett mellanm\u00e5l. Den rostfria st\u00e5lkonstruktionen och h\u00f6gkvalitativa HDPE-plaster \u00e4r en garanti f\u00f6r l\u00e5ng livsl\u00e4ngd med minimala underh\u00e5llskrav. Intyg om \u00f6verensst\u00e4mmelse med standarden: EN 1176-1 Rekommenderad slagyta: gummibel\u00e4ggning, gr\u00e4s, gr\u00e4s<\/p>\n","protected":false},"excerpt":{"rendered":"<p>Campingset 20209 i glada f\u00e4rger \u00e4r ett bra komplement till alla barns lekplatser. Barn kan koppla av och f\u00e5 den energi de beh\u00f6ver med ett mellanm\u00e5l. Den rostfria st\u00e5lkonstruktionen och h\u00f6gkvalitativa HDPE-plaster \u00e4r en garanti f\u00f6r l\u00e5ng livsl\u00e4ngd med minimala underh\u00e5llskrav. Intyg om \u00f6verensst\u00e4mmelse utan&#8230;<\/p>\n","protected":false},"featured_media":91316,"template":"","meta":{"site-sidebar-layout":"","site-content-layout":"","ast-site-content-layout":"","site-content-style":"","site-sidebar-style":"","ast-global-header-display":"","ast-banner-title-visibility":"","ast-main-header-display":"","ast-hfb-above-header-display":"","ast-hfb-below-header-display":"","ast-hfb-mobile-header-display":"","site-post-title":"","ast-breadcrumbs-content":"","ast-featured-img":"","footer-sml-layout":"","theme-transparent-header-meta":"","adv-header-id-meta":"","stick-header-meta":"","header-above-stick-meta":"","header-main-stick-meta":"","header-below-stick-meta":"","astra-migrate-meta-layouts":"","ast-page-background-enabled":"default","ast-page-background-meta":{"desktop":{"background-color":"var(--ast-global-color-5)","background-image":"","background-repeat":"repeat","background-position":"center center","background-size":"auto","background-attachment":"scroll","background-type":"","background-media":"","overlay-type":"","overlay-color":"","overlay-opacity":"","overlay-gradient":""},"tablet":{"background-color":"","background-image":"","background-repeat":"repeat","background-position":"center center","background-size":"auto","background-attachment":"scroll","background-type":"","background-media":"","overlay-type":"","overlay-color":"","overlay-opacity":"","overlay-gradient":""},"mobile":{"background-color":"","background-image":"","background-repeat":"repeat","background-position":"center center","background-size":"auto","background-attachment":"scroll","background-type":"","background-media":"","overlay-type":"","overlay-color":"","overlay-opacity":"","overlay-gradient":""}},"ast-content-background-meta":{"desktop":{"background-color":"var(--ast-global-color-4)","background-image":"","background-repeat":"repeat","background-position":"center center","background-size":"auto","background-attachment":"scroll","background-type":"","background-media":"","overlay-type":"","overlay-color":"","overlay-opacity":"","overlay-gradient":""},"tablet":{"background-color":"var(--ast-global-color-4)","background-image":"","background-repeat":"repeat","background-position":"center center","background-size":"auto","background-attachment":"scroll","background-type":"","background-media":"","overlay-type":"","overlay-color":"","overlay-opacity":"","overlay-gradient":""},"mobile":{"background-color":"var(--ast-global-color-4)","background-image":"","background-repeat":"repeat","background-position":"center center","background-size":"auto","background-attachment":"scroll","background-type":"","background-media":"","overlay-type":"","overlay-color":"","overlay-opacity":"","overlay-gradient":""}}},"product_brand":[528],"product_cat":[444,491],"product_tag":[],"class_list":{"0":"post-92514","1":"product","2":"type-product","3":"status-publish","4":"has-post-thumbnail","6":"product_brand-sapekor","7":"product_cat-gata-park","8":"product_cat-parkbankar","9":"desktop-align-center","10":"tablet-align-left","11":"mobile-align-left","13":"first","14":"instock","15":"taxable","16":"shipping-taxable","17":"purchasable","18":"product-type-simple"},"_links":{"self":[{"href":"https:\/\/readymade.se\/lekplats\/wp-json\/wp\/v2\/product\/92514","targetHints":{"allow":["GET"]}}],"collection":[{"href":"https:\/\/readymade.se\/lekplats\/wp-json\/wp\/v2\/product"}],"about":[{"href":"https:\/\/readymade.se\/lekplats\/wp-json\/wp\/v2\/types\/product"}],"wp:featuredmedia":[{"embeddable":true,"href":"https:\/\/readymade.se\/lekplats\/wp-json\/wp\/v2\/media\/91316"}],"wp:attachment":[{"href":"https:\/\/readymade.se\/lekplats\/wp-json\/wp\/v2\/media?parent=92514"}],"wp:term":[{"taxonomy":"product_brand","embeddable":true,"href":"https:\/\/readymade.se\/lekplats\/wp-json\/wp\/v2\/product_brand?post=92514"},{"taxonomy":"product_cat","embeddable":true,"href":"https:\/\/readymade.se\/lekplats\/wp-json\/wp\/v2\/product_cat?post=92514"},{"taxonomy":"product_tag","embeddable":true,"href":"https:\/\/readymade.se\/lekplats\/wp-json\/wp\/v2\/product_tag?post=92514"}],"curies":[{"name":"wp","href":"https:\/\/api.w.org\/{rel}","templated":true}]}}