{"id":92491,"date":"2025-11-22T01:00:07","date_gmt":"2025-11-22T00:00:07","guid":{"rendered":"https:\/\/readymade.se\/core\/produkt\/speluppsattning-11580\/"},"modified":"2026-01-07T11:07:27","modified_gmt":"2026-01-07T10:07:27","slug":"speluppsattning-11580","status":"publish","type":"product","link":"https:\/\/readymade.se\/lekplats\/produkt\/speluppsattning-11580\/","title":{"rendered":"Lekst\u00e4llning 11580"},"content":{"rendered":"<p>Spelsetet 11580 best\u00e5r av tv\u00e5 hus med tak och tv\u00e5 \u00f6ppna plattformar som binds samman med flera typer av broar, repbroar och kryptunnel. Barn n\u00e5r lekst\u00e4llningen via lutande kl\u00e4tterplattform eller f\u00e4rgglada HDPE-steg. Rutschkana, skjutdisk och interaktiva paneler skapar b\u00e5de aktiv och lugn lek. Robust konstruktion i rostfritt st\u00e5l, HDPE och st\u00e5lf\u00f6rst\u00e4rkta linor. Certifierad enligt EN 1176-1.<\/p>\n","protected":false},"excerpt":{"rendered":"<p>Stor och variationsrik lekst\u00e4llning med broar, tunnlar och rutschkana som uppmuntrar r\u00f6relse, balans och kreativ lek. Den erbjuder m\u00e5nga lekv\u00e4gar och passar barn i olika \u00e5ldrar p\u00e5 offentliga lekplatser.<\/p>\n","protected":false},"featured_media":91179,"template":"","meta":{"site-sidebar-layout":"","site-content-layout":"","ast-site-content-layout":"","site-content-style":"","site-sidebar-style":"","ast-global-header-display":"","ast-banner-title-visibility":"","ast-main-header-display":"","ast-hfb-above-header-display":"","ast-hfb-below-header-display":"","ast-hfb-mobile-header-display":"","site-post-title":"","ast-breadcrumbs-content":"","ast-featured-img":"","footer-sml-layout":"","theme-transparent-header-meta":"","adv-header-id-meta":"","stick-header-meta":"","header-above-stick-meta":"","header-main-stick-meta":"","header-below-stick-meta":"","astra-migrate-meta-layouts":"","ast-page-background-enabled":"default","ast-page-background-meta":{"desktop":{"background-color":"var(--ast-global-color-5)","background-image":"","background-repeat":"repeat","background-position":"center center","background-size":"auto","background-attachment":"scroll","background-type":"","background-media":"","overlay-type":"","overlay-color":"","overlay-opacity":"","overlay-gradient":""},"tablet":{"background-color":"","background-image":"","background-repeat":"repeat","background-position":"center center","background-size":"auto","background-attachment":"scroll","background-type":"","background-media":"","overlay-type":"","overlay-color":"","overlay-opacity":"","overlay-gradient":""},"mobile":{"background-color":"","background-image":"","background-repeat":"repeat","background-position":"center center","background-size":"auto","background-attachment":"scroll","background-type":"","background-media":"","overlay-type":"","overlay-color":"","overlay-opacity":"","overlay-gradient":""}},"ast-content-background-meta":{"desktop":{"background-color":"var(--ast-global-color-4)","background-image":"","background-repeat":"repeat","background-position":"center center","background-size":"auto","background-attachment":"scroll","background-type":"","background-media":"","overlay-type":"","overlay-color":"","overlay-opacity":"","overlay-gradient":""},"tablet":{"background-color":"var(--ast-global-color-4)","background-image":"","background-repeat":"repeat","background-position":"center center","background-size":"auto","background-attachment":"scroll","background-type":"","background-media":"","overlay-type":"","overlay-color":"","overlay-opacity":"","overlay-gradient":""},"mobile":{"background-color":"var(--ast-global-color-4)","background-image":"","background-repeat":"repeat","background-position":"center center","background-size":"auto","background-attachment":"scroll","background-type":"","background-media":"","overlay-type":"","overlay-color":"","overlay-opacity":"","overlay-gradient":""}}},"product_brand":[528],"product_cat":[32],"product_tag":[],"class_list":{"0":"post-92491","1":"product","2":"type-product","3":"status-publish","4":"has-post-thumbnail","6":"product_brand-sapekor","7":"product_cat-lekstallningar","8":"desktop-align-center","9":"tablet-align-left","10":"mobile-align-left","12":"first","13":"instock","14":"taxable","15":"shipping-taxable","16":"purchasable","17":"product-type-simple"},"_links":{"self":[{"href":"https:\/\/readymade.se\/lekplats\/wp-json\/wp\/v2\/product\/92491","targetHints":{"allow":["GET"]}}],"collection":[{"href":"https:\/\/readymade.se\/lekplats\/wp-json\/wp\/v2\/product"}],"about":[{"href":"https:\/\/readymade.se\/lekplats\/wp-json\/wp\/v2\/types\/product"}],"wp:featuredmedia":[{"embeddable":true,"href":"https:\/\/readymade.se\/lekplats\/wp-json\/wp\/v2\/media\/91179"}],"wp:attachment":[{"href":"https:\/\/readymade.se\/lekplats\/wp-json\/wp\/v2\/media?parent=92491"}],"wp:term":[{"taxonomy":"product_brand","embeddable":true,"href":"https:\/\/readymade.se\/lekplats\/wp-json\/wp\/v2\/product_brand?post=92491"},{"taxonomy":"product_cat","embeddable":true,"href":"https:\/\/readymade.se\/lekplats\/wp-json\/wp\/v2\/product_cat?post=92491"},{"taxonomy":"product_tag","embeddable":true,"href":"https:\/\/readymade.se\/lekplats\/wp-json\/wp\/v2\/product_tag?post=92491"}],"curies":[{"name":"wp","href":"https:\/\/api.w.org\/{rel}","templated":true}]}}