{"id":92437,"date":"2025-11-22T00:59:51","date_gmt":"2025-11-21T23:59:51","guid":{"rendered":"https:\/\/readymade.se\/core\/produkt\/lekset-med-rutschkana-11054\/"},"modified":"2026-01-07T11:06:39","modified_gmt":"2026-01-07T10:06:39","slug":"lekset-med-rutschkana-11054","status":"publish","type":"product","link":"https:\/\/readymade.se\/lekplats\/produkt\/lekset-med-rutschkana-11054\/","title":{"rendered":"Lekset med rutschkana 11054"},"content":{"rendered":"<p>Leksetet med rutschkana 11054 best\u00e5r av en plattform med kapell som barn n\u00e5r via stege eller kl\u00e4tterv\u00e4gg med rep och h\u00e5l. Nedf\u00e4rd sker via en rutschkana i rostfritt st\u00e5l med HDPE-sidor. Setet \u00e4r utrustat med interaktiva barri\u00e4rer s\u00e5som skjutbara plastgrepp, f\u00e4rg- och f\u00f6rs\u00e4ljningsdisk som uppmuntrar rolllek, r\u00e4kning och social interaktion. Konstruktionen i rostfritt st\u00e5l, HDPE och st\u00e5lf\u00f6rst\u00e4rkta linor ger l\u00e5ng livsl\u00e4ngd och minimalt underh\u00e5ll. Certifierad enligt EN 1176-1 och EN 1176-3. Rekommenderad slagyta: gummibel\u00e4ggning, gummianka.<\/p>\n","protected":false},"excerpt":{"rendered":"<p>M\u00e5ngsidigt lekset med rutschkana, kl\u00e4ttermoment och interaktiva paneler som stimulerar b\u00e5de r\u00f6relse, lek och finmotorik.<\/p>\n","protected":false},"featured_media":91034,"template":"","meta":{"site-sidebar-layout":"","site-content-layout":"","ast-site-content-layout":"","site-content-style":"","site-sidebar-style":"","ast-global-header-display":"","ast-banner-title-visibility":"","ast-main-header-display":"","ast-hfb-above-header-display":"","ast-hfb-below-header-display":"","ast-hfb-mobile-header-display":"","site-post-title":"","ast-breadcrumbs-content":"","ast-featured-img":"","footer-sml-layout":"","theme-transparent-header-meta":"","adv-header-id-meta":"","stick-header-meta":"","header-above-stick-meta":"","header-main-stick-meta":"","header-below-stick-meta":"","astra-migrate-meta-layouts":"","ast-page-background-enabled":"default","ast-page-background-meta":{"desktop":{"background-color":"var(--ast-global-color-5)","background-image":"","background-repeat":"repeat","background-position":"center center","background-size":"auto","background-attachment":"scroll","background-type":"","background-media":"","overlay-type":"","overlay-color":"","overlay-opacity":"","overlay-gradient":""},"tablet":{"background-color":"","background-image":"","background-repeat":"repeat","background-position":"center center","background-size":"auto","background-attachment":"scroll","background-type":"","background-media":"","overlay-type":"","overlay-color":"","overlay-opacity":"","overlay-gradient":""},"mobile":{"background-color":"","background-image":"","background-repeat":"repeat","background-position":"center center","background-size":"auto","background-attachment":"scroll","background-type":"","background-media":"","overlay-type":"","overlay-color":"","overlay-opacity":"","overlay-gradient":""}},"ast-content-background-meta":{"desktop":{"background-color":"var(--ast-global-color-4)","background-image":"","background-repeat":"repeat","background-position":"center center","background-size":"auto","background-attachment":"scroll","background-type":"","background-media":"","overlay-type":"","overlay-color":"","overlay-opacity":"","overlay-gradient":""},"tablet":{"background-color":"var(--ast-global-color-4)","background-image":"","background-repeat":"repeat","background-position":"center center","background-size":"auto","background-attachment":"scroll","background-type":"","background-media":"","overlay-type":"","overlay-color":"","overlay-opacity":"","overlay-gradient":""},"mobile":{"background-color":"var(--ast-global-color-4)","background-image":"","background-repeat":"repeat","background-position":"center center","background-size":"auto","background-attachment":"scroll","background-type":"","background-media":"","overlay-type":"","overlay-color":"","overlay-opacity":"","overlay-gradient":""}}},"product_brand":[528],"product_cat":[32],"product_tag":[],"class_list":{"0":"post-92437","1":"product","2":"type-product","3":"status-publish","4":"has-post-thumbnail","6":"product_brand-sapekor","7":"product_cat-lekstallningar","8":"desktop-align-center","9":"tablet-align-left","10":"mobile-align-left","12":"first","13":"instock","14":"taxable","15":"shipping-taxable","16":"purchasable","17":"product-type-simple"},"_links":{"self":[{"href":"https:\/\/readymade.se\/lekplats\/wp-json\/wp\/v2\/product\/92437","targetHints":{"allow":["GET"]}}],"collection":[{"href":"https:\/\/readymade.se\/lekplats\/wp-json\/wp\/v2\/product"}],"about":[{"href":"https:\/\/readymade.se\/lekplats\/wp-json\/wp\/v2\/types\/product"}],"wp:featuredmedia":[{"embeddable":true,"href":"https:\/\/readymade.se\/lekplats\/wp-json\/wp\/v2\/media\/91034"}],"wp:attachment":[{"href":"https:\/\/readymade.se\/lekplats\/wp-json\/wp\/v2\/media?parent=92437"}],"wp:term":[{"taxonomy":"product_brand","embeddable":true,"href":"https:\/\/readymade.se\/lekplats\/wp-json\/wp\/v2\/product_brand?post=92437"},{"taxonomy":"product_cat","embeddable":true,"href":"https:\/\/readymade.se\/lekplats\/wp-json\/wp\/v2\/product_cat?post=92437"},{"taxonomy":"product_tag","embeddable":true,"href":"https:\/\/readymade.se\/lekplats\/wp-json\/wp\/v2\/product_tag?post=92437"}],"curies":[{"name":"wp","href":"https:\/\/api.w.org\/{rel}","templated":true}]}}