{"id":92436,"date":"2025-11-22T00:59:51","date_gmt":"2025-11-21T23:59:51","guid":{"rendered":"https:\/\/readymade.se\/core\/produkt\/barnens-hus-12068\/"},"modified":"2026-01-07T15:57:21","modified_gmt":"2026-01-07T14:57:21","slug":"lilla-brandstationen-12068","status":"publish","type":"product","link":"https:\/\/readymade.se\/lekplats\/produkt\/lilla-brandstationen-12068\/","title":{"rendered":"Lilla Brandstationen 12068"},"content":{"rendered":"<p>Barnhuset 12068 \u00e4r s\u00e4rskilt utformat f\u00f6r sm\u00e5 barn och erbjuder varierad lek genom tv\u00e5 rutschkanor, skjutbr\u00e4da, glidande hjul f\u00f6r matematiktr\u00e4ning samt en liten labyrint f\u00f6r finmotorisk utveckling.<\/p>\n<p>Fallh\u00f6jden \u00e4r upp till 1 meter, vilket g\u00f6r att ingen s\u00e4rskild st\u00f6td\u00e4mpande yta kr\u00e4vs \u2013 gr\u00e4smatta r\u00e4cker. Konstruktionen best\u00e5r av rostfritt st\u00e5l och h\u00f6gkvalitativ HDPE-plast, vilket ger l\u00e5ng livsl\u00e4ngd och minimalt underh\u00e5ll. Produkten \u00e4r certifierad enligt EN 1176-1 och EN 1176-3 och l\u00e4mpar sig f\u00f6r lekplatser, f\u00f6rskolor, parker, restauranger och k\u00f6pcentrum.<\/p>\n","protected":false},"excerpt":{"rendered":"<p>F\u00e4rgglad och trygg lekstation f\u00f6r sm\u00e5 barn med m\u00e5nga pedagogiska funktioner. En komplett lekenhet f\u00f6r tidig utveckling.<\/p>\n","protected":false},"featured_media":91027,"template":"","meta":{"site-sidebar-layout":"","site-content-layout":"","ast-site-content-layout":"","site-content-style":"","site-sidebar-style":"","ast-global-header-display":"","ast-banner-title-visibility":"","ast-main-header-display":"","ast-hfb-above-header-display":"","ast-hfb-below-header-display":"","ast-hfb-mobile-header-display":"","site-post-title":"","ast-breadcrumbs-content":"","ast-featured-img":"","footer-sml-layout":"","theme-transparent-header-meta":"","adv-header-id-meta":"","stick-header-meta":"","header-above-stick-meta":"","header-main-stick-meta":"","header-below-stick-meta":"","astra-migrate-meta-layouts":"","ast-page-background-enabled":"default","ast-page-background-meta":{"desktop":{"background-color":"var(--ast-global-color-5)","background-image":"","background-repeat":"repeat","background-position":"center center","background-size":"auto","background-attachment":"scroll","background-type":"","background-media":"","overlay-type":"","overlay-color":"","overlay-opacity":"","overlay-gradient":""},"tablet":{"background-color":"","background-image":"","background-repeat":"repeat","background-position":"center center","background-size":"auto","background-attachment":"scroll","background-type":"","background-media":"","overlay-type":"","overlay-color":"","overlay-opacity":"","overlay-gradient":""},"mobile":{"background-color":"","background-image":"","background-repeat":"repeat","background-position":"center center","background-size":"auto","background-attachment":"scroll","background-type":"","background-media":"","overlay-type":"","overlay-color":"","overlay-opacity":"","overlay-gradient":""}},"ast-content-background-meta":{"desktop":{"background-color":"var(--ast-global-color-4)","background-image":"","background-repeat":"repeat","background-position":"center center","background-size":"auto","background-attachment":"scroll","background-type":"","background-media":"","overlay-type":"","overlay-color":"","overlay-opacity":"","overlay-gradient":""},"tablet":{"background-color":"var(--ast-global-color-4)","background-image":"","background-repeat":"repeat","background-position":"center center","background-size":"auto","background-attachment":"scroll","background-type":"","background-media":"","overlay-type":"","overlay-color":"","overlay-opacity":"","overlay-gradient":""},"mobile":{"background-color":"var(--ast-global-color-4)","background-image":"","background-repeat":"repeat","background-position":"center center","background-size":"auto","background-attachment":"scroll","background-type":"","background-media":"","overlay-type":"","overlay-color":"","overlay-opacity":"","overlay-gradient":""}}},"product_brand":[528],"product_cat":[497,292],"product_tag":[],"class_list":{"0":"post-92436","1":"product","2":"type-product","3":"status-publish","4":"has-post-thumbnail","6":"product_brand-sapekor","7":"product_cat-fordon","8":"product_cat-temalek","9":"desktop-align-center","10":"tablet-align-left","11":"mobile-align-left","13":"first","14":"instock","15":"taxable","16":"shipping-taxable","17":"purchasable","18":"product-type-simple"},"_links":{"self":[{"href":"https:\/\/readymade.se\/lekplats\/wp-json\/wp\/v2\/product\/92436","targetHints":{"allow":["GET"]}}],"collection":[{"href":"https:\/\/readymade.se\/lekplats\/wp-json\/wp\/v2\/product"}],"about":[{"href":"https:\/\/readymade.se\/lekplats\/wp-json\/wp\/v2\/types\/product"}],"wp:featuredmedia":[{"embeddable":true,"href":"https:\/\/readymade.se\/lekplats\/wp-json\/wp\/v2\/media\/91027"}],"wp:attachment":[{"href":"https:\/\/readymade.se\/lekplats\/wp-json\/wp\/v2\/media?parent=92436"}],"wp:term":[{"taxonomy":"product_brand","embeddable":true,"href":"https:\/\/readymade.se\/lekplats\/wp-json\/wp\/v2\/product_brand?post=92436"},{"taxonomy":"product_cat","embeddable":true,"href":"https:\/\/readymade.se\/lekplats\/wp-json\/wp\/v2\/product_cat?post=92436"},{"taxonomy":"product_tag","embeddable":true,"href":"https:\/\/readymade.se\/lekplats\/wp-json\/wp\/v2\/product_tag?post=92436"}],"curies":[{"name":"wp","href":"https:\/\/api.w.org\/{rel}","templated":true}]}}