{"id":92435,"date":"2025-11-22T00:59:50","date_gmt":"2025-11-21T23:59:50","guid":{"rendered":"https:\/\/readymade.se\/core\/produkt\/barnens-hus-12082\/"},"modified":"2025-12-09T10:53:33","modified_gmt":"2025-12-09T09:53:33","slug":"lekstuga-12082","status":"publish","type":"product","link":"https:\/\/readymade.se\/lekplats\/produkt\/lekstuga-12082\/","title":{"rendered":"Lekstuga 12082"},"content":{"rendered":"<p>Lilla huset lilla huset 12082 \u00e4r ett lekelement avsett f\u00f6r barn fr\u00e5n 2 \u00e5r. Den \u00e4r utrustad med en baldakin. Inne i huset finns tv\u00e5 b\u00e4nkar och ett bord f\u00f6r en stunds vila, f\u00f6ljt av ett omr\u00e5de d\u00e4r barn kan f\u00f6rb\u00e4ttra sin finmotorik p\u00e5 labyrinten med plasthjul, eller testa sina matematiska f\u00e4rdigheter p\u00e5 kulramen. H\u00e4r kan barn tr\u00e4ffa nya v\u00e4nner. Detta lekelement kr\u00e4ver ingen speciell slagyta, gr\u00e4smattan \u00e4r tillr\u00e4cklig. Konstruktion i rostfritt st\u00e5l och h\u00f6gkvalitativ HDPE-plast garanterar underh\u00e5llsfri och l\u00e5ng livsl\u00e4ngd f\u00f6r hela lekelementet. Den \u00e4r l\u00e4mplig f\u00f6r en lekplats, en dagistr\u00e4dg\u00e5rd, en restaurangtr\u00e4dg\u00e5rd, ett k\u00f6pcentrum, en park, etc. Anv\u00e4ndbarhet av lekelementet: etablera kontakter under vila, finmotorik, matematiska f\u00e4rdigheter Intyg om \u00f6verensst\u00e4mmelse med standarden: EN 1176-1 Rekommenderad slagyta: gummibel\u00e4ggning, gr\u00e4s, ankgr\u00e4s<\/p>\n","protected":false},"excerpt":{"rendered":"<p>Lilla huset lilla huset 12082 \u00e4r ett lekelement avsett f\u00f6r barn fr\u00e5n 2 \u00e5r. Den \u00e4r utrustad med en baldakin. Inne i huset finns tv\u00e5 b\u00e4nkar och ett bord f\u00f6r en stunds vila, f\u00f6ljt av ett omr\u00e5de d\u00e4r barn kan f\u00f6rb\u00e4ttra sin finmotorik i en labyrint med plasthjul, eller testa sina matematiska&#8230;<\/p>\n","protected":false},"featured_media":91025,"template":"","meta":{"site-sidebar-layout":"","site-content-layout":"","ast-site-content-layout":"","site-content-style":"","site-sidebar-style":"","ast-global-header-display":"","ast-banner-title-visibility":"","ast-main-header-display":"","ast-hfb-above-header-display":"","ast-hfb-below-header-display":"","ast-hfb-mobile-header-display":"","site-post-title":"","ast-breadcrumbs-content":"","ast-featured-img":"","footer-sml-layout":"","theme-transparent-header-meta":"","adv-header-id-meta":"","stick-header-meta":"","header-above-stick-meta":"","header-main-stick-meta":"","header-below-stick-meta":"","astra-migrate-meta-layouts":"","ast-page-background-enabled":"default","ast-page-background-meta":{"desktop":{"background-color":"var(--ast-global-color-5)","background-image":"","background-repeat":"repeat","background-position":"center center","background-size":"auto","background-attachment":"scroll","background-type":"","background-media":"","overlay-type":"","overlay-color":"","overlay-opacity":"","overlay-gradient":""},"tablet":{"background-color":"","background-image":"","background-repeat":"repeat","background-position":"center center","background-size":"auto","background-attachment":"scroll","background-type":"","background-media":"","overlay-type":"","overlay-color":"","overlay-opacity":"","overlay-gradient":""},"mobile":{"background-color":"","background-image":"","background-repeat":"repeat","background-position":"center center","background-size":"auto","background-attachment":"scroll","background-type":"","background-media":"","overlay-type":"","overlay-color":"","overlay-opacity":"","overlay-gradient":""}},"ast-content-background-meta":{"desktop":{"background-color":"var(--ast-global-color-4)","background-image":"","background-repeat":"repeat","background-position":"center center","background-size":"auto","background-attachment":"scroll","background-type":"","background-media":"","overlay-type":"","overlay-color":"","overlay-opacity":"","overlay-gradient":""},"tablet":{"background-color":"var(--ast-global-color-4)","background-image":"","background-repeat":"repeat","background-position":"center center","background-size":"auto","background-attachment":"scroll","background-type":"","background-media":"","overlay-type":"","overlay-color":"","overlay-opacity":"","overlay-gradient":""},"mobile":{"background-color":"var(--ast-global-color-4)","background-image":"","background-repeat":"repeat","background-position":"center center","background-size":"auto","background-attachment":"scroll","background-type":"","background-media":"","overlay-type":"","overlay-color":"","overlay-opacity":"","overlay-gradient":""}}},"product_brand":[528],"product_cat":[148],"product_tag":[],"class_list":{"0":"post-92435","1":"product","2":"type-product","3":"status-publish","4":"has-post-thumbnail","6":"product_brand-sapekor","7":"product_cat-lekhus","8":"desktop-align-center","9":"tablet-align-left","10":"mobile-align-left","12":"first","13":"instock","14":"taxable","15":"shipping-taxable","16":"purchasable","17":"product-type-simple"},"_links":{"self":[{"href":"https:\/\/readymade.se\/lekplats\/wp-json\/wp\/v2\/product\/92435","targetHints":{"allow":["GET"]}}],"collection":[{"href":"https:\/\/readymade.se\/lekplats\/wp-json\/wp\/v2\/product"}],"about":[{"href":"https:\/\/readymade.se\/lekplats\/wp-json\/wp\/v2\/types\/product"}],"wp:featuredmedia":[{"embeddable":true,"href":"https:\/\/readymade.se\/lekplats\/wp-json\/wp\/v2\/media\/91025"}],"wp:attachment":[{"href":"https:\/\/readymade.se\/lekplats\/wp-json\/wp\/v2\/media?parent=92435"}],"wp:term":[{"taxonomy":"product_brand","embeddable":true,"href":"https:\/\/readymade.se\/lekplats\/wp-json\/wp\/v2\/product_brand?post=92435"},{"taxonomy":"product_cat","embeddable":true,"href":"https:\/\/readymade.se\/lekplats\/wp-json\/wp\/v2\/product_cat?post=92435"},{"taxonomy":"product_tag","embeddable":true,"href":"https:\/\/readymade.se\/lekplats\/wp-json\/wp\/v2\/product_tag?post=92435"}],"curies":[{"name":"wp","href":"https:\/\/api.w.org\/{rel}","templated":true}]}}