{"id":92369,"date":"2025-11-22T00:13:04","date_gmt":"2025-11-21T23:13:04","guid":{"rendered":"https:\/\/readymade.se\/core\/produkt\/robinia-gungbrada-sjohast\/"},"modified":"2026-02-28T17:10:20","modified_gmt":"2026-02-28T16:10:20","slug":"robinia-gungbrada-sjohast","status":"publish","type":"product","link":"https:\/\/readymade.se\/lekplats\/produkt\/robinia-gungbrada-sjohast\/","title":{"rendered":"Robinia gungbr\u00e4da, sj\u00f6h\u00e4st"},"content":{"rendered":"<p>Sj\u00f6h\u00e4sten \u00e4r en liten robiniagungbr\u00e4da monterad p\u00e5 fj\u00e4der och passar bra f\u00f6r individuell lek. Gungbr\u00e4dan \u00e4r utrustad med fotst\u00f6d och handtag, vilket g\u00f6r den enkel f\u00f6r barnet att s\u00e4tta i r\u00f6relse. En tidl\u00f6s lekplatsklassiker som tr\u00e4nar balans och r\u00f6relsegl\u00e4dje.<\/p>\n","protected":false},"excerpt":{"rendered":"<p>Klassisk enmansgungbr\u00e4da p\u00e5 fj\u00e4der med lekfull sj\u00f6h\u00e4stform.<\/p>\n","protected":false},"featured_media":124362,"template":"","meta":{"site-sidebar-layout":"","site-content-layout":"","ast-site-content-layout":"","site-content-style":"","site-sidebar-style":"","ast-global-header-display":"","ast-banner-title-visibility":"","ast-main-header-display":"","ast-hfb-above-header-display":"","ast-hfb-below-header-display":"","ast-hfb-mobile-header-display":"","site-post-title":"","ast-breadcrumbs-content":"","ast-featured-img":"","footer-sml-layout":"","theme-transparent-header-meta":"","adv-header-id-meta":"","stick-header-meta":"","header-above-stick-meta":"","header-main-stick-meta":"","header-below-stick-meta":"","astra-migrate-meta-layouts":"","ast-page-background-enabled":"default","ast-page-background-meta":{"desktop":{"background-color":"var(--ast-global-color-5)","background-image":"","background-repeat":"repeat","background-position":"center center","background-size":"auto","background-attachment":"scroll","background-type":"","background-media":"","overlay-type":"","overlay-color":"","overlay-opacity":"","overlay-gradient":""},"tablet":{"background-color":"","background-image":"","background-repeat":"repeat","background-position":"center center","background-size":"auto","background-attachment":"scroll","background-type":"","background-media":"","overlay-type":"","overlay-color":"","overlay-opacity":"","overlay-gradient":""},"mobile":{"background-color":"","background-image":"","background-repeat":"repeat","background-position":"center center","background-size":"auto","background-attachment":"scroll","background-type":"","background-media":"","overlay-type":"","overlay-color":"","overlay-opacity":"","overlay-gradient":""}},"ast-content-background-meta":{"desktop":{"background-color":"var(--ast-global-color-4)","background-image":"","background-repeat":"repeat","background-position":"center center","background-size":"auto","background-attachment":"scroll","background-type":"","background-media":"","overlay-type":"","overlay-color":"","overlay-opacity":"","overlay-gradient":""},"tablet":{"background-color":"var(--ast-global-color-4)","background-image":"","background-repeat":"repeat","background-position":"center center","background-size":"auto","background-attachment":"scroll","background-type":"","background-media":"","overlay-type":"","overlay-color":"","overlay-opacity":"","overlay-gradient":""},"mobile":{"background-color":"var(--ast-global-color-4)","background-image":"","background-repeat":"repeat","background-position":"center center","background-size":"auto","background-attachment":"scroll","background-type":"","background-media":"","overlay-type":"","overlay-color":"","overlay-opacity":"","overlay-gradient":""}}},"product_brand":[527],"product_cat":[564,52],"product_tag":[446],"class_list":{"0":"post-92369","1":"product","2":"type-product","3":"status-publish","4":"has-post-thumbnail","6":"product_brand-guldborg","7":"product_cat-fjadergungor","8":"product_cat-vippredskap","9":"product_tag-readymade-woods","10":"desktop-align-center","11":"tablet-align-left","12":"mobile-align-left","14":"first","15":"instock","16":"taxable","17":"shipping-taxable","18":"purchasable","19":"product-type-simple"},"_links":{"self":[{"href":"https:\/\/readymade.se\/lekplats\/wp-json\/wp\/v2\/product\/92369","targetHints":{"allow":["GET"]}}],"collection":[{"href":"https:\/\/readymade.se\/lekplats\/wp-json\/wp\/v2\/product"}],"about":[{"href":"https:\/\/readymade.se\/lekplats\/wp-json\/wp\/v2\/types\/product"}],"wp:featuredmedia":[{"embeddable":true,"href":"https:\/\/readymade.se\/lekplats\/wp-json\/wp\/v2\/media\/124362"}],"wp:attachment":[{"href":"https:\/\/readymade.se\/lekplats\/wp-json\/wp\/v2\/media?parent=92369"}],"wp:term":[{"taxonomy":"product_brand","embeddable":true,"href":"https:\/\/readymade.se\/lekplats\/wp-json\/wp\/v2\/product_brand?post=92369"},{"taxonomy":"product_cat","embeddable":true,"href":"https:\/\/readymade.se\/lekplats\/wp-json\/wp\/v2\/product_cat?post=92369"},{"taxonomy":"product_tag","embeddable":true,"href":"https:\/\/readymade.se\/lekplats\/wp-json\/wp\/v2\/product_tag?post=92369"}],"curies":[{"name":"wp","href":"https:\/\/api.w.org\/{rel}","templated":true}]}}