{"id":92339,"date":"2025-11-22T00:12:57","date_gmt":"2025-11-21T23:12:57","guid":{"rendered":"https:\/\/readymade.se\/core\/produkt\/robinia-balanseringsbalk\/"},"modified":"2026-02-27T19:51:19","modified_gmt":"2026-02-27T18:51:19","slug":"robinia-balanseringsbalk","status":"publish","type":"product","link":"https:\/\/readymade.se\/lekplats\/produkt\/robinia-balanseringsbalk\/","title":{"rendered":"Robinia balanseringsbalk"},"content":{"rendered":"<p>Balansbana, 35-serien best\u00e5r av ett stort antal element som kan fungera individuellt eller kombineras, kombineras och ut\u00f6kas efter behov och \u00f6nskem\u00e5l. Alla modull\u00e4ngder i 35-serien \u00e4r 2,5 meter l\u00e5nga.<\/p>\n<p><strong>Produktdimensioner (LxH):<\/strong>\u00a02.5&#215;0.40m<br \/>\n<strong>S\u00e4kerhetsavst\u00e5nd (BxL):\u00a0<\/strong>5.5&#215;3.3m<br \/>\n<strong>S\u00e4kerhetsavst\u00e5nd (m\u00b2):<\/strong>\u00a017m\u00b2<br \/>\n<strong>H\u00f6gsta fallh\u00f6jd:<\/strong>\u00a00.40m<br \/>\n<strong>\u00c5lder:<\/strong>\u00a01+<br \/>\n<strong>Vikt:<\/strong>\u00a050kg<br \/>\n<strong>Monteringstid:\u00a0<\/strong>2h<\/p>\n","protected":false},"excerpt":{"rendered":"<p>Balansbana, 35-serien best\u00e5r av ett stort antal element som kan fungera individuellt eller kombineras, kombineras och ut\u00f6kas efter behov och \u00f6nskem\u00e5l. Alla modull\u00e4ngder i 35-serien&#8230;<\/p>\n","protected":false},"featured_media":123442,"template":"","meta":{"site-sidebar-layout":"default","site-content-layout":"","ast-site-content-layout":"default","site-content-style":"default","site-sidebar-style":"default","ast-global-header-display":"","ast-banner-title-visibility":"","ast-main-header-display":"","ast-hfb-above-header-display":"","ast-hfb-below-header-display":"","ast-hfb-mobile-header-display":"","site-post-title":"","ast-breadcrumbs-content":"","ast-featured-img":"","footer-sml-layout":"","theme-transparent-header-meta":"default","adv-header-id-meta":"","stick-header-meta":"","header-above-stick-meta":"","header-main-stick-meta":"","header-below-stick-meta":"","astra-migrate-meta-layouts":"set","ast-page-background-enabled":"default","ast-page-background-meta":{"desktop":{"background-color":"var(--ast-global-color-5)","background-image":"","background-repeat":"repeat","background-position":"center center","background-size":"auto","background-attachment":"scroll","background-type":"","background-media":"","overlay-type":"","overlay-color":"","overlay-opacity":"","overlay-gradient":""},"tablet":{"background-color":"","background-image":"","background-repeat":"repeat","background-position":"center center","background-size":"auto","background-attachment":"scroll","background-type":"","background-media":"","overlay-type":"","overlay-color":"","overlay-opacity":"","overlay-gradient":""},"mobile":{"background-color":"","background-image":"","background-repeat":"repeat","background-position":"center center","background-size":"auto","background-attachment":"scroll","background-type":"","background-media":"","overlay-type":"","overlay-color":"","overlay-opacity":"","overlay-gradient":""}},"ast-content-background-meta":{"desktop":{"background-color":"var(--ast-global-color-4)","background-image":"","background-repeat":"repeat","background-position":"center center","background-size":"auto","background-attachment":"scroll","background-type":"","background-media":"","overlay-type":"","overlay-color":"","overlay-opacity":"","overlay-gradient":""},"tablet":{"background-color":"var(--ast-global-color-4)","background-image":"","background-repeat":"repeat","background-position":"center center","background-size":"auto","background-attachment":"scroll","background-type":"","background-media":"","overlay-type":"","overlay-color":"","overlay-opacity":"","overlay-gradient":""},"mobile":{"background-color":"var(--ast-global-color-4)","background-image":"","background-repeat":"repeat","background-position":"center center","background-size":"auto","background-attachment":"scroll","background-type":"","background-media":"","overlay-type":"","overlay-color":"","overlay-opacity":"","overlay-gradient":""}}},"product_brand":[527],"product_cat":[55],"product_tag":[567,446],"class_list":{"0":"post-92339","1":"product","2":"type-product","3":"status-publish","4":"has-post-thumbnail","6":"product_brand-guldborg","7":"product_cat-balans-motorik","8":"product_tag-core-balans-motorik","9":"product_tag-readymade-woods","10":"desktop-align-center","11":"tablet-align-left","12":"mobile-align-left","14":"first","15":"instock","16":"taxable","17":"shipping-taxable","18":"purchasable","19":"product-type-simple"},"_links":{"self":[{"href":"https:\/\/readymade.se\/lekplats\/wp-json\/wp\/v2\/product\/92339","targetHints":{"allow":["GET"]}}],"collection":[{"href":"https:\/\/readymade.se\/lekplats\/wp-json\/wp\/v2\/product"}],"about":[{"href":"https:\/\/readymade.se\/lekplats\/wp-json\/wp\/v2\/types\/product"}],"wp:featuredmedia":[{"embeddable":true,"href":"https:\/\/readymade.se\/lekplats\/wp-json\/wp\/v2\/media\/123442"}],"wp:attachment":[{"href":"https:\/\/readymade.se\/lekplats\/wp-json\/wp\/v2\/media?parent=92339"}],"wp:term":[{"taxonomy":"product_brand","embeddable":true,"href":"https:\/\/readymade.se\/lekplats\/wp-json\/wp\/v2\/product_brand?post=92339"},{"taxonomy":"product_cat","embeddable":true,"href":"https:\/\/readymade.se\/lekplats\/wp-json\/wp\/v2\/product_cat?post=92339"},{"taxonomy":"product_tag","embeddable":true,"href":"https:\/\/readymade.se\/lekplats\/wp-json\/wp\/v2\/product_tag?post=92339"}],"curies":[{"name":"wp","href":"https:\/\/api.w.org\/{rel}","templated":true}]}}