{"id":90869,"date":"2025-11-20T14:40:01","date_gmt":"2025-11-20T13:40:01","guid":{"rendered":"https:\/\/readymade.se\/core\/?post_type=product&#038;p=90869"},"modified":"2026-03-03T16:07:49","modified_gmt":"2026-03-03T15:07:49","slug":"decoy","status":"publish","type":"product","link":"https:\/\/readymade.se\/lekplats\/produkt\/decoy\/","title":{"rendered":"Decoy"},"content":{"rendered":"<p>Hotell Lobby | Restaurang | Fritidsaktiviteter | Aktivitetscenter | Evenemang | Skolor<\/p>\n<div class=\"elementor-element elementor-element-0585dde elementor-widget elementor-widget-heading\" data-id=\"0585dde\" data-element_type=\"widget\" data-widget_type=\"heading.default\">\n<h2 class=\"elementor-heading-title elementor-size-default\">Testa v\u00e5rt nya spel Decoy &#8211; ett \u00e4ventyr p\u00e5 de sju haven!<\/h2>\n<\/div>\n<div class=\"elementor-element elementor-element-d4b91b0 elementor-widget elementor-widget-text-editor\" data-id=\"d4b91b0\" data-element_type=\"widget\" data-widget_type=\"text-editor.default\">\n<p>F\u00f6rest\u00e4ll dig att du tillh\u00f6r bes\u00e4ttningen p\u00e5 ett stort piratskepp. Du seglar fram \u00f6ver stormigt hav och framf\u00f6r dig v\u00e4ntar en hemlig fiende, en armada best\u00e5ende av 4 skepp dolda bakom de h\u00f6ga v\u00e5gorna i nattens m\u00f6rker. Du laddar kanonen och skjuter!<\/p>\n<p>Bakom vardera av de 25 luckorna finns en m\u00f6jlighet till tr\u00e4ff. Du kan tr\u00e4ffa ett st\u00f6rre eller ett mindre skepp vilka din motst\u00e5ndare har h\u00e4ngt upp p\u00e5 baksidan av tr\u00e4ffytan. Han vet mera \u00e4n dig om skeppens placering. Mera \u00e4n vad han vill avsl\u00f6ja med sina egna kast?<\/p>\n<p>Namnet \u201dDECOY\u201d ger dig en ledtr\u00e5d till vad allting handlar om: \u201ddeception\u201d \u2013 bedr\u00e4geri, vilseledning, myteri!<\/p>\n<p><em>\u201dA decoy is a person, object, or action used to lure, trick, or distract someone or something into a trap, danger, or a specific location, commonly seen in hunting (like fake birds to attract game), military strategy (dummy tanks\/planes to deceive enemies), and law enforcement (undercover officers\/bait cars to catch criminals). It works by mimicking the real thing to attract its target, making it a versatile tool for deception across many fields\u201d<\/em><\/p>\n<\/div>\n<div class=\"elementor-element elementor-element-0e11d54 elementor-widget elementor-widget-heading\" data-id=\"0e11d54\" data-element_type=\"widget\" data-widget_type=\"heading.default\">\n<h2 class=\"elementor-heading-title elementor-size-default\">Spelregler &#8211; kom ig\u00e5ng p\u00e5 1 minut!<\/h2>\n<\/div>\n<div class=\"elementor-element elementor-element-707c6e6 elementor-widget elementor-widget-text-editor\" data-id=\"707c6e6\" data-element_type=\"widget\" data-widget_type=\"text-editor.default\">\n<ul>\n<li>Spelare 1 \u201dPiraten\u201d placerar ut 4 skepp + bomb.<\/li>\n<li>D\u00e4refter b\u00f6rjar spelet med varsitt bollkast.<\/li>\n<li>Spelare 2 \u201dAmiralen\u201d kastar f\u00f6rst. Amiralen vinner vid tr\u00e4ff av 2 kompletta skepp.<\/li>\n<li>Piraten vinner vid 7 havstr\u00e4ffar.<\/li>\n<li>Tr\u00e4ff av havsminan inneb\u00e4r omedelbar f\u00f6rlust!\n<p>(Antal master visar skeppens storlek!)<\/p>\n<p>Antal spelomg\u00e5ngar best\u00e4ms av spelarna.<\/li>\n<\/ul>\n<\/div>\n","protected":false},"excerpt":{"rendered":"<p>Hotell Lobby | Restaurang | Fritidsaktiviteter | Aktivitetscenter | Evenemang | Skolor Testa v\u00e5rt nya spel Decoy &#8211; ett \u00e4ventyr [&hellip;]<\/p>\n","protected":false},"featured_media":125448,"template":"","meta":{"site-sidebar-layout":"default","site-content-layout":"","ast-site-content-layout":"default","site-content-style":"default","site-sidebar-style":"default","ast-global-header-display":"","ast-banner-title-visibility":"","ast-main-header-display":"","ast-hfb-above-header-display":"","ast-hfb-below-header-display":"","ast-hfb-mobile-header-display":"","site-post-title":"","ast-breadcrumbs-content":"","ast-featured-img":"","footer-sml-layout":"","theme-transparent-header-meta":"default","adv-header-id-meta":"","stick-header-meta":"","header-above-stick-meta":"","header-main-stick-meta":"","header-below-stick-meta":"","astra-migrate-meta-layouts":"set","ast-page-background-enabled":"default","ast-page-background-meta":{"desktop":{"background-color":"var(--ast-global-color-5)","background-image":"","background-repeat":"repeat","background-position":"center center","background-size":"auto","background-attachment":"scroll","background-type":"","background-media":"","overlay-type":"","overlay-color":"","overlay-opacity":"","overlay-gradient":""},"tablet":{"background-color":"","background-image":"","background-repeat":"repeat","background-position":"center center","background-size":"auto","background-attachment":"scroll","background-type":"","background-media":"","overlay-type":"","overlay-color":"","overlay-opacity":"","overlay-gradient":""},"mobile":{"background-color":"","background-image":"","background-repeat":"repeat","background-position":"center center","background-size":"auto","background-attachment":"scroll","background-type":"","background-media":"","overlay-type":"","overlay-color":"","overlay-opacity":"","overlay-gradient":""}},"ast-content-background-meta":{"desktop":{"background-color":"var(--ast-global-color-4)","background-image":"","background-repeat":"repeat","background-position":"center center","background-size":"auto","background-attachment":"scroll","background-type":"","background-media":"","overlay-type":"","overlay-color":"","overlay-opacity":"","overlay-gradient":""},"tablet":{"background-color":"var(--ast-global-color-4)","background-image":"","background-repeat":"repeat","background-position":"center center","background-size":"auto","background-attachment":"scroll","background-type":"","background-media":"","overlay-type":"","overlay-color":"","overlay-opacity":"","overlay-gradient":""},"mobile":{"background-color":"var(--ast-global-color-4)","background-image":"","background-repeat":"repeat","background-position":"center center","background-size":"auto","background-attachment":"scroll","background-type":"","background-media":"","overlay-type":"","overlay-color":"","overlay-opacity":"","overlay-gradient":""}}},"product_brand":[529],"product_cat":[427],"product_tag":[552,540,462],"class_list":{"0":"post-90869","1":"product","2":"type-product","3":"status-publish","4":"has-post-thumbnail","6":"product_brand-readymade","7":"product_cat-spel","8":"product_tag-docks","9":"product_tag-readymade-elements","10":"product_tag-spel","11":"desktop-align-center","12":"tablet-align-left","13":"mobile-align-left","15":"first","16":"instock","17":"taxable","18":"shipping-taxable","19":"purchasable","20":"product-type-simple"},"_links":{"self":[{"href":"https:\/\/readymade.se\/lekplats\/wp-json\/wp\/v2\/product\/90869","targetHints":{"allow":["GET"]}}],"collection":[{"href":"https:\/\/readymade.se\/lekplats\/wp-json\/wp\/v2\/product"}],"about":[{"href":"https:\/\/readymade.se\/lekplats\/wp-json\/wp\/v2\/types\/product"}],"wp:featuredmedia":[{"embeddable":true,"href":"https:\/\/readymade.se\/lekplats\/wp-json\/wp\/v2\/media\/125448"}],"wp:attachment":[{"href":"https:\/\/readymade.se\/lekplats\/wp-json\/wp\/v2\/media?parent=90869"}],"wp:term":[{"taxonomy":"product_brand","embeddable":true,"href":"https:\/\/readymade.se\/lekplats\/wp-json\/wp\/v2\/product_brand?post=90869"},{"taxonomy":"product_cat","embeddable":true,"href":"https:\/\/readymade.se\/lekplats\/wp-json\/wp\/v2\/product_cat?post=90869"},{"taxonomy":"product_tag","embeddable":true,"href":"https:\/\/readymade.se\/lekplats\/wp-json\/wp\/v2\/product_tag?post=90869"}],"curies":[{"name":"wp","href":"https:\/\/api.w.org\/{rel}","templated":true}]}}