{"id":90863,"date":"2025-11-20T14:37:13","date_gmt":"2025-11-20T13:37:13","guid":{"rendered":"https:\/\/readymade.se\/core\/?post_type=product&#038;p=90863"},"modified":"2026-03-05T14:46:54","modified_gmt":"2026-03-05T13:46:54","slug":"galaxy","status":"publish","type":"product","link":"https:\/\/readymade.se\/lekplats\/produkt\/galaxy\/","title":{"rendered":"Galaxy"},"content":{"rendered":"<p>Hotell Lobby | Restaurang | Fritidsaktiviteter | Aktivitetscenter | Evenemang | Skolor<\/p>\n<div class=\"elementor-element elementor-element-5dc0b72 elementor-widget elementor-widget-heading\" data-id=\"5dc0b72\" data-element_type=\"widget\" data-widget_type=\"heading.default\">\n<h2 class=\"elementor-heading-title elementor-size-default\">Testa v\u00e5rt nya spel Galaxy &#8211; ett sp\u00e4nnande rymd\u00e4ventyr!<\/h2>\n<\/div>\n<div class=\"elementor-element elementor-element-7125c34 elementor-widget elementor-widget-text-editor\" data-id=\"7125c34\" data-element_type=\"widget\" data-widget_type=\"text-editor.default\">\n<p>Du \u00e4r nu l\u00e5ngt utanf\u00f6r Vintergatans galax\u201d \u2013 en rymdfarare som utmanar fysikens gr\u00e4nser.<\/p>\n<p>Ett svart h\u00e5l riskerar sluka all energi i mitten av spelet.<\/p>\n<\/div>\n<div class=\"elementor-element elementor-element-ea860a3 elementor-widget elementor-widget-heading\" data-id=\"ea860a3\" data-element_type=\"widget\" data-widget_type=\"heading.default\">\n<h2 class=\"elementor-heading-title elementor-size-default\">Spelregler &#8211; f\u00f6r upp till 6 spelare!<\/h2>\n<\/div>\n<div class=\"elementor-element elementor-element-0121b85 elementor-widget elementor-widget-text-editor\" data-id=\"0121b85\" data-element_type=\"widget\" data-widget_type=\"text-editor.default\">\n<ul>\n<li>Sl\u00e5 dig ner p\u00e5 ledig plats i en Galax.<\/li>\n<li>Placera ut 5 bollar i bollhyllan.<\/li>\n<li>Yngst spelare b\u00f6rjar.<\/li>\n<li>Spelaren som b\u00f6rjar f\u00e4ller ned sin \u201dGalaxsk\u00f6ld\u201d\u00a0 dvs. bollhylla \/ staket.<\/li>\n<li>Pendeln f\u00e5r sedan dras till bordytans ytterkant och sl\u00e4pps d\u00e4refter f\u00f6r att tr\u00e4ffa bollarna p\u00e5 motst\u00e5ende Galax dvs. din egen Galax med dina 5 bollar.Du har allts\u00e5 din galax rakt \u00f6ver d\u00e4r du sitter.<\/li>\n<li>Den som sl\u00e4pper pendeln avg\u00f6r hur l\u00e4nge pendeln skall pendla och pendeln f\u00e5r endast sl\u00e4ppas 1 g\u00e5ng per spelomg\u00e5ng.<\/li>\n<li>Efter pendling skall spelaren f\u00e4lla upp sin \u201dGalaxsk\u00f6ld\u201d och turen g\u00e5r vidare i medsols riktning.<\/li>\n<li>Om bollen\/bollarna inte stannar i h\u00e5len p\u00e5 spelytan kommer de att slukas upp av \u201dSvarta h\u00e5let\u201d, som leden bollen tillbaka till aktiv spelare.<\/li>\n<li>Denna boll f\u00e5r d\u00e5 \u2013 vid ledig plats p\u00e5 bollhyllan\u00a0 \u2013 placeras p\u00e5 bollhyllan.Om bollhyllan \u00e4r full skall bollen placeras i boll\u00e5dan under din spelplats till dess att den kan placeras p\u00e5 ledig plats.<\/li>\n<li>3 bollar i rad p\u00e5 \u201ddin\u201d spelyta avg\u00f6r spelomg\u00e5ngen.Antal spelomg\u00e5ngar best\u00e4ms av spelarna.<\/li>\n<\/ul>\n<\/div>\n","protected":false},"excerpt":{"rendered":"<p>Hotell Lobby | Restaurang | Fritidsaktiviteter | Aktivitetscenter | Evenemang | Skolor Testa v\u00e5rt nya spel Galaxy &#8211; ett sp\u00e4nnande [&hellip;]<\/p>\n","protected":false},"featured_media":125446,"template":"","meta":{"site-sidebar-layout":"default","site-content-layout":"","ast-site-content-layout":"default","site-content-style":"default","site-sidebar-style":"default","ast-global-header-display":"","ast-banner-title-visibility":"","ast-main-header-display":"","ast-hfb-above-header-display":"","ast-hfb-below-header-display":"","ast-hfb-mobile-header-display":"","site-post-title":"","ast-breadcrumbs-content":"","ast-featured-img":"","footer-sml-layout":"","theme-transparent-header-meta":"default","adv-header-id-meta":"","stick-header-meta":"","header-above-stick-meta":"","header-main-stick-meta":"","header-below-stick-meta":"","astra-migrate-meta-layouts":"set","ast-page-background-enabled":"default","ast-page-background-meta":{"desktop":{"background-color":"var(--ast-global-color-5)","background-image":"","background-repeat":"repeat","background-position":"center center","background-size":"auto","background-attachment":"scroll","background-type":"","background-media":"","overlay-type":"","overlay-color":"","overlay-opacity":"","overlay-gradient":""},"tablet":{"background-color":"","background-image":"","background-repeat":"repeat","background-position":"center center","background-size":"auto","background-attachment":"scroll","background-type":"","background-media":"","overlay-type":"","overlay-color":"","overlay-opacity":"","overlay-gradient":""},"mobile":{"background-color":"","background-image":"","background-repeat":"repeat","background-position":"center center","background-size":"auto","background-attachment":"scroll","background-type":"","background-media":"","overlay-type":"","overlay-color":"","overlay-opacity":"","overlay-gradient":""}},"ast-content-background-meta":{"desktop":{"background-color":"var(--ast-global-color-4)","background-image":"","background-repeat":"repeat","background-position":"center center","background-size":"auto","background-attachment":"scroll","background-type":"","background-media":"","overlay-type":"","overlay-color":"","overlay-opacity":"","overlay-gradient":""},"tablet":{"background-color":"var(--ast-global-color-4)","background-image":"","background-repeat":"repeat","background-position":"center center","background-size":"auto","background-attachment":"scroll","background-type":"","background-media":"","overlay-type":"","overlay-color":"","overlay-opacity":"","overlay-gradient":""},"mobile":{"background-color":"var(--ast-global-color-4)","background-image":"","background-repeat":"repeat","background-position":"center center","background-size":"auto","background-attachment":"scroll","background-type":"","background-media":"","overlay-type":"","overlay-color":"","overlay-opacity":"","overlay-gradient":""}}},"product_brand":[529],"product_cat":[427],"product_tag":[552,540,462],"class_list":{"0":"post-90863","1":"product","2":"type-product","3":"status-publish","4":"has-post-thumbnail","6":"product_brand-readymade","7":"product_cat-spel","8":"product_tag-docks","9":"product_tag-readymade-elements","10":"product_tag-spel","11":"desktop-align-center","12":"tablet-align-left","13":"mobile-align-left","15":"first","16":"instock","17":"taxable","18":"shipping-taxable","19":"purchasable","20":"product-type-simple"},"_links":{"self":[{"href":"https:\/\/readymade.se\/lekplats\/wp-json\/wp\/v2\/product\/90863","targetHints":{"allow":["GET"]}}],"collection":[{"href":"https:\/\/readymade.se\/lekplats\/wp-json\/wp\/v2\/product"}],"about":[{"href":"https:\/\/readymade.se\/lekplats\/wp-json\/wp\/v2\/types\/product"}],"wp:featuredmedia":[{"embeddable":true,"href":"https:\/\/readymade.se\/lekplats\/wp-json\/wp\/v2\/media\/125446"}],"wp:attachment":[{"href":"https:\/\/readymade.se\/lekplats\/wp-json\/wp\/v2\/media?parent=90863"}],"wp:term":[{"taxonomy":"product_brand","embeddable":true,"href":"https:\/\/readymade.se\/lekplats\/wp-json\/wp\/v2\/product_brand?post=90863"},{"taxonomy":"product_cat","embeddable":true,"href":"https:\/\/readymade.se\/lekplats\/wp-json\/wp\/v2\/product_cat?post=90863"},{"taxonomy":"product_tag","embeddable":true,"href":"https:\/\/readymade.se\/lekplats\/wp-json\/wp\/v2\/product_tag?post=90863"}],"curies":[{"name":"wp","href":"https:\/\/api.w.org\/{rel}","templated":true}]}}