{"id":89265,"date":"2025-11-14T06:11:17","date_gmt":"2025-11-14T05:11:17","guid":{"rendered":"https:\/\/readymade.se\/core\/?post_type=product&#038;p=89265"},"modified":"2026-03-03T16:22:03","modified_gmt":"2026-03-03T15:22:03","slug":"goliat-21x12-meter","status":"publish","type":"product","link":"https:\/\/readymade.se\/lekplats\/produkt\/goliat-21x12-meter\/","title":{"rendered":"Goliat 21&#215;12 meter"},"content":{"rendered":"<p>Multiarena Goliat 21 \u00d7 12 meter \u00e4r en rymlig och slitstark aktivitetsarena f\u00f6r milj\u00f6er d\u00e4r m\u00e5nga vill r\u00f6ra sig, spela och ha roligt tillsammans. Den passar utm\u00e4rkt p\u00e5 skolg\u00e5rdar, parker, bostadsomr\u00e5den, idrottsplatser och fritidsg\u00e5rdar. Konstruktionen \u00e4r tillverkad av pulverlackerat, varmf\u00f6rzinkat st\u00e5l f\u00f6r h\u00f6g h\u00e5llfasthet och l\u00e5ng livsl\u00e4ngd. Arenan \u00e4r markf\u00f6rankrad och moduluppbyggd f\u00f6r stabil och s\u00e4ker anv\u00e4ndning. I kortsidorna finns tv\u00e5 fasta fotbollsm\u00e5l (3,00 \u00d7 2,00 m) integrerade i konstruktionen, med basketenheter ovanf\u00f6r varje m\u00e5l. Med inre m\u00e5tt p\u00e5 21 \u00d7 12 m finns gott om plats f\u00f6r lagspel, spontana matcher och intensiv anv\u00e4ndning \u00e5ret runt.<\/p>\n","protected":false},"excerpt":{"rendered":"<p>Stor multiarena 21&#215;12 m f\u00f6r fotboll, basket och intensiv bolllek i offentliga milj\u00f6er.<\/p>\n","protected":false},"featured_media":89267,"template":"","meta":{"site-sidebar-layout":"default","site-content-layout":"","ast-site-content-layout":"default","site-content-style":"default","site-sidebar-style":"default","ast-global-header-display":"","ast-banner-title-visibility":"","ast-main-header-display":"","ast-hfb-above-header-display":"","ast-hfb-below-header-display":"","ast-hfb-mobile-header-display":"","site-post-title":"","ast-breadcrumbs-content":"","ast-featured-img":"","footer-sml-layout":"","theme-transparent-header-meta":"default","adv-header-id-meta":"","stick-header-meta":"","header-above-stick-meta":"","header-main-stick-meta":"","header-below-stick-meta":"","astra-migrate-meta-layouts":"set","ast-page-background-enabled":"default","ast-page-background-meta":{"desktop":{"background-color":"var(--ast-global-color-5)","background-image":"","background-repeat":"repeat","background-position":"center center","background-size":"auto","background-attachment":"scroll","background-type":"","background-media":"","overlay-type":"","overlay-color":"","overlay-opacity":"","overlay-gradient":""},"tablet":{"background-color":"","background-image":"","background-repeat":"repeat","background-position":"center center","background-size":"auto","background-attachment":"scroll","background-type":"","background-media":"","overlay-type":"","overlay-color":"","overlay-opacity":"","overlay-gradient":""},"mobile":{"background-color":"","background-image":"","background-repeat":"repeat","background-position":"center center","background-size":"auto","background-attachment":"scroll","background-type":"","background-media":"","overlay-type":"","overlay-color":"","overlay-opacity":"","overlay-gradient":""}},"ast-content-background-meta":{"desktop":{"background-color":"var(--ast-global-color-4)","background-image":"","background-repeat":"repeat","background-position":"center center","background-size":"auto","background-attachment":"scroll","background-type":"","background-media":"","overlay-type":"","overlay-color":"","overlay-opacity":"","overlay-gradient":""},"tablet":{"background-color":"var(--ast-global-color-4)","background-image":"","background-repeat":"repeat","background-position":"center center","background-size":"auto","background-attachment":"scroll","background-type":"","background-media":"","overlay-type":"","overlay-color":"","overlay-opacity":"","overlay-gradient":""},"mobile":{"background-color":"var(--ast-global-color-4)","background-image":"","background-repeat":"repeat","background-position":"center center","background-size":"auto","background-attachment":"scroll","background-type":"","background-media":"","overlay-type":"","overlay-color":"","overlay-opacity":"","overlay-gradient":""}}},"product_brand":[525],"product_cat":[533,423,369,413],"product_tag":[],"class_list":{"0":"post-89265","1":"product","2":"type-product","3":"status-publish","4":"has-post-thumbnail","6":"product_brand-inter-play","7":"product_cat-bollsport","8":"product_cat-multisportarenor","9":"product_cat-sport-rorelse","10":"product_cat-standardsortiment","11":"desktop-align-center","12":"tablet-align-left","13":"mobile-align-left","15":"first","16":"instock","17":"taxable","18":"shipping-taxable","19":"purchasable","20":"product-type-simple"},"_links":{"self":[{"href":"https:\/\/readymade.se\/lekplats\/wp-json\/wp\/v2\/product\/89265","targetHints":{"allow":["GET"]}}],"collection":[{"href":"https:\/\/readymade.se\/lekplats\/wp-json\/wp\/v2\/product"}],"about":[{"href":"https:\/\/readymade.se\/lekplats\/wp-json\/wp\/v2\/types\/product"}],"wp:featuredmedia":[{"embeddable":true,"href":"https:\/\/readymade.se\/lekplats\/wp-json\/wp\/v2\/media\/89267"}],"wp:attachment":[{"href":"https:\/\/readymade.se\/lekplats\/wp-json\/wp\/v2\/media?parent=89265"}],"wp:term":[{"taxonomy":"product_brand","embeddable":true,"href":"https:\/\/readymade.se\/lekplats\/wp-json\/wp\/v2\/product_brand?post=89265"},{"taxonomy":"product_cat","embeddable":true,"href":"https:\/\/readymade.se\/lekplats\/wp-json\/wp\/v2\/product_cat?post=89265"},{"taxonomy":"product_tag","embeddable":true,"href":"https:\/\/readymade.se\/lekplats\/wp-json\/wp\/v2\/product_tag?post=89265"}],"curies":[{"name":"wp","href":"https:\/\/api.w.org\/{rel}","templated":true}]}}