{"id":89203,"date":"2025-11-14T00:13:43","date_gmt":"2025-11-13T23:13:43","guid":{"rendered":"https:\/\/readymade.se\/core\/?post_type=product&#038;p=89203"},"modified":"2025-11-26T16:30:06","modified_gmt":"2025-11-26T15:30:06","slug":"odlingslada-corten-60x60x60-cm","status":"publish","type":"product","link":"https:\/\/readymade.se\/lekplats\/produkt\/odlingslada-corten-60x60x60-cm\/","title":{"rendered":"Odlingsl\u00e5da Corten 60x60x60 cm"},"content":{"rendered":"<p>Odlingsl\u00e5da Corten 60x60x60 cm<\/p>\n<p><strong>Design: Petteri Wiimaa<\/strong><\/p>\n<p>Cortenst\u00e5l \u00e4r n\u00e4stan som rent kolst\u00e5l, men specialbehandlad s\u00e5 att ytan bildar ett h\u00e5llfast lager mot v\u00e4derf\u00f6rh\u00e5llanderna.\u00a0<strong><span class=\"VIiyi\" lang=\"sv\"><span class=\"JLqJ4b ChMk0b\" data-language-for-alternatives=\"sv\" data-language-to-translate-into=\"en\" data-phrase-index=\"0\" data-number-of-phrases=\"1\"><span class=\"Q4iAWc\">Ytan \u00e4r ursprungligen gr\u00e5aktig, p\u00e5 grund av v\u00e4derf\u00f6rh\u00e5llandena blir den r\u00f6dbrun (liknar rostf\u00e4rgen), som blir m\u00f6rkare med tiden.<\/span><\/span><\/span><\/strong>\u00a0Vid korrekt anv\u00e4ndning \u00e4r Cortenst\u00e5let h\u00e5llfast, l\u00e5ngvarigt och underh\u00e5llsfritt, samt motst\u00e5r tiden p\u00e5 ett unikt s\u00e4tt. Hantverk med robust, sp\u00e4nnande form och god kvalit\u00e9.<\/p>\n<h2>Beskrivning<\/h2>\n<p>&nbsp;<\/p>\n<ul>\n<li>Blomkrukan \u00e4r gjord av 2 mm Cortenst\u00e5l<\/li>\n<li>M\u00e5tt: 60x60x60 cm<\/li>\n<li>Vikt ca 32 kg<\/li>\n<li>Dr\u00e4neringsh\u00e5l i botten<\/li>\n<li>Krukan levereras som delar, ungef\u00e4rlig monteringstid max 30 min<\/li>\n<\/ul>\n<p>&nbsp;<\/p>\n<p>Vi tillverkar produkterna i andra dimensioner helt enligt dina \u00f6nskem\u00e5l.<\/p>\n<p>&nbsp;<\/p>\n<p>Produkter av COR-TEN kan st\u00e5 utomhus \u00e5ret runt. T\u00e4ckning \u00f6ver vintern eller f\u00f6rvaring \u00e4r inte n\u00f6dv\u00e4ndig.\u00a0<a href=\"https:\/\/www.grillsymbol.se\/instructions\/vagledning-for-cor-ten-rostprocessen\/\" target=\"_blank\" rel=\"noopener\">L\u00e4s mer h\u00e4r.<\/a><\/p>\n","protected":false},"excerpt":{"rendered":"<p>Odlingsl\u00e5da Corten 60x60x60 cm Design: Petteri Wiimaa Cortenst\u00e5l \u00e4r n\u00e4stan som rent kolst\u00e5l, men specialbehandlad s\u00e5 att ytan bildar ett [&hellip;]<\/p>\n","protected":false},"featured_media":89205,"template":"","meta":{"site-sidebar-layout":"default","site-content-layout":"","ast-site-content-layout":"default","site-content-style":"default","site-sidebar-style":"default","ast-global-header-display":"","ast-banner-title-visibility":"","ast-main-header-display":"","ast-hfb-above-header-display":"","ast-hfb-below-header-display":"","ast-hfb-mobile-header-display":"","site-post-title":"","ast-breadcrumbs-content":"","ast-featured-img":"","footer-sml-layout":"","theme-transparent-header-meta":"default","adv-header-id-meta":"","stick-header-meta":"","header-above-stick-meta":"","header-main-stick-meta":"","header-below-stick-meta":"","astra-migrate-meta-layouts":"set","ast-page-background-enabled":"default","ast-page-background-meta":{"desktop":{"background-color":"var(--ast-global-color-5)","background-image":"","background-repeat":"repeat","background-position":"center center","background-size":"auto","background-attachment":"scroll","background-type":"","background-media":"","overlay-type":"","overlay-color":"","overlay-opacity":"","overlay-gradient":""},"tablet":{"background-color":"","background-image":"","background-repeat":"repeat","background-position":"center center","background-size":"auto","background-attachment":"scroll","background-type":"","background-media":"","overlay-type":"","overlay-color":"","overlay-opacity":"","overlay-gradient":""},"mobile":{"background-color":"","background-image":"","background-repeat":"repeat","background-position":"center center","background-size":"auto","background-attachment":"scroll","background-type":"","background-media":"","overlay-type":"","overlay-color":"","overlay-opacity":"","overlay-gradient":""}},"ast-content-background-meta":{"desktop":{"background-color":"var(--ast-global-color-4)","background-image":"","background-repeat":"repeat","background-position":"center center","background-size":"auto","background-attachment":"scroll","background-type":"","background-media":"","overlay-type":"","overlay-color":"","overlay-opacity":"","overlay-gradient":""},"tablet":{"background-color":"var(--ast-global-color-4)","background-image":"","background-repeat":"repeat","background-position":"center center","background-size":"auto","background-attachment":"scroll","background-type":"","background-media":"","overlay-type":"","overlay-color":"","overlay-opacity":"","overlay-gradient":""},"mobile":{"background-color":"var(--ast-global-color-4)","background-image":"","background-repeat":"repeat","background-position":"center center","background-size":"auto","background-attachment":"scroll","background-type":"","background-media":"","overlay-type":"","overlay-color":"","overlay-opacity":"","overlay-gradient":""}}},"product_brand":[],"product_cat":[413],"product_tag":[],"class_list":{"0":"post-89203","1":"product","2":"type-product","3":"status-publish","4":"has-post-thumbnail","6":"product_cat-standardsortiment","7":"desktop-align-center","8":"tablet-align-left","9":"mobile-align-left","11":"first","12":"instock","13":"taxable","14":"shipping-taxable","15":"purchasable","16":"product-type-simple"},"_links":{"self":[{"href":"https:\/\/readymade.se\/lekplats\/wp-json\/wp\/v2\/product\/89203","targetHints":{"allow":["GET"]}}],"collection":[{"href":"https:\/\/readymade.se\/lekplats\/wp-json\/wp\/v2\/product"}],"about":[{"href":"https:\/\/readymade.se\/lekplats\/wp-json\/wp\/v2\/types\/product"}],"wp:featuredmedia":[{"embeddable":true,"href":"https:\/\/readymade.se\/lekplats\/wp-json\/wp\/v2\/media\/89205"}],"wp:attachment":[{"href":"https:\/\/readymade.se\/lekplats\/wp-json\/wp\/v2\/media?parent=89203"}],"wp:term":[{"taxonomy":"product_brand","embeddable":true,"href":"https:\/\/readymade.se\/lekplats\/wp-json\/wp\/v2\/product_brand?post=89203"},{"taxonomy":"product_cat","embeddable":true,"href":"https:\/\/readymade.se\/lekplats\/wp-json\/wp\/v2\/product_cat?post=89203"},{"taxonomy":"product_tag","embeddable":true,"href":"https:\/\/readymade.se\/lekplats\/wp-json\/wp\/v2\/product_tag?post=89203"}],"curies":[{"name":"wp","href":"https:\/\/api.w.org\/{rel}","templated":true}]}}