{"id":89149,"date":"2025-11-13T23:05:59","date_gmt":"2025-11-13T22:05:59","guid":{"rendered":"https:\/\/readymade.se\/core\/?post_type=product&#038;p=89149"},"modified":"2025-11-26T16:30:04","modified_gmt":"2025-11-26T15:30:04","slug":"vaderskydd-for-5-cyklar","status":"publish","type":"product","link":"https:\/\/readymade.se\/lekplats\/produkt\/vaderskydd-for-5-cyklar\/","title":{"rendered":"V\u00e4derskydd f\u00f6r 5 cyklar"},"content":{"rendered":"<p data-start=\"0\" data-end=\"71\"><strong data-start=\"0\" data-end=\"69\">V\u00e4derskydd f\u00f6r 5 cyklar \u2013 robust och trygg cykelparkering utomhus<\/strong><\/p>\n<p data-start=\"73\" data-end=\"331\">V\u00e4derskydd f\u00f6r upp till <strong data-start=\"97\" data-end=\"109\">5 cyklar<\/strong> med en stabil st\u00e5lkonstruktion i <strong data-start=\"143\" data-end=\"170\">varmf\u00f6rzinkat utf\u00f6rande<\/strong> och tak i <strong data-start=\"181\" data-end=\"197\">polykarbonat<\/strong>. Skyddet ger cyklarna bra skydd mot regn, sn\u00f6 och sol och passar utm\u00e4rkt vid skolor, arbetsplatser, stationer och i bostadsomr\u00e5den.<\/p>\n<p data-start=\"333\" data-end=\"619\">Konstruktionen \u00e4r dimensionerad f\u00f6r en <strong data-start=\"372\" data-end=\"395\">sn\u00f6last \u2265 300 kg\/m\u00b2<\/strong> och kan vid behov <strong data-start=\"414\" data-end=\"438\">f\u00f6rses med belysning<\/strong> f\u00f6r \u00f6kad trygghet och anv\u00e4ndbarhet under den m\u00f6rka delen av \u00e5ret. V\u00e4derskyddet kan <strong data-start=\"522\" data-end=\"567\">f\u00f6rankras genom gjutning eller med ankare<\/strong>, beroende p\u00e5 underlag och platsens f\u00f6ruts\u00e4ttningar.<\/p>\n<h3 data-start=\"621\" data-end=\"635\">Egenskaper<\/h3>\n<ul data-start=\"637\" data-end=\"939\" data-is-last-node=\"\" data-is-only-node=\"\">\n<li data-start=\"637\" data-end=\"668\">\n<p data-start=\"639\" data-end=\"668\">V\u00e4derskydd f\u00f6r <strong data-start=\"654\" data-end=\"666\">5 cyklar<\/strong><\/p>\n<\/li>\n<li data-start=\"669\" data-end=\"707\">\n<p data-start=\"671\" data-end=\"707\"><strong data-start=\"671\" data-end=\"705\">Varmf\u00f6rzinkad st\u00e5lkonstruktion<\/strong><\/p>\n<\/li>\n<li data-start=\"708\" data-end=\"734\">\n<p data-start=\"710\" data-end=\"734\">Tak i <strong data-start=\"716\" data-end=\"732\">polykarbonat<\/strong><\/p>\n<\/li>\n<li data-start=\"735\" data-end=\"778\">\n<p data-start=\"737\" data-end=\"778\">M\u00f6jlighet till <strong data-start=\"752\" data-end=\"776\">integrerad belysning<\/strong><\/p>\n<\/li>\n<li data-start=\"779\" data-end=\"824\">\n<p data-start=\"781\" data-end=\"824\">Dimensionerat f\u00f6r <strong data-start=\"799\" data-end=\"822\">sn\u00f6last \u2265 300 kg\/m\u00b2<\/strong><\/p>\n<\/li>\n<li data-start=\"825\" data-end=\"874\">\n<p data-start=\"827\" data-end=\"874\">Kan <strong data-start=\"831\" data-end=\"872\">f\u00f6rankras genom gjutning eller ankare<\/strong><\/p>\n<\/li>\n<li data-start=\"875\" data-end=\"939\" data-is-last-node=\"\">\n<p data-start=\"877\" data-end=\"939\" data-is-last-node=\"\">L\u00e4mpligt f\u00f6r <strong data-start=\"890\" data-end=\"939\" data-is-last-node=\"\">skolor, f\u00f6retag, stationer och bostadsomr\u00e5den<\/strong><\/p>\n<\/li>\n<\/ul>\n","protected":false},"excerpt":{"rendered":"<p>V\u00e4derskydd f\u00f6r 5 cyklar \u2013 robust och trygg cykelparkering utomhus V\u00e4derskydd f\u00f6r upp till 5 cyklar med en stabil st\u00e5lkonstruktion [&hellip;]<\/p>\n","protected":false},"featured_media":89154,"template":"","meta":{"site-sidebar-layout":"default","site-content-layout":"","ast-site-content-layout":"default","site-content-style":"default","site-sidebar-style":"default","ast-global-header-display":"","ast-banner-title-visibility":"","ast-main-header-display":"","ast-hfb-above-header-display":"","ast-hfb-below-header-display":"","ast-hfb-mobile-header-display":"","site-post-title":"","ast-breadcrumbs-content":"","ast-featured-img":"","footer-sml-layout":"","theme-transparent-header-meta":"default","adv-header-id-meta":"","stick-header-meta":"","header-above-stick-meta":"","header-main-stick-meta":"","header-below-stick-meta":"","astra-migrate-meta-layouts":"set","ast-page-background-enabled":"default","ast-page-background-meta":{"desktop":{"background-color":"var(--ast-global-color-5)","background-image":"","background-repeat":"repeat","background-position":"center center","background-size":"auto","background-attachment":"scroll","background-type":"","background-media":"","overlay-type":"","overlay-color":"","overlay-opacity":"","overlay-gradient":""},"tablet":{"background-color":"","background-image":"","background-repeat":"repeat","background-position":"center center","background-size":"auto","background-attachment":"scroll","background-type":"","background-media":"","overlay-type":"","overlay-color":"","overlay-opacity":"","overlay-gradient":""},"mobile":{"background-color":"","background-image":"","background-repeat":"repeat","background-position":"center center","background-size":"auto","background-attachment":"scroll","background-type":"","background-media":"","overlay-type":"","overlay-color":"","overlay-opacity":"","overlay-gradient":""}},"ast-content-background-meta":{"desktop":{"background-color":"var(--ast-global-color-4)","background-image":"","background-repeat":"repeat","background-position":"center center","background-size":"auto","background-attachment":"scroll","background-type":"","background-media":"","overlay-type":"","overlay-color":"","overlay-opacity":"","overlay-gradient":""},"tablet":{"background-color":"var(--ast-global-color-4)","background-image":"","background-repeat":"repeat","background-position":"center center","background-size":"auto","background-attachment":"scroll","background-type":"","background-media":"","overlay-type":"","overlay-color":"","overlay-opacity":"","overlay-gradient":""},"mobile":{"background-color":"var(--ast-global-color-4)","background-image":"","background-repeat":"repeat","background-position":"center center","background-size":"auto","background-attachment":"scroll","background-type":"","background-media":"","overlay-type":"","overlay-color":"","overlay-opacity":"","overlay-gradient":""}}},"product_brand":[],"product_cat":[420,413],"product_tag":[],"class_list":{"0":"post-89149","1":"product","2":"type-product","3":"status-publish","4":"has-post-thumbnail","6":"product_cat-cykelrelaterade-produkter","7":"product_cat-standardsortiment","8":"desktop-align-center","9":"tablet-align-left","10":"mobile-align-left","12":"first","13":"instock","14":"downloadable","15":"virtual","16":"taxable","17":"purchasable","18":"product-type-simple"},"_links":{"self":[{"href":"https:\/\/readymade.se\/lekplats\/wp-json\/wp\/v2\/product\/89149","targetHints":{"allow":["GET"]}}],"collection":[{"href":"https:\/\/readymade.se\/lekplats\/wp-json\/wp\/v2\/product"}],"about":[{"href":"https:\/\/readymade.se\/lekplats\/wp-json\/wp\/v2\/types\/product"}],"wp:featuredmedia":[{"embeddable":true,"href":"https:\/\/readymade.se\/lekplats\/wp-json\/wp\/v2\/media\/89154"}],"wp:attachment":[{"href":"https:\/\/readymade.se\/lekplats\/wp-json\/wp\/v2\/media?parent=89149"}],"wp:term":[{"taxonomy":"product_brand","embeddable":true,"href":"https:\/\/readymade.se\/lekplats\/wp-json\/wp\/v2\/product_brand?post=89149"},{"taxonomy":"product_cat","embeddable":true,"href":"https:\/\/readymade.se\/lekplats\/wp-json\/wp\/v2\/product_cat?post=89149"},{"taxonomy":"product_tag","embeddable":true,"href":"https:\/\/readymade.se\/lekplats\/wp-json\/wp\/v2\/product_tag?post=89149"}],"curies":[{"name":"wp","href":"https:\/\/api.w.org\/{rel}","templated":true}]}}