{"id":77408,"date":"2025-11-12T21:29:22","date_gmt":"2025-11-12T20:29:22","guid":{"rendered":"https:\/\/readymade.se\/core\/produkt\/rorslid-starthojd-320-cm\/"},"modified":"2026-02-28T18:04:23","modified_gmt":"2026-02-28T17:04:23","slug":"rorslid-starthojd-320-cm","status":"publish","type":"product","link":"https:\/\/readymade.se\/lekplats\/produkt\/rorslid-starthojd-320-cm\/","title":{"rendered":"Tunnelrutschkana Starth\u00f6jd 320 cm"},"content":{"rendered":"<p>Tunnelrutschkana anpassad f\u00f6r h\u00f6gspelssystem med en starth\u00f6jd p\u00e5 320 cm. Modellen kan utrustas med f\u00f6nster i toppen f\u00f6r extra ljusinsl\u00e4pp, vilket \u00e4r s\u00e4rskilt f\u00f6rdelaktigt p\u00e5 spiralformade tunnelrutschkanor d\u00e4r ljus fr\u00e5n botten \u00e4r begr\u00e4nsat. \u00c5k ger tr\u00e4ning av balans, motorik och rumslig f\u00f6rst\u00e5else samt st\u00e4rker barns sj\u00e4lvf\u00f6rtroende n\u00e4r de v\u00e5gar kl\u00e4ttra h\u00f6gt och susa ner. Kan levereras helt kundanpassad.<\/p>\n","protected":false},"excerpt":{"rendered":"<p>Tunnelrutschkana f\u00f6r h\u00f6gspelssystem som skapar fartfylld och sp\u00e4nnande lek. Kombinationen av h\u00f6jd, ljusinsl\u00e4pp och sluten form st\u00e4rker b\u00e5de motorik och sj\u00e4lvf\u00f6rtroende.<\/p>\n","protected":false},"featured_media":125104,"template":"","meta":{"site-sidebar-layout":"","site-content-layout":"","ast-site-content-layout":"","site-content-style":"","site-sidebar-style":"","ast-global-header-display":"","ast-banner-title-visibility":"","ast-main-header-display":"","ast-hfb-above-header-display":"","ast-hfb-below-header-display":"","ast-hfb-mobile-header-display":"","site-post-title":"","ast-breadcrumbs-content":"","ast-featured-img":"","footer-sml-layout":"","theme-transparent-header-meta":"","adv-header-id-meta":"","stick-header-meta":"","header-above-stick-meta":"","header-main-stick-meta":"","header-below-stick-meta":"","astra-migrate-meta-layouts":"","ast-page-background-enabled":"default","ast-page-background-meta":{"desktop":{"background-color":"var(--ast-global-color-5)","background-image":"","background-repeat":"repeat","background-position":"center center","background-size":"auto","background-attachment":"scroll","background-type":"","background-media":"","overlay-type":"","overlay-color":"","overlay-opacity":"","overlay-gradient":""},"tablet":{"background-color":"","background-image":"","background-repeat":"repeat","background-position":"center center","background-size":"auto","background-attachment":"scroll","background-type":"","background-media":"","overlay-type":"","overlay-color":"","overlay-opacity":"","overlay-gradient":""},"mobile":{"background-color":"","background-image":"","background-repeat":"repeat","background-position":"center center","background-size":"auto","background-attachment":"scroll","background-type":"","background-media":"","overlay-type":"","overlay-color":"","overlay-opacity":"","overlay-gradient":""}},"ast-content-background-meta":{"desktop":{"background-color":"var(--ast-global-color-4)","background-image":"","background-repeat":"repeat","background-position":"center center","background-size":"auto","background-attachment":"scroll","background-type":"","background-media":"","overlay-type":"","overlay-color":"","overlay-opacity":"","overlay-gradient":""},"tablet":{"background-color":"var(--ast-global-color-4)","background-image":"","background-repeat":"repeat","background-position":"center center","background-size":"auto","background-attachment":"scroll","background-type":"","background-media":"","overlay-type":"","overlay-color":"","overlay-opacity":"","overlay-gradient":""},"mobile":{"background-color":"var(--ast-global-color-4)","background-image":"","background-repeat":"repeat","background-position":"center center","background-size":"auto","background-attachment":"scroll","background-type":"","background-media":"","overlay-type":"","overlay-color":"","overlay-opacity":"","overlay-gradient":""}}},"product_brand":[526],"product_cat":[197,390],"product_tag":[],"class_list":{"0":"post-77408","1":"product","2":"type-product","3":"status-publish","4":"has-post-thumbnail","6":"product_brand-ledon","7":"product_cat-rutschkanor","8":"product_cat-tunnelrutschkanor","9":"desktop-align-center","10":"tablet-align-left","11":"mobile-align-left","13":"first","14":"instock","15":"taxable","16":"shipping-taxable","17":"purchasable","18":"product-type-simple"},"_links":{"self":[{"href":"https:\/\/readymade.se\/lekplats\/wp-json\/wp\/v2\/product\/77408","targetHints":{"allow":["GET"]}}],"collection":[{"href":"https:\/\/readymade.se\/lekplats\/wp-json\/wp\/v2\/product"}],"about":[{"href":"https:\/\/readymade.se\/lekplats\/wp-json\/wp\/v2\/types\/product"}],"wp:featuredmedia":[{"embeddable":true,"href":"https:\/\/readymade.se\/lekplats\/wp-json\/wp\/v2\/media\/125104"}],"wp:attachment":[{"href":"https:\/\/readymade.se\/lekplats\/wp-json\/wp\/v2\/media?parent=77408"}],"wp:term":[{"taxonomy":"product_brand","embeddable":true,"href":"https:\/\/readymade.se\/lekplats\/wp-json\/wp\/v2\/product_brand?post=77408"},{"taxonomy":"product_cat","embeddable":true,"href":"https:\/\/readymade.se\/lekplats\/wp-json\/wp\/v2\/product_cat?post=77408"},{"taxonomy":"product_tag","embeddable":true,"href":"https:\/\/readymade.se\/lekplats\/wp-json\/wp\/v2\/product_tag?post=77408"}],"curies":[{"name":"wp","href":"https:\/\/api.w.org\/{rel}","templated":true}]}}