{"id":77395,"date":"2025-12-04T17:01:31","date_gmt":"2025-12-04T16:01:31","guid":{"rendered":"https:\/\/readymade.se\/core\/produkt\/rorglidutgang-andstycke\/"},"modified":"2025-12-22T09:36:58","modified_gmt":"2025-12-22T08:36:58","slug":"rorglidutgang-andstycke","status":"publish","type":"product","link":"https:\/\/readymade.se\/lekplats\/produkt\/rorglidutgang-andstycke\/","title":{"rendered":"R\u00f6rglidutg\u00e5ng, \u00e4ndstycke"},"content":{"rendered":"<p>R\u00f6rutg\u00e5ng \u2013 \u00e4ndstycke Olika tillbeh\u00f6r finns tillg\u00e4ngliga f\u00f6r r\u00f6rsliderna f\u00f6r att s\u00e4kerst\u00e4lla s\u00e4kra och smidiga glidupplevelser. R\u00f6rslidens utg\u00e5ng \u00e4r moduluppbyggd och dess l\u00e4ngd kan d\u00e4rf\u00f6r anpassas f\u00f6r att passa vilken r\u00f6rslide som helst. Det finns olika faktorer att ta h\u00e4nsyn till, s\u00e5som r\u00f6rslidens h\u00f6jd, l\u00e4ngd, hastighet och lutning. Den r\u00e4tta utg\u00e5ngen ser till att barn kan f\u00e5 en rolig rutschkana med ett s\u00e4kert slut. Liksom r\u00f6rkomponenterna \u00e4r utg\u00e5ngarna gjorda av polyeten, och med samma f\u00e4rgalternativ f\u00f6r en integrerad look. Polyeten \u00e4r b\u00e5de h\u00e5llbart och lite underh\u00e5llsfritt \u2013 och t\u00e5l d\u00e4rf\u00f6r m\u00e5nga \u00e5rs intensiv anv\u00e4ndning.<\/p>\n","protected":false},"excerpt":{"rendered":"<p>R\u00f6rutg\u00e5ng \u2013 \u00e4ndstycke Olika tillbeh\u00f6r finns tillg\u00e4ngliga f\u00f6r r\u00f6rsliderna f\u00f6r att s\u00e4kerst\u00e4lla s\u00e4kra och smidiga glidupplevelser. R\u00f6rglidutg\u00e5ngen \u00e4r modul\u00e4r, och dess l\u00e4ngd kan d\u00e4r<\/p>\n","protected":false},"featured_media":105454,"template":"","meta":{"site-sidebar-layout":"","site-content-layout":"","ast-site-content-layout":"","site-content-style":"","site-sidebar-style":"","ast-global-header-display":"","ast-banner-title-visibility":"","ast-main-header-display":"","ast-hfb-above-header-display":"","ast-hfb-below-header-display":"","ast-hfb-mobile-header-display":"","site-post-title":"","ast-breadcrumbs-content":"","ast-featured-img":"","footer-sml-layout":"","theme-transparent-header-meta":"","adv-header-id-meta":"","stick-header-meta":"","header-above-stick-meta":"","header-main-stick-meta":"","header-below-stick-meta":"","astra-migrate-meta-layouts":"","ast-page-background-enabled":"default","ast-page-background-meta":{"desktop":{"background-color":"var(--ast-global-color-5)","background-image":"","background-repeat":"repeat","background-position":"center center","background-size":"auto","background-attachment":"scroll","background-type":"","background-media":"","overlay-type":"","overlay-color":"","overlay-opacity":"","overlay-gradient":""},"tablet":{"background-color":"","background-image":"","background-repeat":"repeat","background-position":"center center","background-size":"auto","background-attachment":"scroll","background-type":"","background-media":"","overlay-type":"","overlay-color":"","overlay-opacity":"","overlay-gradient":""},"mobile":{"background-color":"","background-image":"","background-repeat":"repeat","background-position":"center center","background-size":"auto","background-attachment":"scroll","background-type":"","background-media":"","overlay-type":"","overlay-color":"","overlay-opacity":"","overlay-gradient":""}},"ast-content-background-meta":{"desktop":{"background-color":"var(--ast-global-color-4)","background-image":"","background-repeat":"repeat","background-position":"center center","background-size":"auto","background-attachment":"scroll","background-type":"","background-media":"","overlay-type":"","overlay-color":"","overlay-opacity":"","overlay-gradient":""},"tablet":{"background-color":"var(--ast-global-color-4)","background-image":"","background-repeat":"repeat","background-position":"center center","background-size":"auto","background-attachment":"scroll","background-type":"","background-media":"","overlay-type":"","overlay-color":"","overlay-opacity":"","overlay-gradient":""},"mobile":{"background-color":"var(--ast-global-color-4)","background-image":"","background-repeat":"repeat","background-position":"center center","background-size":"auto","background-attachment":"scroll","background-type":"","background-media":"","overlay-type":"","overlay-color":"","overlay-opacity":"","overlay-gradient":""}}},"product_brand":[525],"product_cat":[560],"product_tag":[],"class_list":{"0":"post-77395","1":"product","2":"type-product","3":"status-publish","4":"has-post-thumbnail","6":"product_brand-inter-play","7":"product_cat-reservdelar-rutschkanor","8":"desktop-align-center","9":"tablet-align-left","10":"mobile-align-left","12":"first","13":"instock","14":"taxable","15":"shipping-taxable","16":"purchasable","17":"product-type-simple"},"_links":{"self":[{"href":"https:\/\/readymade.se\/lekplats\/wp-json\/wp\/v2\/product\/77395","targetHints":{"allow":["GET"]}}],"collection":[{"href":"https:\/\/readymade.se\/lekplats\/wp-json\/wp\/v2\/product"}],"about":[{"href":"https:\/\/readymade.se\/lekplats\/wp-json\/wp\/v2\/types\/product"}],"wp:featuredmedia":[{"embeddable":true,"href":"https:\/\/readymade.se\/lekplats\/wp-json\/wp\/v2\/media\/105454"}],"wp:attachment":[{"href":"https:\/\/readymade.se\/lekplats\/wp-json\/wp\/v2\/media?parent=77395"}],"wp:term":[{"taxonomy":"product_brand","embeddable":true,"href":"https:\/\/readymade.se\/lekplats\/wp-json\/wp\/v2\/product_brand?post=77395"},{"taxonomy":"product_cat","embeddable":true,"href":"https:\/\/readymade.se\/lekplats\/wp-json\/wp\/v2\/product_cat?post=77395"},{"taxonomy":"product_tag","embeddable":true,"href":"https:\/\/readymade.se\/lekplats\/wp-json\/wp\/v2\/product_tag?post=77395"}],"curies":[{"name":"wp","href":"https:\/\/api.w.org\/{rel}","templated":true}]}}