{"id":77365,"date":"2025-11-12T21:27:07","date_gmt":"2025-11-12T20:27:07","guid":{"rendered":"https:\/\/readymade.se\/core\/produkt\/alfred\/"},"modified":"2026-02-28T18:09:15","modified_gmt":"2026-02-28T17:09:15","slug":"alfred","status":"publish","type":"product","link":"https:\/\/readymade.se\/lekplats\/produkt\/alfred\/","title":{"rendered":"Alfred"},"content":{"rendered":"<p>Alfred the Hut \u00e4r en liten tillflyktsplats d\u00e4r barn kan dra sig undan f\u00f6r lugnare aktiviteter. Inuti finns tv\u00e5 b\u00e4nkar och ett bord, och de r\u00f6rliga fj\u00e4rilarna, bina och blommorna uppmuntrar barn att interagera och leka tillsammans. Lekstugan st\u00f6djer utveckling av spr\u00e5k, sociala f\u00e4rdigheter och samspel. Alfred har utvecklats i samarbete med barn och barnomsorgspersonal och \u00e4r anpassad f\u00f6r b\u00e5de inomhus- och utomhusbruk. Takf\u00f6nstret g\u00f6r det m\u00f6jligt f\u00f6r vuxna att ha uppsikt utan att st\u00f6ra leken.<\/p>\n","protected":false},"excerpt":{"rendered":"<p>Lugn lekstuga som ger barn en trygg plats f\u00f6r stillsam lek, samtal och \u00e5terh\u00e4mtning. Perfekt f\u00f6r sagol\u00e4sning, fantasilek och social samvaro.<\/p>\n","protected":false},"featured_media":125322,"template":"","meta":{"site-sidebar-layout":"default","site-content-layout":"","ast-site-content-layout":"default","site-content-style":"default","site-sidebar-style":"default","ast-global-header-display":"","ast-banner-title-visibility":"","ast-main-header-display":"","ast-hfb-above-header-display":"","ast-hfb-below-header-display":"","ast-hfb-mobile-header-display":"","site-post-title":"","ast-breadcrumbs-content":"","ast-featured-img":"","footer-sml-layout":"","theme-transparent-header-meta":"default","adv-header-id-meta":"","stick-header-meta":"","header-above-stick-meta":"","header-main-stick-meta":"","header-below-stick-meta":"","astra-migrate-meta-layouts":"set","ast-page-background-enabled":"default","ast-page-background-meta":{"desktop":{"background-color":"var(--ast-global-color-5)","background-image":"","background-repeat":"repeat","background-position":"center center","background-size":"auto","background-attachment":"scroll","background-type":"","background-media":"","overlay-type":"","overlay-color":"","overlay-opacity":"","overlay-gradient":""},"tablet":{"background-color":"","background-image":"","background-repeat":"repeat","background-position":"center center","background-size":"auto","background-attachment":"scroll","background-type":"","background-media":"","overlay-type":"","overlay-color":"","overlay-opacity":"","overlay-gradient":""},"mobile":{"background-color":"","background-image":"","background-repeat":"repeat","background-position":"center center","background-size":"auto","background-attachment":"scroll","background-type":"","background-media":"","overlay-type":"","overlay-color":"","overlay-opacity":"","overlay-gradient":""}},"ast-content-background-meta":{"desktop":{"background-color":"var(--ast-global-color-4)","background-image":"","background-repeat":"repeat","background-position":"center center","background-size":"auto","background-attachment":"scroll","background-type":"","background-media":"","overlay-type":"","overlay-color":"","overlay-opacity":"","overlay-gradient":""},"tablet":{"background-color":"var(--ast-global-color-4)","background-image":"","background-repeat":"repeat","background-position":"center center","background-size":"auto","background-attachment":"scroll","background-type":"","background-media":"","overlay-type":"","overlay-color":"","overlay-opacity":"","overlay-gradient":""},"mobile":{"background-color":"var(--ast-global-color-4)","background-image":"","background-repeat":"repeat","background-position":"center center","background-size":"auto","background-attachment":"scroll","background-type":"","background-media":"","overlay-type":"","overlay-color":"","overlay-opacity":"","overlay-gradient":""}}},"product_brand":[526],"product_cat":[148,388,370,292],"product_tag":[],"class_list":{"0":"post-77365","1":"product","2":"type-product","3":"status-publish","4":"has-post-thumbnail","6":"product_brand-ledon","7":"product_cat-lekhus","8":"product_cat-miniplay","9":"product_cat-produktserier","10":"product_cat-temalek","11":"desktop-align-center","12":"tablet-align-left","13":"mobile-align-left","15":"first","16":"instock","17":"taxable","18":"shipping-taxable","19":"purchasable","20":"product-type-simple"},"_links":{"self":[{"href":"https:\/\/readymade.se\/lekplats\/wp-json\/wp\/v2\/product\/77365","targetHints":{"allow":["GET"]}}],"collection":[{"href":"https:\/\/readymade.se\/lekplats\/wp-json\/wp\/v2\/product"}],"about":[{"href":"https:\/\/readymade.se\/lekplats\/wp-json\/wp\/v2\/types\/product"}],"wp:featuredmedia":[{"embeddable":true,"href":"https:\/\/readymade.se\/lekplats\/wp-json\/wp\/v2\/media\/125322"}],"wp:attachment":[{"href":"https:\/\/readymade.se\/lekplats\/wp-json\/wp\/v2\/media?parent=77365"}],"wp:term":[{"taxonomy":"product_brand","embeddable":true,"href":"https:\/\/readymade.se\/lekplats\/wp-json\/wp\/v2\/product_brand?post=77365"},{"taxonomy":"product_cat","embeddable":true,"href":"https:\/\/readymade.se\/lekplats\/wp-json\/wp\/v2\/product_cat?post=77365"},{"taxonomy":"product_tag","embeddable":true,"href":"https:\/\/readymade.se\/lekplats\/wp-json\/wp\/v2\/product_tag?post=77365"}],"curies":[{"name":"wp","href":"https:\/\/api.w.org\/{rel}","templated":true}]}}