{"id":77353,"date":"2025-12-04T17:01:25","date_gmt":"2025-12-04T16:01:25","guid":{"rendered":"https:\/\/readymade.se\/core\/produkt\/olympia-jatte-piratskepp\/"},"modified":"2026-01-07T10:10:12","modified_gmt":"2026-01-07T09:10:12","slug":"olympia-jatte-piratskepp","status":"publish","type":"product","link":"https:\/\/readymade.se\/lekplats\/produkt\/olympia-jatte-piratskepp\/","title":{"rendered":"Olympia J\u00e4tte piratskepp"},"content":{"rendered":"<p>Olympia \u00e4r ett av de tre st\u00f6rsta piratskeppen i Pirates-serien och erbjuder ett omfattande lekuniversum utan rutschkana. Skeppet \u00e4r fyllt med r\u00f6rliga lekdetaljer s\u00e5som dubbla fartygshjul, kompass, ankare, klocka, gummilameller, teleskop och nycklar. I kaptenens hytt finns skattkista, f\u00e4ngelseh\u00e5la, diamantpanel, r\u00f6rlig krabba och undervattenskupol. Skeppet har tv\u00e5 stora akterd\u00e4ck p\u00e5 90 cm och 190 cm h\u00f6jd som n\u00e5s via kl\u00e4tterv\u00e4gg eller stort kl\u00e4ttern\u00e4t. Konstruktionen \u00e4r zonindelad f\u00f6r att m\u00e5nga barn ska kunna leka parallellt.<\/p>\n","protected":false},"excerpt":{"rendered":"<p>J\u00e4ttepiratskepp som skapar ett komplett och storskaligt piratuniversum p\u00e5 lekplatsen, anpassat f\u00f6r m\u00e5nga barn samtidigt och rik p\u00e5 rollekslek, r\u00f6relse och samspel.<\/p>\n","protected":false},"featured_media":105561,"template":"","meta":{"site-sidebar-layout":"default","site-content-layout":"","ast-site-content-layout":"default","site-content-style":"default","site-sidebar-style":"default","ast-global-header-display":"","ast-banner-title-visibility":"","ast-main-header-display":"","ast-hfb-above-header-display":"","ast-hfb-below-header-display":"","ast-hfb-mobile-header-display":"","site-post-title":"","ast-breadcrumbs-content":"","ast-featured-img":"","footer-sml-layout":"","theme-transparent-header-meta":"default","adv-header-id-meta":"","stick-header-meta":"","header-above-stick-meta":"","header-main-stick-meta":"","header-below-stick-meta":"","astra-migrate-meta-layouts":"set","ast-page-background-enabled":"default","ast-page-background-meta":{"desktop":{"background-color":"var(--ast-global-color-5)","background-image":"","background-repeat":"repeat","background-position":"center center","background-size":"auto","background-attachment":"scroll","background-type":"","background-media":"","overlay-type":"","overlay-color":"","overlay-opacity":"","overlay-gradient":""},"tablet":{"background-color":"","background-image":"","background-repeat":"repeat","background-position":"center center","background-size":"auto","background-attachment":"scroll","background-type":"","background-media":"","overlay-type":"","overlay-color":"","overlay-opacity":"","overlay-gradient":""},"mobile":{"background-color":"","background-image":"","background-repeat":"repeat","background-position":"center center","background-size":"auto","background-attachment":"scroll","background-type":"","background-media":"","overlay-type":"","overlay-color":"","overlay-opacity":"","overlay-gradient":""}},"ast-content-background-meta":{"desktop":{"background-color":"var(--ast-global-color-4)","background-image":"","background-repeat":"repeat","background-position":"center center","background-size":"auto","background-attachment":"scroll","background-type":"","background-media":"","overlay-type":"","overlay-color":"","overlay-opacity":"","overlay-gradient":""},"tablet":{"background-color":"var(--ast-global-color-4)","background-image":"","background-repeat":"repeat","background-position":"center center","background-size":"auto","background-attachment":"scroll","background-type":"","background-media":"","overlay-type":"","overlay-color":"","overlay-opacity":"","overlay-gradient":""},"mobile":{"background-color":"var(--ast-global-color-4)","background-image":"","background-repeat":"repeat","background-position":"center center","background-size":"auto","background-attachment":"scroll","background-type":"","background-media":"","overlay-type":"","overlay-color":"","overlay-opacity":"","overlay-gradient":""}}},"product_brand":[526],"product_cat":[498,389,292,32],"product_tag":[],"class_list":{"0":"post-77353","1":"product","2":"type-product","3":"status-publish","4":"has-post-thumbnail","6":"product_brand-ledon","7":"product_cat-lekbatar","8":"product_cat-pirates","9":"product_cat-temalek","10":"product_cat-lekstallningar","11":"desktop-align-center","12":"tablet-align-left","13":"mobile-align-left","15":"first","16":"instock","17":"taxable","18":"shipping-taxable","19":"purchasable","20":"product-type-simple"},"_links":{"self":[{"href":"https:\/\/readymade.se\/lekplats\/wp-json\/wp\/v2\/product\/77353","targetHints":{"allow":["GET"]}}],"collection":[{"href":"https:\/\/readymade.se\/lekplats\/wp-json\/wp\/v2\/product"}],"about":[{"href":"https:\/\/readymade.se\/lekplats\/wp-json\/wp\/v2\/types\/product"}],"wp:featuredmedia":[{"embeddable":true,"href":"https:\/\/readymade.se\/lekplats\/wp-json\/wp\/v2\/media\/105561"}],"wp:attachment":[{"href":"https:\/\/readymade.se\/lekplats\/wp-json\/wp\/v2\/media?parent=77353"}],"wp:term":[{"taxonomy":"product_brand","embeddable":true,"href":"https:\/\/readymade.se\/lekplats\/wp-json\/wp\/v2\/product_brand?post=77353"},{"taxonomy":"product_cat","embeddable":true,"href":"https:\/\/readymade.se\/lekplats\/wp-json\/wp\/v2\/product_cat?post=77353"},{"taxonomy":"product_tag","embeddable":true,"href":"https:\/\/readymade.se\/lekplats\/wp-json\/wp\/v2\/product_tag?post=77353"}],"curies":[{"name":"wp","href":"https:\/\/api.w.org\/{rel}","templated":true}]}}