{"id":77342,"date":"2025-12-04T17:01:16","date_gmt":"2025-12-04T16:01:16","guid":{"rendered":"https:\/\/readymade.se\/core\/produkt\/maria-c-stort-piratskepp-med-trappor\/"},"modified":"2026-02-28T18:08:58","modified_gmt":"2026-02-28T17:08:58","slug":"maria-c-stort-piratskepp-med-trappor","status":"publish","type":"product","link":"https:\/\/readymade.se\/lekplats\/produkt\/maria-c-stort-piratskepp-med-trappor\/","title":{"rendered":"Maria C Stort piratskepp med trappor f\u00f6r ytmontering"},"content":{"rendered":"<p>Maria C \u00e4r ett stort piratskepp som kan levereras f\u00f6r ytmontering, exempelvis p\u00e5 asfalt, takterrasser eller inomhusmilj\u00f6er. Skeppet erbjuder samma rika piratuniversum som \u00f6vriga stora fartyg med fartygshjul, kompass, ankare, teleskop, gummiluckor och kaptenhytt med skattkarta, f\u00e4ngelseh\u00e5la och diamantpanel. Konstruktionen saknar det stora kl\u00e4ttern\u00e4tet i aktern men uppfyller fortsatt g\u00e4llande s\u00e4kerhetskrav. Rekommenderat fallunderlag \u00e4r gummi.<\/p>\n","protected":false},"excerpt":{"rendered":"<p>Stort piratskepp f\u00f6r ytmontering som g\u00f6r det m\u00f6jligt att skapa ett komplett piratuniversum \u00e4ven p\u00e5 h\u00e5rda underlag som asfalt, torg eller takterrasser.<\/p>\n","protected":false},"featured_media":125307,"template":"","meta":{"site-sidebar-layout":"default","site-content-layout":"","ast-site-content-layout":"default","site-content-style":"default","site-sidebar-style":"default","ast-global-header-display":"","ast-banner-title-visibility":"","ast-main-header-display":"","ast-hfb-above-header-display":"","ast-hfb-below-header-display":"","ast-hfb-mobile-header-display":"","site-post-title":"","ast-breadcrumbs-content":"","ast-featured-img":"","footer-sml-layout":"","theme-transparent-header-meta":"default","adv-header-id-meta":"","stick-header-meta":"","header-above-stick-meta":"","header-main-stick-meta":"","header-below-stick-meta":"","astra-migrate-meta-layouts":"set","ast-page-background-enabled":"default","ast-page-background-meta":{"desktop":{"background-color":"var(--ast-global-color-5)","background-image":"","background-repeat":"repeat","background-position":"center center","background-size":"auto","background-attachment":"scroll","background-type":"","background-media":"","overlay-type":"","overlay-color":"","overlay-opacity":"","overlay-gradient":""},"tablet":{"background-color":"","background-image":"","background-repeat":"repeat","background-position":"center center","background-size":"auto","background-attachment":"scroll","background-type":"","background-media":"","overlay-type":"","overlay-color":"","overlay-opacity":"","overlay-gradient":""},"mobile":{"background-color":"","background-image":"","background-repeat":"repeat","background-position":"center center","background-size":"auto","background-attachment":"scroll","background-type":"","background-media":"","overlay-type":"","overlay-color":"","overlay-opacity":"","overlay-gradient":""}},"ast-content-background-meta":{"desktop":{"background-color":"var(--ast-global-color-4)","background-image":"","background-repeat":"repeat","background-position":"center center","background-size":"auto","background-attachment":"scroll","background-type":"","background-media":"","overlay-type":"","overlay-color":"","overlay-opacity":"","overlay-gradient":""},"tablet":{"background-color":"var(--ast-global-color-4)","background-image":"","background-repeat":"repeat","background-position":"center center","background-size":"auto","background-attachment":"scroll","background-type":"","background-media":"","overlay-type":"","overlay-color":"","overlay-opacity":"","overlay-gradient":""},"mobile":{"background-color":"var(--ast-global-color-4)","background-image":"","background-repeat":"repeat","background-position":"center center","background-size":"auto","background-attachment":"scroll","background-type":"","background-media":"","overlay-type":"","overlay-color":"","overlay-opacity":"","overlay-gradient":""}}},"product_brand":[526],"product_cat":[498,389,370,292,32],"product_tag":[],"class_list":{"0":"post-77342","1":"product","2":"type-product","3":"status-publish","4":"has-post-thumbnail","6":"product_brand-ledon","7":"product_cat-lekbatar","8":"product_cat-pirates","9":"product_cat-produktserier","10":"product_cat-temalek","11":"product_cat-lekstallningar","12":"desktop-align-center","13":"tablet-align-left","14":"mobile-align-left","16":"first","17":"instock","18":"taxable","19":"shipping-taxable","20":"purchasable","21":"product-type-simple"},"_links":{"self":[{"href":"https:\/\/readymade.se\/lekplats\/wp-json\/wp\/v2\/product\/77342","targetHints":{"allow":["GET"]}}],"collection":[{"href":"https:\/\/readymade.se\/lekplats\/wp-json\/wp\/v2\/product"}],"about":[{"href":"https:\/\/readymade.se\/lekplats\/wp-json\/wp\/v2\/types\/product"}],"wp:featuredmedia":[{"embeddable":true,"href":"https:\/\/readymade.se\/lekplats\/wp-json\/wp\/v2\/media\/125307"}],"wp:attachment":[{"href":"https:\/\/readymade.se\/lekplats\/wp-json\/wp\/v2\/media?parent=77342"}],"wp:term":[{"taxonomy":"product_brand","embeddable":true,"href":"https:\/\/readymade.se\/lekplats\/wp-json\/wp\/v2\/product_brand?post=77342"},{"taxonomy":"product_cat","embeddable":true,"href":"https:\/\/readymade.se\/lekplats\/wp-json\/wp\/v2\/product_cat?post=77342"},{"taxonomy":"product_tag","embeddable":true,"href":"https:\/\/readymade.se\/lekplats\/wp-json\/wp\/v2\/product_tag?post=77342"}],"curies":[{"name":"wp","href":"https:\/\/api.w.org\/{rel}","templated":true}]}}