{"id":77338,"date":"2025-12-04T17:01:14","date_gmt":"2025-12-04T16:01:14","guid":{"rendered":"https:\/\/readymade.se\/core\/produkt\/hafnia-stort-piratskepp-med-trappa-och-rutschkana\/"},"modified":"2026-02-28T18:08:58","modified_gmt":"2026-02-28T17:08:58","slug":"hafnia-stort-piratskepp-med-trappa-och-rutschkana","status":"publish","type":"product","link":"https:\/\/readymade.se\/lekplats\/produkt\/hafnia-stort-piratskepp-med-trappa-och-rutschkana\/","title":{"rendered":"Hafnia Stort inkluderande piratskepp med trappa och rutschkana"},"content":{"rendered":"<p>Hafnia \u00e4r ett stort piratskepp som \u00e4r s\u00e4rskilt utformat f\u00f6r inkluderande lek. Skeppet saknar det stora kl\u00e4ttern\u00e4tet i aktern och har bredare \u00f6ppningar som g\u00f6r det l\u00e4ttare f\u00f6r barn med nedsatt r\u00f6rlighet att ta sig ombord. Lekaktiviteter som fartygshjul, kompass, ankare, teleskop, gummiluckor och en fullt utrustad kaptenhytt \u00e4r placerade p\u00e5 olika h\u00f6jder. Skeppet har tv\u00e5 niv\u00e5er och rutschkana, samtidigt som stora f\u00f6nster g\u00f6r det l\u00e4tt f\u00f6r vuxna att \u00f6verblicka leken utan att st\u00f6ra.<\/p>\n","protected":false},"excerpt":{"rendered":"<p>Inkluderande piratskepp f\u00f6r lekplatser d\u00e4r fler barn kan delta i leken, med tillg\u00e4ngliga lekfunktioner som st\u00f6djer fantasilek, socialt samspel och r\u00f6relse.<\/p>\n","protected":false},"featured_media":125304,"template":"","meta":{"site-sidebar-layout":"default","site-content-layout":"","ast-site-content-layout":"default","site-content-style":"default","site-sidebar-style":"default","ast-global-header-display":"","ast-banner-title-visibility":"","ast-main-header-display":"","ast-hfb-above-header-display":"","ast-hfb-below-header-display":"","ast-hfb-mobile-header-display":"","site-post-title":"","ast-breadcrumbs-content":"","ast-featured-img":"","footer-sml-layout":"","theme-transparent-header-meta":"default","adv-header-id-meta":"","stick-header-meta":"","header-above-stick-meta":"","header-main-stick-meta":"","header-below-stick-meta":"","astra-migrate-meta-layouts":"set","ast-page-background-enabled":"default","ast-page-background-meta":{"desktop":{"background-color":"var(--ast-global-color-5)","background-image":"","background-repeat":"repeat","background-position":"center center","background-size":"auto","background-attachment":"scroll","background-type":"","background-media":"","overlay-type":"","overlay-color":"","overlay-opacity":"","overlay-gradient":""},"tablet":{"background-color":"","background-image":"","background-repeat":"repeat","background-position":"center center","background-size":"auto","background-attachment":"scroll","background-type":"","background-media":"","overlay-type":"","overlay-color":"","overlay-opacity":"","overlay-gradient":""},"mobile":{"background-color":"","background-image":"","background-repeat":"repeat","background-position":"center center","background-size":"auto","background-attachment":"scroll","background-type":"","background-media":"","overlay-type":"","overlay-color":"","overlay-opacity":"","overlay-gradient":""}},"ast-content-background-meta":{"desktop":{"background-color":"var(--ast-global-color-4)","background-image":"","background-repeat":"repeat","background-position":"center center","background-size":"auto","background-attachment":"scroll","background-type":"","background-media":"","overlay-type":"","overlay-color":"","overlay-opacity":"","overlay-gradient":""},"tablet":{"background-color":"var(--ast-global-color-4)","background-image":"","background-repeat":"repeat","background-position":"center center","background-size":"auto","background-attachment":"scroll","background-type":"","background-media":"","overlay-type":"","overlay-color":"","overlay-opacity":"","overlay-gradient":""},"mobile":{"background-color":"var(--ast-global-color-4)","background-image":"","background-repeat":"repeat","background-position":"center center","background-size":"auto","background-attachment":"scroll","background-type":"","background-media":"","overlay-type":"","overlay-color":"","overlay-opacity":"","overlay-gradient":""}}},"product_brand":[526],"product_cat":[498,389,370,292,32],"product_tag":[],"class_list":{"0":"post-77338","1":"product","2":"type-product","3":"status-publish","4":"has-post-thumbnail","6":"product_brand-ledon","7":"product_cat-lekbatar","8":"product_cat-pirates","9":"product_cat-produktserier","10":"product_cat-temalek","11":"product_cat-lekstallningar","12":"desktop-align-center","13":"tablet-align-left","14":"mobile-align-left","16":"first","17":"instock","18":"taxable","19":"shipping-taxable","20":"purchasable","21":"product-type-simple"},"_links":{"self":[{"href":"https:\/\/readymade.se\/lekplats\/wp-json\/wp\/v2\/product\/77338","targetHints":{"allow":["GET"]}}],"collection":[{"href":"https:\/\/readymade.se\/lekplats\/wp-json\/wp\/v2\/product"}],"about":[{"href":"https:\/\/readymade.se\/lekplats\/wp-json\/wp\/v2\/types\/product"}],"wp:featuredmedia":[{"embeddable":true,"href":"https:\/\/readymade.se\/lekplats\/wp-json\/wp\/v2\/media\/125304"}],"wp:attachment":[{"href":"https:\/\/readymade.se\/lekplats\/wp-json\/wp\/v2\/media?parent=77338"}],"wp:term":[{"taxonomy":"product_brand","embeddable":true,"href":"https:\/\/readymade.se\/lekplats\/wp-json\/wp\/v2\/product_brand?post=77338"},{"taxonomy":"product_cat","embeddable":true,"href":"https:\/\/readymade.se\/lekplats\/wp-json\/wp\/v2\/product_cat?post=77338"},{"taxonomy":"product_tag","embeddable":true,"href":"https:\/\/readymade.se\/lekplats\/wp-json\/wp\/v2\/product_tag?post=77338"}],"curies":[{"name":"wp","href":"https:\/\/api.w.org\/{rel}","templated":true}]}}