{"id":77335,"date":"2025-12-04T17:01:12","date_gmt":"2025-12-04T16:01:12","guid":{"rendered":"https:\/\/readymade.se\/core\/produkt\/absalon-stort-piratskepp-med-trappa-och-rorrutschbana\/"},"modified":"2026-02-10T15:34:51","modified_gmt":"2026-02-10T14:34:51","slug":"absalon-stort-piratskepp-med-trappa-och-rorrutschbana","status":"publish","type":"product","link":"https:\/\/readymade.se\/lekplats\/produkt\/absalon-stort-piratskepp-med-trappa-och-rorrutschbana\/","title":{"rendered":"Absalon Stort piratskepp med trappa och r\u00f6rrutschbana"},"content":{"rendered":"<p>Absalon \u00e4r ett av de fem stora piratskeppen i Pirates-serien och erbjuder ett omfattande lekuniversum. Skeppet \u00e4r utrustat med alla klassiska piratdetaljer s\u00e5som fartygshjul, kompass, ankare, teleskop och gummilameller samt en kaptenhytt med skattkista, f\u00e4ngelseh\u00e5la och diamantpanel. Tv\u00e5 akterd\u00e4ck p\u00e5 90 cm och 140 cm h\u00f6jd n\u00e5s via trappor, kl\u00e4tterv\u00e4gg eller stort kl\u00e4ttern\u00e4t. Fr\u00e5n det \u00f6vre d\u00e4cket leder den popul\u00e4ra r\u00f6rrutschbanan ner, vilket ger en extra fartfylld lekupplevelse.<\/p>\n","protected":false},"excerpt":{"rendered":"<p>Stort piratskepp med r\u00f6rrutschbana som ger extra sp\u00e4nning och utmaning p\u00e5 lekplatsen, samtidigt som barn tr\u00e4nar motorik, balans och samarbete genom lek.<\/p>\n","protected":false},"featured_media":105532,"template":"","meta":{"site-sidebar-layout":"default","site-content-layout":"","ast-site-content-layout":"default","site-content-style":"default","site-sidebar-style":"default","ast-global-header-display":"","ast-banner-title-visibility":"","ast-main-header-display":"","ast-hfb-above-header-display":"","ast-hfb-below-header-display":"","ast-hfb-mobile-header-display":"","site-post-title":"","ast-breadcrumbs-content":"","ast-featured-img":"","footer-sml-layout":"","theme-transparent-header-meta":"default","adv-header-id-meta":"","stick-header-meta":"","header-above-stick-meta":"","header-main-stick-meta":"","header-below-stick-meta":"","astra-migrate-meta-layouts":"set","ast-page-background-enabled":"default","ast-page-background-meta":{"desktop":{"background-color":"var(--ast-global-color-5)","background-image":"","background-repeat":"repeat","background-position":"center center","background-size":"auto","background-attachment":"scroll","background-type":"","background-media":"","overlay-type":"","overlay-color":"","overlay-opacity":"","overlay-gradient":""},"tablet":{"background-color":"","background-image":"","background-repeat":"repeat","background-position":"center center","background-size":"auto","background-attachment":"scroll","background-type":"","background-media":"","overlay-type":"","overlay-color":"","overlay-opacity":"","overlay-gradient":""},"mobile":{"background-color":"","background-image":"","background-repeat":"repeat","background-position":"center center","background-size":"auto","background-attachment":"scroll","background-type":"","background-media":"","overlay-type":"","overlay-color":"","overlay-opacity":"","overlay-gradient":""}},"ast-content-background-meta":{"desktop":{"background-color":"var(--ast-global-color-4)","background-image":"","background-repeat":"repeat","background-position":"center center","background-size":"auto","background-attachment":"scroll","background-type":"","background-media":"","overlay-type":"","overlay-color":"","overlay-opacity":"","overlay-gradient":""},"tablet":{"background-color":"var(--ast-global-color-4)","background-image":"","background-repeat":"repeat","background-position":"center center","background-size":"auto","background-attachment":"scroll","background-type":"","background-media":"","overlay-type":"","overlay-color":"","overlay-opacity":"","overlay-gradient":""},"mobile":{"background-color":"var(--ast-global-color-4)","background-image":"","background-repeat":"repeat","background-position":"center center","background-size":"auto","background-attachment":"scroll","background-type":"","background-media":"","overlay-type":"","overlay-color":"","overlay-opacity":"","overlay-gradient":""}}},"product_brand":[526],"product_cat":[498,389,292,32],"product_tag":[97],"class_list":{"0":"post-77335","1":"product","2":"type-product","3":"status-publish","4":"has-post-thumbnail","6":"product_brand-ledon","7":"product_cat-lekbatar","8":"product_cat-pirates","9":"product_cat-temalek","10":"product_cat-lekstallningar","11":"product_tag-bastsaljare","12":"desktop-align-center","13":"tablet-align-left","14":"mobile-align-left","16":"first","17":"instock","18":"taxable","19":"shipping-taxable","20":"purchasable","21":"product-type-simple"},"_links":{"self":[{"href":"https:\/\/readymade.se\/lekplats\/wp-json\/wp\/v2\/product\/77335","targetHints":{"allow":["GET"]}}],"collection":[{"href":"https:\/\/readymade.se\/lekplats\/wp-json\/wp\/v2\/product"}],"about":[{"href":"https:\/\/readymade.se\/lekplats\/wp-json\/wp\/v2\/types\/product"}],"wp:featuredmedia":[{"embeddable":true,"href":"https:\/\/readymade.se\/lekplats\/wp-json\/wp\/v2\/media\/105532"}],"wp:attachment":[{"href":"https:\/\/readymade.se\/lekplats\/wp-json\/wp\/v2\/media?parent=77335"}],"wp:term":[{"taxonomy":"product_brand","embeddable":true,"href":"https:\/\/readymade.se\/lekplats\/wp-json\/wp\/v2\/product_brand?post=77335"},{"taxonomy":"product_cat","embeddable":true,"href":"https:\/\/readymade.se\/lekplats\/wp-json\/wp\/v2\/product_cat?post=77335"},{"taxonomy":"product_tag","embeddable":true,"href":"https:\/\/readymade.se\/lekplats\/wp-json\/wp\/v2\/product_tag?post=77335"}],"curies":[{"name":"wp","href":"https:\/\/api.w.org\/{rel}","templated":true}]}}