{"id":77332,"date":"2025-12-04T17:01:11","date_gmt":"2025-12-04T16:01:11","guid":{"rendered":"https:\/\/readymade.se\/core\/produkt\/victoria-stort-piratskepp-med-trappa-och-rutschkana\/"},"modified":"2026-02-28T17:56:14","modified_gmt":"2026-02-28T16:56:14","slug":"victoria-stort-piratskepp-med-trappa-och-rutschkana","status":"publish","type":"product","link":"https:\/\/readymade.se\/lekplats\/produkt\/victoria-stort-piratskepp-med-trappa-och-rutschkana\/","title":{"rendered":"Victoria Stort piratskepp med trappa och rutschkana"},"content":{"rendered":"<p>Victoria \u00e4r ett av de fem stora piratskeppen i Pirates-serien och \u00e4r uppbyggt som ett komplett lekuniversum. Skeppet inneh\u00e5ller r\u00f6rliga lekfunktioner s\u00e5som fartygshjul, kompass, ankare, teleskop och gummilameller samt en kaptenhytt med skattkista, f\u00e4ngelseh\u00e5la och diamantpanel. De tv\u00e5 akterd\u00e4cken ligger p\u00e5 90 cm och 140 cm h\u00f6jd. Det \u00f6vre d\u00e4cket n\u00e5s via trappor, kl\u00e4tterv\u00e4gg eller stort kl\u00e4ttern\u00e4t och leder till rutschkanan. Konstruktionen uppmuntrar b\u00e5de fysisk aktivitet och fantasifull rolllek.<\/p>\n","protected":false},"excerpt":{"rendered":"<p>Stort piratskepp med trappor och rutschkana som erbjuder varierad lek i flera niv\u00e5er och passar lekplatser d\u00e4r b\u00e5de fysisk aktivitet och fantasifull rollekslek prioriteras.<\/p>\n","protected":false},"featured_media":124767,"template":"","meta":{"site-sidebar-layout":"default","site-content-layout":"","ast-site-content-layout":"default","site-content-style":"default","site-sidebar-style":"default","ast-global-header-display":"","ast-banner-title-visibility":"","ast-main-header-display":"","ast-hfb-above-header-display":"","ast-hfb-below-header-display":"","ast-hfb-mobile-header-display":"","site-post-title":"","ast-breadcrumbs-content":"","ast-featured-img":"","footer-sml-layout":"","theme-transparent-header-meta":"default","adv-header-id-meta":"","stick-header-meta":"","header-above-stick-meta":"","header-main-stick-meta":"","header-below-stick-meta":"","astra-migrate-meta-layouts":"set","ast-page-background-enabled":"default","ast-page-background-meta":{"desktop":{"background-color":"var(--ast-global-color-5)","background-image":"","background-repeat":"repeat","background-position":"center center","background-size":"auto","background-attachment":"scroll","background-type":"","background-media":"","overlay-type":"","overlay-color":"","overlay-opacity":"","overlay-gradient":""},"tablet":{"background-color":"","background-image":"","background-repeat":"repeat","background-position":"center center","background-size":"auto","background-attachment":"scroll","background-type":"","background-media":"","overlay-type":"","overlay-color":"","overlay-opacity":"","overlay-gradient":""},"mobile":{"background-color":"","background-image":"","background-repeat":"repeat","background-position":"center center","background-size":"auto","background-attachment":"scroll","background-type":"","background-media":"","overlay-type":"","overlay-color":"","overlay-opacity":"","overlay-gradient":""}},"ast-content-background-meta":{"desktop":{"background-color":"var(--ast-global-color-4)","background-image":"","background-repeat":"repeat","background-position":"center center","background-size":"auto","background-attachment":"scroll","background-type":"","background-media":"","overlay-type":"","overlay-color":"","overlay-opacity":"","overlay-gradient":""},"tablet":{"background-color":"var(--ast-global-color-4)","background-image":"","background-repeat":"repeat","background-position":"center center","background-size":"auto","background-attachment":"scroll","background-type":"","background-media":"","overlay-type":"","overlay-color":"","overlay-opacity":"","overlay-gradient":""},"mobile":{"background-color":"var(--ast-global-color-4)","background-image":"","background-repeat":"repeat","background-position":"center center","background-size":"auto","background-attachment":"scroll","background-type":"","background-media":"","overlay-type":"","overlay-color":"","overlay-opacity":"","overlay-gradient":""}}},"product_brand":[526],"product_cat":[498,389,292,32],"product_tag":[],"class_list":{"0":"post-77332","1":"product","2":"type-product","3":"status-publish","4":"has-post-thumbnail","6":"product_brand-ledon","7":"product_cat-lekbatar","8":"product_cat-pirates","9":"product_cat-temalek","10":"product_cat-lekstallningar","11":"desktop-align-center","12":"tablet-align-left","13":"mobile-align-left","15":"first","16":"instock","17":"taxable","18":"shipping-taxable","19":"purchasable","20":"product-type-simple"},"_links":{"self":[{"href":"https:\/\/readymade.se\/lekplats\/wp-json\/wp\/v2\/product\/77332","targetHints":{"allow":["GET"]}}],"collection":[{"href":"https:\/\/readymade.se\/lekplats\/wp-json\/wp\/v2\/product"}],"about":[{"href":"https:\/\/readymade.se\/lekplats\/wp-json\/wp\/v2\/types\/product"}],"wp:featuredmedia":[{"embeddable":true,"href":"https:\/\/readymade.se\/lekplats\/wp-json\/wp\/v2\/media\/124767"}],"wp:attachment":[{"href":"https:\/\/readymade.se\/lekplats\/wp-json\/wp\/v2\/media?parent=77332"}],"wp:term":[{"taxonomy":"product_brand","embeddable":true,"href":"https:\/\/readymade.se\/lekplats\/wp-json\/wp\/v2\/product_brand?post=77332"},{"taxonomy":"product_cat","embeddable":true,"href":"https:\/\/readymade.se\/lekplats\/wp-json\/wp\/v2\/product_cat?post=77332"},{"taxonomy":"product_tag","embeddable":true,"href":"https:\/\/readymade.se\/lekplats\/wp-json\/wp\/v2\/product_tag?post=77332"}],"curies":[{"name":"wp","href":"https:\/\/api.w.org\/{rel}","templated":true}]}}