{"id":77326,"date":"2025-12-04T17:01:05","date_gmt":"2025-12-04T16:01:05","guid":{"rendered":"https:\/\/readymade.se\/core\/produkt\/maria-stort-piratskepp-med-trappor\/"},"modified":"2026-02-28T17:56:14","modified_gmt":"2026-02-28T16:56:14","slug":"maria-stort-piratskepp-med-trappor","status":"publish","type":"product","link":"https:\/\/readymade.se\/lekplats\/produkt\/maria-stort-piratskepp-med-trappor\/","title":{"rendered":"Maria Stort piratskepp med trappor"},"content":{"rendered":"<p>Maria \u00e4r ett av de fem stora piratskeppen i Pirates-serien och skapar ett omfattande piratuniversum med aktiviteter i flera zoner. Skeppet \u00e4r utrustat med r\u00f6rliga lekfunktioner s\u00e5som fartygshjul, kompass, ankare, gummilameller och teleskop. I kaptenens hytt finns skattkista, f\u00e4ngelseh\u00e5la, diamantpanel, r\u00f6rliga krabbor och flera detaljer som stimulerar fantasilek. De tv\u00e5 akterd\u00e4cken ligger p\u00e5 90 cm respektive 140 cm h\u00f6jd och n\u00e5s via trappor, kl\u00e4tterv\u00e4gg eller stort kl\u00e4ttern\u00e4t. Det \u00f6vre d\u00e4cket har en lykta i st\u00f6ts\u00e4ker polykarbonat som lyser upp i solsken. Lekst\u00e4llningen \u00e4r zonindelad f\u00f6r att flera \u00e5ldersgrupper ska kunna leka samtidigt.<\/p>\n","protected":false},"excerpt":{"rendered":"<p>Stort piratskepp i tv\u00e5 niv\u00e5er som skapar ett komplett piratuniversum f\u00f6r lekplatser, d\u00e4r barn kan kl\u00e4ttra, utforska, samarbeta och utveckla fantasilek, motorik och socialt samspel.<\/p>\n","protected":false},"featured_media":124771,"template":"","meta":{"site-sidebar-layout":"default","site-content-layout":"","ast-site-content-layout":"default","site-content-style":"default","site-sidebar-style":"default","ast-global-header-display":"","ast-banner-title-visibility":"","ast-main-header-display":"","ast-hfb-above-header-display":"","ast-hfb-below-header-display":"","ast-hfb-mobile-header-display":"","site-post-title":"","ast-breadcrumbs-content":"","ast-featured-img":"","footer-sml-layout":"","theme-transparent-header-meta":"default","adv-header-id-meta":"","stick-header-meta":"","header-above-stick-meta":"","header-main-stick-meta":"","header-below-stick-meta":"","astra-migrate-meta-layouts":"set","ast-page-background-enabled":"default","ast-page-background-meta":{"desktop":{"background-color":"var(--ast-global-color-5)","background-image":"","background-repeat":"repeat","background-position":"center center","background-size":"auto","background-attachment":"scroll","background-type":"","background-media":"","overlay-type":"","overlay-color":"","overlay-opacity":"","overlay-gradient":""},"tablet":{"background-color":"","background-image":"","background-repeat":"repeat","background-position":"center center","background-size":"auto","background-attachment":"scroll","background-type":"","background-media":"","overlay-type":"","overlay-color":"","overlay-opacity":"","overlay-gradient":""},"mobile":{"background-color":"","background-image":"","background-repeat":"repeat","background-position":"center center","background-size":"auto","background-attachment":"scroll","background-type":"","background-media":"","overlay-type":"","overlay-color":"","overlay-opacity":"","overlay-gradient":""}},"ast-content-background-meta":{"desktop":{"background-color":"var(--ast-global-color-4)","background-image":"","background-repeat":"repeat","background-position":"center center","background-size":"auto","background-attachment":"scroll","background-type":"","background-media":"","overlay-type":"","overlay-color":"","overlay-opacity":"","overlay-gradient":""},"tablet":{"background-color":"var(--ast-global-color-4)","background-image":"","background-repeat":"repeat","background-position":"center center","background-size":"auto","background-attachment":"scroll","background-type":"","background-media":"","overlay-type":"","overlay-color":"","overlay-opacity":"","overlay-gradient":""},"mobile":{"background-color":"var(--ast-global-color-4)","background-image":"","background-repeat":"repeat","background-position":"center center","background-size":"auto","background-attachment":"scroll","background-type":"","background-media":"","overlay-type":"","overlay-color":"","overlay-opacity":"","overlay-gradient":""}}},"product_brand":[526],"product_cat":[498,389,292,32],"product_tag":[],"class_list":{"0":"post-77326","1":"product","2":"type-product","3":"status-publish","4":"has-post-thumbnail","6":"product_brand-ledon","7":"product_cat-lekbatar","8":"product_cat-pirates","9":"product_cat-temalek","10":"product_cat-lekstallningar","11":"desktop-align-center","12":"tablet-align-left","13":"mobile-align-left","15":"first","16":"instock","17":"taxable","18":"shipping-taxable","19":"purchasable","20":"product-type-simple"},"_links":{"self":[{"href":"https:\/\/readymade.se\/lekplats\/wp-json\/wp\/v2\/product\/77326","targetHints":{"allow":["GET"]}}],"collection":[{"href":"https:\/\/readymade.se\/lekplats\/wp-json\/wp\/v2\/product"}],"about":[{"href":"https:\/\/readymade.se\/lekplats\/wp-json\/wp\/v2\/types\/product"}],"wp:featuredmedia":[{"embeddable":true,"href":"https:\/\/readymade.se\/lekplats\/wp-json\/wp\/v2\/media\/124771"}],"wp:attachment":[{"href":"https:\/\/readymade.se\/lekplats\/wp-json\/wp\/v2\/media?parent=77326"}],"wp:term":[{"taxonomy":"product_brand","embeddable":true,"href":"https:\/\/readymade.se\/lekplats\/wp-json\/wp\/v2\/product_brand?post=77326"},{"taxonomy":"product_cat","embeddable":true,"href":"https:\/\/readymade.se\/lekplats\/wp-json\/wp\/v2\/product_cat?post=77326"},{"taxonomy":"product_tag","embeddable":true,"href":"https:\/\/readymade.se\/lekplats\/wp-json\/wp\/v2\/product_tag?post=77326"}],"curies":[{"name":"wp","href":"https:\/\/api.w.org\/{rel}","templated":true}]}}