{"id":77305,"date":"2025-12-04T17:00:50","date_gmt":"2025-12-04T16:00:50","guid":{"rendered":"https:\/\/readymade.se\/core\/produkt\/lilla-skatton\/"},"modified":"2026-02-28T18:08:57","modified_gmt":"2026-02-28T17:08:57","slug":"lilla-skatton","status":"publish","type":"product","link":"https:\/\/readymade.se\/lekplats\/produkt\/lilla-skatton\/","title":{"rendered":"Lilla skatt\u00f6n"},"content":{"rendered":"<p>Lilla skatt\u00f6n kan fungera b\u00e5de som ett sj\u00e4lvst\u00e4ndigt lektorn och som en del av ett st\u00f6rre piratuniversum via reptunnlar. Lekmilj\u00f6n kr\u00e4ver cirka 5,5 \u00d7 4,2 meter och inneh\u00e5ller eld, grotta, skattkista och utkikstunna. N\u00e4r solen lyser genom polykarbonatpanelen ovanf\u00f6r elden skapas ett r\u00f6tt ljusspel p\u00e5 marken. Under \u00f6n finns en skattkista med flyttbar nyckel och diamant som stimulerar fantasi och rollspel. Repstegen leder till f\u00f6rsta v\u00e5ningen p\u00e5 90 cm h\u00f6jd med teleskop och utkiksfunktion. F\u00f6nsterpanelen kan bytas mot reptunnel f\u00f6r sammankoppling med piratskepp.<\/p>\n","protected":false},"excerpt":{"rendered":"<p>Kompakt skatt\u00f6 som kan anv\u00e4ndas frist\u00e5ende eller kopplas till piratskepp f\u00f6r ut\u00f6kad rollekslek.<\/p>\n","protected":false},"featured_media":125302,"template":"","meta":{"site-sidebar-layout":"default","site-content-layout":"","ast-site-content-layout":"default","site-content-style":"default","site-sidebar-style":"default","ast-global-header-display":"","ast-banner-title-visibility":"","ast-main-header-display":"","ast-hfb-above-header-display":"","ast-hfb-below-header-display":"","ast-hfb-mobile-header-display":"","site-post-title":"","ast-breadcrumbs-content":"","ast-featured-img":"","footer-sml-layout":"","theme-transparent-header-meta":"default","adv-header-id-meta":"","stick-header-meta":"","header-above-stick-meta":"","header-main-stick-meta":"","header-below-stick-meta":"","astra-migrate-meta-layouts":"set","ast-page-background-enabled":"default","ast-page-background-meta":{"desktop":{"background-color":"var(--ast-global-color-5)","background-image":"","background-repeat":"repeat","background-position":"center center","background-size":"auto","background-attachment":"scroll","background-type":"","background-media":"","overlay-type":"","overlay-color":"","overlay-opacity":"","overlay-gradient":""},"tablet":{"background-color":"","background-image":"","background-repeat":"repeat","background-position":"center center","background-size":"auto","background-attachment":"scroll","background-type":"","background-media":"","overlay-type":"","overlay-color":"","overlay-opacity":"","overlay-gradient":""},"mobile":{"background-color":"","background-image":"","background-repeat":"repeat","background-position":"center center","background-size":"auto","background-attachment":"scroll","background-type":"","background-media":"","overlay-type":"","overlay-color":"","overlay-opacity":"","overlay-gradient":""}},"ast-content-background-meta":{"desktop":{"background-color":"var(--ast-global-color-4)","background-image":"","background-repeat":"repeat","background-position":"center center","background-size":"auto","background-attachment":"scroll","background-type":"","background-media":"","overlay-type":"","overlay-color":"","overlay-opacity":"","overlay-gradient":""},"tablet":{"background-color":"var(--ast-global-color-4)","background-image":"","background-repeat":"repeat","background-position":"center center","background-size":"auto","background-attachment":"scroll","background-type":"","background-media":"","overlay-type":"","overlay-color":"","overlay-opacity":"","overlay-gradient":""},"mobile":{"background-color":"var(--ast-global-color-4)","background-image":"","background-repeat":"repeat","background-position":"center center","background-size":"auto","background-attachment":"scroll","background-type":"","background-media":"","overlay-type":"","overlay-color":"","overlay-opacity":"","overlay-gradient":""}}},"product_brand":[526],"product_cat":[389,370,32],"product_tag":[],"class_list":{"0":"post-77305","1":"product","2":"type-product","3":"status-publish","4":"has-post-thumbnail","6":"product_brand-ledon","7":"product_cat-pirates","8":"product_cat-produktserier","9":"product_cat-lekstallningar","10":"desktop-align-center","11":"tablet-align-left","12":"mobile-align-left","14":"first","15":"instock","16":"taxable","17":"shipping-taxable","18":"purchasable","19":"product-type-simple"},"_links":{"self":[{"href":"https:\/\/readymade.se\/lekplats\/wp-json\/wp\/v2\/product\/77305","targetHints":{"allow":["GET"]}}],"collection":[{"href":"https:\/\/readymade.se\/lekplats\/wp-json\/wp\/v2\/product"}],"about":[{"href":"https:\/\/readymade.se\/lekplats\/wp-json\/wp\/v2\/types\/product"}],"wp:featuredmedia":[{"embeddable":true,"href":"https:\/\/readymade.se\/lekplats\/wp-json\/wp\/v2\/media\/125302"}],"wp:attachment":[{"href":"https:\/\/readymade.se\/lekplats\/wp-json\/wp\/v2\/media?parent=77305"}],"wp:term":[{"taxonomy":"product_brand","embeddable":true,"href":"https:\/\/readymade.se\/lekplats\/wp-json\/wp\/v2\/product_brand?post=77305"},{"taxonomy":"product_cat","embeddable":true,"href":"https:\/\/readymade.se\/lekplats\/wp-json\/wp\/v2\/product_cat?post=77305"},{"taxonomy":"product_tag","embeddable":true,"href":"https:\/\/readymade.se\/lekplats\/wp-json\/wp\/v2\/product_tag?post=77305"}],"curies":[{"name":"wp","href":"https:\/\/api.w.org\/{rel}","templated":true}]}}