{"id":77293,"date":"2025-12-04T17:00:43","date_gmt":"2025-12-04T16:00:43","guid":{"rendered":"https:\/\/readymade.se\/core\/produkt\/gabriel-medium-piratskepp-med-trappa-och-rorrutschbana\/"},"modified":"2026-02-28T18:08:58","modified_gmt":"2026-02-28T17:08:58","slug":"gabriel-medium-piratskepp-med-trappa-och-rorrutschbana","status":"publish","type":"product","link":"https:\/\/readymade.se\/lekplats\/produkt\/gabriel-medium-piratskepp-med-trappa-och-rorrutschbana\/","title":{"rendered":"Gabriel Medium piratskepp med trappa och r\u00f6rrutschbana"},"content":{"rendered":"<p>Gabriel \u00e4r ett medelstort piratskepp som utm\u00e4rker sig genom sin r\u00f6rrutschbana fr\u00e5n 90 cm h\u00f6jd, utrustad med f\u00f6nster som sl\u00e4pper in ljus l\u00e4ngs hela banan. F\u00f6rutom rutschkanan inneh\u00e5ller skeppet teleskop, ankare, r\u00f6rlig kompass, fartygshjul och vinglig planka med fj\u00e4der. Lekst\u00e4llningen tr\u00e4nar balans, koordination och fantasi och \u00e4r mycket uppskattad bland barn p\u00e5 lekplatser v\u00e4rlden \u00f6ver.<\/p>\n","protected":false},"excerpt":{"rendered":"<p>Medelstort piratskepp med popul\u00e4r r\u00f6rrutschbana och m\u00e5nga aktiva lekfunktioner.<\/p>\n","protected":false},"featured_media":125306,"template":"","meta":{"site-sidebar-layout":"default","site-content-layout":"","ast-site-content-layout":"default","site-content-style":"default","site-sidebar-style":"default","ast-global-header-display":"","ast-banner-title-visibility":"","ast-main-header-display":"","ast-hfb-above-header-display":"","ast-hfb-below-header-display":"","ast-hfb-mobile-header-display":"","site-post-title":"","ast-breadcrumbs-content":"","ast-featured-img":"","footer-sml-layout":"","theme-transparent-header-meta":"default","adv-header-id-meta":"","stick-header-meta":"","header-above-stick-meta":"","header-main-stick-meta":"","header-below-stick-meta":"","astra-migrate-meta-layouts":"set","ast-page-background-enabled":"default","ast-page-background-meta":{"desktop":{"background-color":"var(--ast-global-color-5)","background-image":"","background-repeat":"repeat","background-position":"center center","background-size":"auto","background-attachment":"scroll","background-type":"","background-media":"","overlay-type":"","overlay-color":"","overlay-opacity":"","overlay-gradient":""},"tablet":{"background-color":"","background-image":"","background-repeat":"repeat","background-position":"center center","background-size":"auto","background-attachment":"scroll","background-type":"","background-media":"","overlay-type":"","overlay-color":"","overlay-opacity":"","overlay-gradient":""},"mobile":{"background-color":"","background-image":"","background-repeat":"repeat","background-position":"center center","background-size":"auto","background-attachment":"scroll","background-type":"","background-media":"","overlay-type":"","overlay-color":"","overlay-opacity":"","overlay-gradient":""}},"ast-content-background-meta":{"desktop":{"background-color":"var(--ast-global-color-4)","background-image":"","background-repeat":"repeat","background-position":"center center","background-size":"auto","background-attachment":"scroll","background-type":"","background-media":"","overlay-type":"","overlay-color":"","overlay-opacity":"","overlay-gradient":""},"tablet":{"background-color":"var(--ast-global-color-4)","background-image":"","background-repeat":"repeat","background-position":"center center","background-size":"auto","background-attachment":"scroll","background-type":"","background-media":"","overlay-type":"","overlay-color":"","overlay-opacity":"","overlay-gradient":""},"mobile":{"background-color":"var(--ast-global-color-4)","background-image":"","background-repeat":"repeat","background-position":"center center","background-size":"auto","background-attachment":"scroll","background-type":"","background-media":"","overlay-type":"","overlay-color":"","overlay-opacity":"","overlay-gradient":""}}},"product_brand":[526],"product_cat":[498,389,370,292,32],"product_tag":[],"class_list":{"0":"post-77293","1":"product","2":"type-product","3":"status-publish","4":"has-post-thumbnail","6":"product_brand-ledon","7":"product_cat-lekbatar","8":"product_cat-pirates","9":"product_cat-produktserier","10":"product_cat-temalek","11":"product_cat-lekstallningar","12":"desktop-align-center","13":"tablet-align-left","14":"mobile-align-left","16":"first","17":"instock","18":"taxable","19":"shipping-taxable","20":"purchasable","21":"product-type-simple"},"_links":{"self":[{"href":"https:\/\/readymade.se\/lekplats\/wp-json\/wp\/v2\/product\/77293","targetHints":{"allow":["GET"]}}],"collection":[{"href":"https:\/\/readymade.se\/lekplats\/wp-json\/wp\/v2\/product"}],"about":[{"href":"https:\/\/readymade.se\/lekplats\/wp-json\/wp\/v2\/types\/product"}],"wp:featuredmedia":[{"embeddable":true,"href":"https:\/\/readymade.se\/lekplats\/wp-json\/wp\/v2\/media\/125306"}],"wp:attachment":[{"href":"https:\/\/readymade.se\/lekplats\/wp-json\/wp\/v2\/media?parent=77293"}],"wp:term":[{"taxonomy":"product_brand","embeddable":true,"href":"https:\/\/readymade.se\/lekplats\/wp-json\/wp\/v2\/product_brand?post=77293"},{"taxonomy":"product_cat","embeddable":true,"href":"https:\/\/readymade.se\/lekplats\/wp-json\/wp\/v2\/product_cat?post=77293"},{"taxonomy":"product_tag","embeddable":true,"href":"https:\/\/readymade.se\/lekplats\/wp-json\/wp\/v2\/product_tag?post=77293"}],"curies":[{"name":"wp","href":"https:\/\/api.w.org\/{rel}","templated":true}]}}