{"id":77284,"date":"2025-12-04T17:00:36","date_gmt":"2025-12-04T16:00:36","guid":{"rendered":"https:\/\/readymade.se\/core\/produkt\/halifax-medium-piratskepp-med-repstege\/"},"modified":"2026-02-28T18:08:58","modified_gmt":"2026-02-28T17:08:58","slug":"halifax-medium-piratskepp-med-repstege","status":"publish","type":"product","link":"https:\/\/readymade.se\/lekplats\/produkt\/halifax-medium-piratskepp-med-repstege\/","title":{"rendered":"Halifax Medium piratskepp med repstege"},"content":{"rendered":"<p>Halifax \u00e4r ett av de fyra medelstora piratskeppen i Pirates-serien och erbjuder ett brett utbud av lekaktiviteter. I f\u00f6ren kan barnen spana efter land genom ett r\u00f6rligt teleskop, hissa ankaret och styra med kompass och fartygshjul. Det \u00f6vre d\u00e4cket n\u00e5s via repstege, vilket tr\u00e4nar balans och grovmotorik. Alla medelstora piratskepp \u00e4r utrustade med den popul\u00e4ra vingliga plankan med fj\u00e4der, som b\u00e5de utmanar balansen och uppmuntrar social interaktion n\u00e4r barnen f\u00f6rhandlar om lekens regler. Lekaktiviteterna \u00e4r utvecklade utifr\u00e5n barns id\u00e9er och stimulerar rollspel, fysisk aktivitet och samspel.<\/p>\n","protected":false},"excerpt":{"rendered":"<p>Medelstort piratskepp som kombinerar fysisk utmaning, rollekslek och balansmoment i ett aktivt piratuniversum.<\/p>\n","protected":false},"featured_media":125303,"template":"","meta":{"site-sidebar-layout":"default","site-content-layout":"","ast-site-content-layout":"default","site-content-style":"default","site-sidebar-style":"default","ast-global-header-display":"","ast-banner-title-visibility":"","ast-main-header-display":"","ast-hfb-above-header-display":"","ast-hfb-below-header-display":"","ast-hfb-mobile-header-display":"","site-post-title":"","ast-breadcrumbs-content":"","ast-featured-img":"","footer-sml-layout":"","theme-transparent-header-meta":"default","adv-header-id-meta":"","stick-header-meta":"","header-above-stick-meta":"","header-main-stick-meta":"","header-below-stick-meta":"","astra-migrate-meta-layouts":"set","ast-page-background-enabled":"default","ast-page-background-meta":{"desktop":{"background-color":"var(--ast-global-color-5)","background-image":"","background-repeat":"repeat","background-position":"center center","background-size":"auto","background-attachment":"scroll","background-type":"","background-media":"","overlay-type":"","overlay-color":"","overlay-opacity":"","overlay-gradient":""},"tablet":{"background-color":"","background-image":"","background-repeat":"repeat","background-position":"center center","background-size":"auto","background-attachment":"scroll","background-type":"","background-media":"","overlay-type":"","overlay-color":"","overlay-opacity":"","overlay-gradient":""},"mobile":{"background-color":"","background-image":"","background-repeat":"repeat","background-position":"center center","background-size":"auto","background-attachment":"scroll","background-type":"","background-media":"","overlay-type":"","overlay-color":"","overlay-opacity":"","overlay-gradient":""}},"ast-content-background-meta":{"desktop":{"background-color":"var(--ast-global-color-4)","background-image":"","background-repeat":"repeat","background-position":"center center","background-size":"auto","background-attachment":"scroll","background-type":"","background-media":"","overlay-type":"","overlay-color":"","overlay-opacity":"","overlay-gradient":""},"tablet":{"background-color":"var(--ast-global-color-4)","background-image":"","background-repeat":"repeat","background-position":"center center","background-size":"auto","background-attachment":"scroll","background-type":"","background-media":"","overlay-type":"","overlay-color":"","overlay-opacity":"","overlay-gradient":""},"mobile":{"background-color":"var(--ast-global-color-4)","background-image":"","background-repeat":"repeat","background-position":"center center","background-size":"auto","background-attachment":"scroll","background-type":"","background-media":"","overlay-type":"","overlay-color":"","overlay-opacity":"","overlay-gradient":""}}},"product_brand":[526],"product_cat":[498,389,370,292,32],"product_tag":[],"class_list":{"0":"post-77284","1":"product","2":"type-product","3":"status-publish","4":"has-post-thumbnail","6":"product_brand-ledon","7":"product_cat-lekbatar","8":"product_cat-pirates","9":"product_cat-produktserier","10":"product_cat-temalek","11":"product_cat-lekstallningar","12":"desktop-align-center","13":"tablet-align-left","14":"mobile-align-left","16":"first","17":"instock","18":"taxable","19":"shipping-taxable","20":"purchasable","21":"product-type-simple"},"_links":{"self":[{"href":"https:\/\/readymade.se\/lekplats\/wp-json\/wp\/v2\/product\/77284","targetHints":{"allow":["GET"]}}],"collection":[{"href":"https:\/\/readymade.se\/lekplats\/wp-json\/wp\/v2\/product"}],"about":[{"href":"https:\/\/readymade.se\/lekplats\/wp-json\/wp\/v2\/types\/product"}],"wp:featuredmedia":[{"embeddable":true,"href":"https:\/\/readymade.se\/lekplats\/wp-json\/wp\/v2\/media\/125303"}],"wp:attachment":[{"href":"https:\/\/readymade.se\/lekplats\/wp-json\/wp\/v2\/media?parent=77284"}],"wp:term":[{"taxonomy":"product_brand","embeddable":true,"href":"https:\/\/readymade.se\/lekplats\/wp-json\/wp\/v2\/product_brand?post=77284"},{"taxonomy":"product_cat","embeddable":true,"href":"https:\/\/readymade.se\/lekplats\/wp-json\/wp\/v2\/product_cat?post=77284"},{"taxonomy":"product_tag","embeddable":true,"href":"https:\/\/readymade.se\/lekplats\/wp-json\/wp\/v2\/product_tag?post=77284"}],"curies":[{"name":"wp","href":"https:\/\/api.w.org\/{rel}","templated":true}]}}