{"id":77274,"date":"2025-12-04T17:00:33","date_gmt":"2025-12-04T16:00:33","guid":{"rendered":"https:\/\/readymade.se\/core\/produkt\/ofelia-litet-piratskepp-med-trappor\/"},"modified":"2026-02-28T18:09:05","modified_gmt":"2026-02-28T17:09:05","slug":"ofelia-litet-piratskepp-med-trappor","status":"publish","type":"product","link":"https:\/\/readymade.se\/lekplats\/produkt\/ofelia-litet-piratskepp-med-trappor\/","title":{"rendered":"Ofelia Litet piratskepp med trappor"},"content":{"rendered":"<p>Ofelia \u00e4r ett kompakt piratskepp som kr\u00e4ver cirka 7,2 \u00d7 4,7 meter i yta och erbjuder grundl\u00e4ggande piratlek i ett l\u00e4ttillg\u00e4ngligt format. Skeppet har ankare, nycklar, diamantpanel, gummilameller och fartygshjul. Trapporna till \u00f6vre d\u00e4ck g\u00f6r att barn fr\u00e5n cirka 2\u20133 \u00e5r enkelt kan ta sig upp och delta i rolleksleken. Galjonsf\u00f6nstren i slagt\u00e5lig polykarbonat skapar f\u00e4rgeffekter i solsken. Ofelia \u00e4r 100 % underh\u00e5llsfri och tillverkad av \u00e5teranv\u00e4ndbara material.<\/p>\n","protected":false},"excerpt":{"rendered":"<p>Litet och l\u00e4ttillg\u00e4ngligt piratskepp som g\u00f6r det m\u00f6jligt \u00e4ven f\u00f6r yngre barn att delta i leken.<\/p>\n","protected":false},"featured_media":125310,"template":"","meta":{"site-sidebar-layout":"default","site-content-layout":"","ast-site-content-layout":"default","site-content-style":"default","site-sidebar-style":"default","ast-global-header-display":"","ast-banner-title-visibility":"","ast-main-header-display":"","ast-hfb-above-header-display":"","ast-hfb-below-header-display":"","ast-hfb-mobile-header-display":"","site-post-title":"","ast-breadcrumbs-content":"","ast-featured-img":"","footer-sml-layout":"","theme-transparent-header-meta":"default","adv-header-id-meta":"","stick-header-meta":"","header-above-stick-meta":"","header-main-stick-meta":"","header-below-stick-meta":"","astra-migrate-meta-layouts":"set","ast-page-background-enabled":"default","ast-page-background-meta":{"desktop":{"background-color":"var(--ast-global-color-5)","background-image":"","background-repeat":"repeat","background-position":"center center","background-size":"auto","background-attachment":"scroll","background-type":"","background-media":"","overlay-type":"","overlay-color":"","overlay-opacity":"","overlay-gradient":""},"tablet":{"background-color":"","background-image":"","background-repeat":"repeat","background-position":"center center","background-size":"auto","background-attachment":"scroll","background-type":"","background-media":"","overlay-type":"","overlay-color":"","overlay-opacity":"","overlay-gradient":""},"mobile":{"background-color":"","background-image":"","background-repeat":"repeat","background-position":"center center","background-size":"auto","background-attachment":"scroll","background-type":"","background-media":"","overlay-type":"","overlay-color":"","overlay-opacity":"","overlay-gradient":""}},"ast-content-background-meta":{"desktop":{"background-color":"var(--ast-global-color-4)","background-image":"","background-repeat":"repeat","background-position":"center center","background-size":"auto","background-attachment":"scroll","background-type":"","background-media":"","overlay-type":"","overlay-color":"","overlay-opacity":"","overlay-gradient":""},"tablet":{"background-color":"var(--ast-global-color-4)","background-image":"","background-repeat":"repeat","background-position":"center center","background-size":"auto","background-attachment":"scroll","background-type":"","background-media":"","overlay-type":"","overlay-color":"","overlay-opacity":"","overlay-gradient":""},"mobile":{"background-color":"var(--ast-global-color-4)","background-image":"","background-repeat":"repeat","background-position":"center center","background-size":"auto","background-attachment":"scroll","background-type":"","background-media":"","overlay-type":"","overlay-color":"","overlay-opacity":"","overlay-gradient":""}}},"product_brand":[526],"product_cat":[498,389,370,292,32],"product_tag":[],"class_list":{"0":"post-77274","1":"product","2":"type-product","3":"status-publish","4":"has-post-thumbnail","6":"product_brand-ledon","7":"product_cat-lekbatar","8":"product_cat-pirates","9":"product_cat-produktserier","10":"product_cat-temalek","11":"product_cat-lekstallningar","12":"desktop-align-center","13":"tablet-align-left","14":"mobile-align-left","16":"first","17":"instock","18":"taxable","19":"shipping-taxable","20":"purchasable","21":"product-type-simple"},"_links":{"self":[{"href":"https:\/\/readymade.se\/lekplats\/wp-json\/wp\/v2\/product\/77274","targetHints":{"allow":["GET"]}}],"collection":[{"href":"https:\/\/readymade.se\/lekplats\/wp-json\/wp\/v2\/product"}],"about":[{"href":"https:\/\/readymade.se\/lekplats\/wp-json\/wp\/v2\/types\/product"}],"wp:featuredmedia":[{"embeddable":true,"href":"https:\/\/readymade.se\/lekplats\/wp-json\/wp\/v2\/media\/125310"}],"wp:attachment":[{"href":"https:\/\/readymade.se\/lekplats\/wp-json\/wp\/v2\/media?parent=77274"}],"wp:term":[{"taxonomy":"product_brand","embeddable":true,"href":"https:\/\/readymade.se\/lekplats\/wp-json\/wp\/v2\/product_brand?post=77274"},{"taxonomy":"product_cat","embeddable":true,"href":"https:\/\/readymade.se\/lekplats\/wp-json\/wp\/v2\/product_cat?post=77274"},{"taxonomy":"product_tag","embeddable":true,"href":"https:\/\/readymade.se\/lekplats\/wp-json\/wp\/v2\/product_tag?post=77274"}],"curies":[{"name":"wp","href":"https:\/\/api.w.org\/{rel}","templated":true}]}}