{"id":77268,"date":"2025-12-04T17:00:27","date_gmt":"2025-12-04T16:00:27","guid":{"rendered":"https:\/\/readymade.se\/core\/produkt\/merkurius-stor-bogsektion-och-styrhytt\/"},"modified":"2026-02-28T18:09:05","modified_gmt":"2026-02-28T17:09:05","slug":"merkurius-stor-bogsektion-och-styrhytt","status":"publish","type":"product","link":"https:\/\/readymade.se\/lekplats\/produkt\/merkurius-stor-bogsektion-och-styrhytt\/","title":{"rendered":"Merkurius Stor bogsektion och styrhytt"},"content":{"rendered":"<p>Merkurius \u00e4r en omfattande del av det flexibla piratskeppssystemet d\u00e4r sektionerna kan placeras med avst\u00e5nd f\u00f6r att m\u00f6jligg\u00f6ra lek f\u00f6r m\u00e5nga barn samtidigt. Skeppet inneh\u00e5ller fartygshjul, kompass, ankare, teleskop och gummilameller samt en kaptenhytt med skattkista, f\u00e4ngelseh\u00e5la, diamantpanel och r\u00f6rlig krabba. Tv\u00e5 akterd\u00e4ck finns p\u00e5 90 cm respektive 140 cm h\u00f6jd, varifr\u00e5n rutschkanan n\u00e5s. Stora f\u00f6nster ger god uppsikt f\u00f6r vuxna utan att st\u00f6ra barnens lek. En del av LEDON Pirates med fokus p\u00e5 rollspel, social interaktion och fysisk lek.<\/p>\n","protected":false},"excerpt":{"rendered":"<p>Avancerad piratsektion med styrhytt och flera d\u00e4ckniv\u00e5er som skapar rika m\u00f6jligheter till fantasifull rollekslek. Utformad f\u00f6r att engagera m\u00e5nga barn samtidigt.<\/p>\n","protected":false},"featured_media":125314,"template":"","meta":{"site-sidebar-layout":"default","site-content-layout":"","ast-site-content-layout":"default","site-content-style":"default","site-sidebar-style":"default","ast-global-header-display":"","ast-banner-title-visibility":"","ast-main-header-display":"","ast-hfb-above-header-display":"","ast-hfb-below-header-display":"","ast-hfb-mobile-header-display":"","site-post-title":"","ast-breadcrumbs-content":"","ast-featured-img":"","footer-sml-layout":"","theme-transparent-header-meta":"default","adv-header-id-meta":"","stick-header-meta":"","header-above-stick-meta":"","header-main-stick-meta":"","header-below-stick-meta":"","astra-migrate-meta-layouts":"set","ast-page-background-enabled":"default","ast-page-background-meta":{"desktop":{"background-color":"var(--ast-global-color-5)","background-image":"","background-repeat":"repeat","background-position":"center center","background-size":"auto","background-attachment":"scroll","background-type":"","background-media":"","overlay-type":"","overlay-color":"","overlay-opacity":"","overlay-gradient":""},"tablet":{"background-color":"","background-image":"","background-repeat":"repeat","background-position":"center center","background-size":"auto","background-attachment":"scroll","background-type":"","background-media":"","overlay-type":"","overlay-color":"","overlay-opacity":"","overlay-gradient":""},"mobile":{"background-color":"","background-image":"","background-repeat":"repeat","background-position":"center center","background-size":"auto","background-attachment":"scroll","background-type":"","background-media":"","overlay-type":"","overlay-color":"","overlay-opacity":"","overlay-gradient":""}},"ast-content-background-meta":{"desktop":{"background-color":"var(--ast-global-color-4)","background-image":"","background-repeat":"repeat","background-position":"center center","background-size":"auto","background-attachment":"scroll","background-type":"","background-media":"","overlay-type":"","overlay-color":"","overlay-opacity":"","overlay-gradient":""},"tablet":{"background-color":"var(--ast-global-color-4)","background-image":"","background-repeat":"repeat","background-position":"center center","background-size":"auto","background-attachment":"scroll","background-type":"","background-media":"","overlay-type":"","overlay-color":"","overlay-opacity":"","overlay-gradient":""},"mobile":{"background-color":"var(--ast-global-color-4)","background-image":"","background-repeat":"repeat","background-position":"center center","background-size":"auto","background-attachment":"scroll","background-type":"","background-media":"","overlay-type":"","overlay-color":"","overlay-opacity":"","overlay-gradient":""}}},"product_brand":[526],"product_cat":[498,389,370,292,32],"product_tag":[],"class_list":{"0":"post-77268","1":"product","2":"type-product","3":"status-publish","4":"has-post-thumbnail","6":"product_brand-ledon","7":"product_cat-lekbatar","8":"product_cat-pirates","9":"product_cat-produktserier","10":"product_cat-temalek","11":"product_cat-lekstallningar","12":"desktop-align-center","13":"tablet-align-left","14":"mobile-align-left","16":"first","17":"instock","18":"taxable","19":"shipping-taxable","20":"purchasable","21":"product-type-simple"},"_links":{"self":[{"href":"https:\/\/readymade.se\/lekplats\/wp-json\/wp\/v2\/product\/77268","targetHints":{"allow":["GET"]}}],"collection":[{"href":"https:\/\/readymade.se\/lekplats\/wp-json\/wp\/v2\/product"}],"about":[{"href":"https:\/\/readymade.se\/lekplats\/wp-json\/wp\/v2\/types\/product"}],"wp:featuredmedia":[{"embeddable":true,"href":"https:\/\/readymade.se\/lekplats\/wp-json\/wp\/v2\/media\/125314"}],"wp:attachment":[{"href":"https:\/\/readymade.se\/lekplats\/wp-json\/wp\/v2\/media?parent=77268"}],"wp:term":[{"taxonomy":"product_brand","embeddable":true,"href":"https:\/\/readymade.se\/lekplats\/wp-json\/wp\/v2\/product_brand?post=77268"},{"taxonomy":"product_cat","embeddable":true,"href":"https:\/\/readymade.se\/lekplats\/wp-json\/wp\/v2\/product_cat?post=77268"},{"taxonomy":"product_tag","embeddable":true,"href":"https:\/\/readymade.se\/lekplats\/wp-json\/wp\/v2\/product_tag?post=77268"}],"curies":[{"name":"wp","href":"https:\/\/api.w.org\/{rel}","templated":true}]}}