{"id":77252,"date":"2025-12-04T17:00:11","date_gmt":"2025-12-04T16:00:11","guid":{"rendered":"https:\/\/readymade.se\/core\/produkt\/krokodil-balansbalk\/"},"modified":"2025-12-19T15:58:39","modified_gmt":"2025-12-19T14:58:39","slug":"krokodil-balansbalk","status":"publish","type":"product","link":"https:\/\/readymade.se\/lekplats\/produkt\/krokodil-balansbalk\/","title":{"rendered":"Krokodil Balansbalk"},"content":{"rendered":"<p>Kliv \u00f6ver den kn\u00e4ppande krokodilen V\u00e5r krokodil har tre steg p\u00e5 tv\u00e5 niv\u00e5er. N\u00e4r de leker p\u00e5 krokodilen m\u00e5ste barn koncentrera sig n\u00e4r de g\u00e5r fr\u00e5n ett steg till n\u00e4sta. Detta tr\u00e4nar b\u00e5de deras balans och deras \u00f6gon-fotkoordination. Det senare \u00e4r s\u00e4rskilt viktigt f\u00f6r utvecklingen av barns finmotorik. Det kan tyckas ologiskt, men i sj\u00e4lva verket m\u00e5ste barn utveckla \u00f6gon-fot-koordination innan de b\u00f6rjar utveckla \u00f6gon-hand-koordination, som de anv\u00e4nder n\u00e4r de h\u00e5ller i verktyg eller l\u00e4r sig skriva. Skapar en sammanh\u00e4ngande lekplats P\u00e5 lekplatsen kan krokodilen tj\u00e4na tv\u00e5 syften. Det \u00e4r en rolig balansutrustning som kan st\u00e5 f\u00f6r sig sj\u00e4lv eller vara en del av en st\u00f6rre hinderbana. Samtidigt v\u00e4cker dess tematiska design ocks\u00e5 barns kreativitet och fantasifulla lek. Den passar perfekt in i piratuniversumet, men kan l\u00e4tt ing\u00e5 i andra temav\u00e4rldar ocks\u00e5. Till exempel i LEDON Explores djupa djungel eller i en LEDON Castle vallgrav. Varf\u00f6r v\u00e4lja LEDON Pirates? Lekaktiviteterna p\u00e5 piratlekplatsen \u00e4r till 100 % inspirerade av barn och bygger p\u00e5 barns id\u00e9er om lekaktiviteter med pirattema. I Pirates har flera innovativa lekaktiviteter utformats som stimulerar till rollspel, social interaktion och fysisk lek, till exempel den vingliga plankan. Fartygen finns i m\u00e5nga olika prisklasser och nya element kan enkelt l\u00e4ggas till i universum. Piratskeppen \u00e4r indelade i zoner s\u00e5 att flera \u00e5ldersgrupper kan leka samtidigt utan att st\u00f6ra varandra.<\/p>\n","protected":false},"excerpt":{"rendered":"<p>Kliv \u00f6ver den kn\u00e4ppande krokodilen V\u00e5r krokodil har tre steg p\u00e5 tv\u00e5 niv\u00e5er. N\u00e4r man leker p\u00e5 krokodilen m\u00e5ste barnen koncentrera sig n\u00e4r de flyttar fr\u00e5n ett steg till<\/p>\n","protected":false},"featured_media":105571,"template":"","meta":{"site-sidebar-layout":"default","site-content-layout":"","ast-site-content-layout":"default","site-content-style":"default","site-sidebar-style":"default","ast-global-header-display":"","ast-banner-title-visibility":"","ast-main-header-display":"","ast-hfb-above-header-display":"","ast-hfb-below-header-display":"","ast-hfb-mobile-header-display":"","site-post-title":"","ast-breadcrumbs-content":"","ast-featured-img":"","footer-sml-layout":"","theme-transparent-header-meta":"default","adv-header-id-meta":"","stick-header-meta":"","header-above-stick-meta":"","header-main-stick-meta":"","header-below-stick-meta":"","astra-migrate-meta-layouts":"set","ast-page-background-enabled":"default","ast-page-background-meta":{"desktop":{"background-color":"var(--ast-global-color-5)","background-image":"","background-repeat":"repeat","background-position":"center center","background-size":"auto","background-attachment":"scroll","background-type":"","background-media":"","overlay-type":"","overlay-color":"","overlay-opacity":"","overlay-gradient":""},"tablet":{"background-color":"","background-image":"","background-repeat":"repeat","background-position":"center center","background-size":"auto","background-attachment":"scroll","background-type":"","background-media":"","overlay-type":"","overlay-color":"","overlay-opacity":"","overlay-gradient":""},"mobile":{"background-color":"","background-image":"","background-repeat":"repeat","background-position":"center center","background-size":"auto","background-attachment":"scroll","background-type":"","background-media":"","overlay-type":"","overlay-color":"","overlay-opacity":"","overlay-gradient":""}},"ast-content-background-meta":{"desktop":{"background-color":"var(--ast-global-color-4)","background-image":"","background-repeat":"repeat","background-position":"center center","background-size":"auto","background-attachment":"scroll","background-type":"","background-media":"","overlay-type":"","overlay-color":"","overlay-opacity":"","overlay-gradient":""},"tablet":{"background-color":"var(--ast-global-color-4)","background-image":"","background-repeat":"repeat","background-position":"center center","background-size":"auto","background-attachment":"scroll","background-type":"","background-media":"","overlay-type":"","overlay-color":"","overlay-opacity":"","overlay-gradient":""},"mobile":{"background-color":"var(--ast-global-color-4)","background-image":"","background-repeat":"repeat","background-position":"center center","background-size":"auto","background-attachment":"scroll","background-type":"","background-media":"","overlay-type":"","overlay-color":"","overlay-opacity":"","overlay-gradient":""}}},"product_brand":[526],"product_cat":[55,389],"product_tag":[],"class_list":{"0":"post-77252","1":"product","2":"type-product","3":"status-publish","4":"has-post-thumbnail","6":"product_brand-ledon","7":"product_cat-balans-motorik","8":"product_cat-pirates","9":"desktop-align-center","10":"tablet-align-left","11":"mobile-align-left","13":"first","14":"instock","15":"taxable","16":"shipping-taxable","17":"purchasable","18":"product-type-simple"},"_links":{"self":[{"href":"https:\/\/readymade.se\/lekplats\/wp-json\/wp\/v2\/product\/77252","targetHints":{"allow":["GET"]}}],"collection":[{"href":"https:\/\/readymade.se\/lekplats\/wp-json\/wp\/v2\/product"}],"about":[{"href":"https:\/\/readymade.se\/lekplats\/wp-json\/wp\/v2\/types\/product"}],"wp:featuredmedia":[{"embeddable":true,"href":"https:\/\/readymade.se\/lekplats\/wp-json\/wp\/v2\/media\/105571"}],"wp:attachment":[{"href":"https:\/\/readymade.se\/lekplats\/wp-json\/wp\/v2\/media?parent=77252"}],"wp:term":[{"taxonomy":"product_brand","embeddable":true,"href":"https:\/\/readymade.se\/lekplats\/wp-json\/wp\/v2\/product_brand?post=77252"},{"taxonomy":"product_cat","embeddable":true,"href":"https:\/\/readymade.se\/lekplats\/wp-json\/wp\/v2\/product_cat?post=77252"},{"taxonomy":"product_tag","embeddable":true,"href":"https:\/\/readymade.se\/lekplats\/wp-json\/wp\/v2\/product_tag?post=77252"}],"curies":[{"name":"wp","href":"https:\/\/api.w.org\/{rel}","templated":true}]}}