{"id":77250,"date":"2025-12-04T17:00:09","date_gmt":"2025-12-04T16:00:09","guid":{"rendered":"https:\/\/readymade.se\/core\/produkt\/trappsten-60cm-2\/"},"modified":"2026-02-27T19:49:19","modified_gmt":"2026-02-27T18:49:19","slug":"trappsten-60cm-2","status":"publish","type":"product","link":"https:\/\/readymade.se\/lekplats\/produkt\/trappsten-60cm-2\/","title":{"rendered":"Trappsten, 60cm"},"content":{"rendered":"<p>Steg stones skapar en sammanh\u00e4ngande lekplats Steg stones i Pirates-serien \u00e4r anv\u00e4ndbara f\u00f6r att koppla samman piratuniversum med en befintlig lekplats. P\u00e5 s\u00e5 s\u00e4tt kan alla lekredskapen bli en del av en st\u00f6rre balanseringsbana. Stegstenarna finns i fyra olika h\u00f6jder, vilket s\u00e4kerst\u00e4ller att det \u00e4r m\u00f6jligt att designa en balanseringsbana f\u00f6r barn i alla \u00e5ldrar. Stegstenarna anv\u00e4nds ofta i spel som &#8221;golvet \u00e4r lava&#8221;, &#8221;tagg&#8221; och f\u00f6r att t\u00e4vla mot varandra. N\u00e4r barn hoppar fr\u00e5n en spr\u00e5ngbr\u00e4da till en annan tr\u00e4nar det deras grovmotorik, balans och koordination. De galvaniserade st\u00e5lstolparna s\u00e4kerst\u00e4ller en solid och underh\u00e5llsfri konstruktion. Dessutom har stegstenarna en halkfri yta. Varf\u00f6r v\u00e4lja LEDON Pirates? Lekaktiviteterna p\u00e5 piratlekplatsen \u00e4r till 100 % inspirerade av barn och bygger p\u00e5 barns id\u00e9er om lekaktiviteter med pirattema. I Pirates har flera innovativa lekaktiviteter utformats som stimulerar till rollspel, social interaktion och fysisk lek, till exempel den vingliga plankan. Fartygen finns i m\u00e5nga olika prisklasser och nya element kan enkelt l\u00e4ggas till i universum. Piratskeppen \u00e4r indelade i zoner s\u00e5 att flera \u00e5ldersgrupper kan leka samtidigt utan att st\u00f6ra varandra.<\/p>\n","protected":false},"excerpt":{"rendered":"<p>Steg stones skapar en sammanh\u00e4ngande lekplats Steg stones i Pirates-serien \u00e4r anv\u00e4ndbara f\u00f6r att koppla samman piratuniversum med en befintlig lekplats. P\u00e5 detta s\u00e4tt, a<\/p>\n","protected":false},"featured_media":123420,"template":"","meta":{"site-sidebar-layout":"default","site-content-layout":"","ast-site-content-layout":"default","site-content-style":"default","site-sidebar-style":"default","ast-global-header-display":"","ast-banner-title-visibility":"","ast-main-header-display":"","ast-hfb-above-header-display":"","ast-hfb-below-header-display":"","ast-hfb-mobile-header-display":"","site-post-title":"","ast-breadcrumbs-content":"","ast-featured-img":"","footer-sml-layout":"","theme-transparent-header-meta":"default","adv-header-id-meta":"","stick-header-meta":"","header-above-stick-meta":"","header-main-stick-meta":"","header-below-stick-meta":"","astra-migrate-meta-layouts":"set","ast-page-background-enabled":"default","ast-page-background-meta":{"desktop":{"background-color":"var(--ast-global-color-5)","background-image":"","background-repeat":"repeat","background-position":"center center","background-size":"auto","background-attachment":"scroll","background-type":"","background-media":"","overlay-type":"","overlay-color":"","overlay-opacity":"","overlay-gradient":""},"tablet":{"background-color":"","background-image":"","background-repeat":"repeat","background-position":"center center","background-size":"auto","background-attachment":"scroll","background-type":"","background-media":"","overlay-type":"","overlay-color":"","overlay-opacity":"","overlay-gradient":""},"mobile":{"background-color":"","background-image":"","background-repeat":"repeat","background-position":"center center","background-size":"auto","background-attachment":"scroll","background-type":"","background-media":"","overlay-type":"","overlay-color":"","overlay-opacity":"","overlay-gradient":""}},"ast-content-background-meta":{"desktop":{"background-color":"var(--ast-global-color-4)","background-image":"","background-repeat":"repeat","background-position":"center center","background-size":"auto","background-attachment":"scroll","background-type":"","background-media":"","overlay-type":"","overlay-color":"","overlay-opacity":"","overlay-gradient":""},"tablet":{"background-color":"var(--ast-global-color-4)","background-image":"","background-repeat":"repeat","background-position":"center center","background-size":"auto","background-attachment":"scroll","background-type":"","background-media":"","overlay-type":"","overlay-color":"","overlay-opacity":"","overlay-gradient":""},"mobile":{"background-color":"var(--ast-global-color-4)","background-image":"","background-repeat":"repeat","background-position":"center center","background-size":"auto","background-attachment":"scroll","background-type":"","background-media":"","overlay-type":"","overlay-color":"","overlay-opacity":"","overlay-gradient":""}}},"product_brand":[526],"product_cat":[55,389],"product_tag":[],"class_list":{"0":"post-77250","1":"product","2":"type-product","3":"status-publish","4":"has-post-thumbnail","6":"product_brand-ledon","7":"product_cat-balans-motorik","8":"product_cat-pirates","9":"desktop-align-center","10":"tablet-align-left","11":"mobile-align-left","13":"first","14":"instock","15":"taxable","16":"shipping-taxable","17":"purchasable","18":"product-type-simple"},"_links":{"self":[{"href":"https:\/\/readymade.se\/lekplats\/wp-json\/wp\/v2\/product\/77250","targetHints":{"allow":["GET"]}}],"collection":[{"href":"https:\/\/readymade.se\/lekplats\/wp-json\/wp\/v2\/product"}],"about":[{"href":"https:\/\/readymade.se\/lekplats\/wp-json\/wp\/v2\/types\/product"}],"wp:featuredmedia":[{"embeddable":true,"href":"https:\/\/readymade.se\/lekplats\/wp-json\/wp\/v2\/media\/123420"}],"wp:attachment":[{"href":"https:\/\/readymade.se\/lekplats\/wp-json\/wp\/v2\/media?parent=77250"}],"wp:term":[{"taxonomy":"product_brand","embeddable":true,"href":"https:\/\/readymade.se\/lekplats\/wp-json\/wp\/v2\/product_brand?post=77250"},{"taxonomy":"product_cat","embeddable":true,"href":"https:\/\/readymade.se\/lekplats\/wp-json\/wp\/v2\/product_cat?post=77250"},{"taxonomy":"product_tag","embeddable":true,"href":"https:\/\/readymade.se\/lekplats\/wp-json\/wp\/v2\/product_tag?post=77250"}],"curies":[{"name":"wp","href":"https:\/\/api.w.org\/{rel}","templated":true}]}}