{"id":77160,"date":"2025-12-04T16:59:50","date_gmt":"2025-12-04T15:59:50","guid":{"rendered":"https:\/\/readymade.se\/core\/produkt\/trappsten-50cm\/"},"modified":"2026-02-27T19:49:42","modified_gmt":"2026-02-27T18:49:42","slug":"trappsten-50cm","status":"publish","type":"product","link":"https:\/\/readymade.se\/lekplats\/produkt\/trappsten-50cm\/","title":{"rendered":"Trappsten, 50cm"},"content":{"rendered":"<p>Noggrant kombinerade lekredskap Spr\u00e5ngstenarna i LEDON Castle-universum \u00e4r ett bevis p\u00e5 att ett plus ett ger mycket mer \u00e4n tv\u00e5. Om de placeras, till exempel, vid riddarens sk\u00f6ld med det snurrande sv\u00e4rdet, kommer barn att uppt\u00e4cka helt nya dimensioner i sin lek. Med symboler h\u00e4mtade fr\u00e5n riddarborgen stimulerar trappstenarna barns fantasi och spr\u00e5kinl\u00e4rning. H\u00f6jder f\u00f6r stora och sm\u00e5 Med fyra olika h\u00f6jder g\u00e5r det att skapa en balansbana f\u00f6r barn i alla \u00e5ldrar. Kanske kan de anv\u00e4ndas f\u00f6r att hoppa \u00f6ver vallgraven, eller spela &#8221;golvet \u00e4r lava&#8221;? Stegstenarna tr\u00e4nar balans, motorik och koordination \u2013 de perfekta utmaningarna f\u00f6r sm\u00e5 prinsar och prinsessor. Varf\u00f6r v\u00e4lja LEDON Castle? Barnens favorit n\u00e4r de har att s\u00e4ga till om valet av lekplats. I\u00f6gonfallande leksystem som v\u00e4cker nyfikenhet och intresse hos b\u00e5de barn och vuxna. Castle-universumet st\u00f6der rollspel f\u00f6r b\u00e5de prinsessor och prinsar: sociala regler, f\u00f6rhandling och f\u00f6rst\u00e5else av den sociala hierarkin.<\/p>\n","protected":false},"excerpt":{"rendered":"<p>Noggrant kombinerade lekredskap Spr\u00e5ngstenarna i LEDON Castle-universum \u00e4r ett bevis p\u00e5 att ett plus ett ger mycket mer \u00e4n tv\u00e5. Om placerad, till exempel, av riddaren<\/p>\n","protected":false},"featured_media":123425,"template":"","meta":{"site-sidebar-layout":"default","site-content-layout":"","ast-site-content-layout":"default","site-content-style":"default","site-sidebar-style":"default","ast-global-header-display":"","ast-banner-title-visibility":"","ast-main-header-display":"","ast-hfb-above-header-display":"","ast-hfb-below-header-display":"","ast-hfb-mobile-header-display":"","site-post-title":"","ast-breadcrumbs-content":"","ast-featured-img":"","footer-sml-layout":"","theme-transparent-header-meta":"default","adv-header-id-meta":"","stick-header-meta":"","header-above-stick-meta":"","header-main-stick-meta":"","header-below-stick-meta":"","astra-migrate-meta-layouts":"set","ast-page-background-enabled":"default","ast-page-background-meta":{"desktop":{"background-color":"var(--ast-global-color-5)","background-image":"","background-repeat":"repeat","background-position":"center center","background-size":"auto","background-attachment":"scroll","background-type":"","background-media":"","overlay-type":"","overlay-color":"","overlay-opacity":"","overlay-gradient":""},"tablet":{"background-color":"","background-image":"","background-repeat":"repeat","background-position":"center center","background-size":"auto","background-attachment":"scroll","background-type":"","background-media":"","overlay-type":"","overlay-color":"","overlay-opacity":"","overlay-gradient":""},"mobile":{"background-color":"","background-image":"","background-repeat":"repeat","background-position":"center center","background-size":"auto","background-attachment":"scroll","background-type":"","background-media":"","overlay-type":"","overlay-color":"","overlay-opacity":"","overlay-gradient":""}},"ast-content-background-meta":{"desktop":{"background-color":"var(--ast-global-color-4)","background-image":"","background-repeat":"repeat","background-position":"center center","background-size":"auto","background-attachment":"scroll","background-type":"","background-media":"","overlay-type":"","overlay-color":"","overlay-opacity":"","overlay-gradient":""},"tablet":{"background-color":"var(--ast-global-color-4)","background-image":"","background-repeat":"repeat","background-position":"center center","background-size":"auto","background-attachment":"scroll","background-type":"","background-media":"","overlay-type":"","overlay-color":"","overlay-opacity":"","overlay-gradient":""},"mobile":{"background-color":"var(--ast-global-color-4)","background-image":"","background-repeat":"repeat","background-position":"center center","background-size":"auto","background-attachment":"scroll","background-type":"","background-media":"","overlay-type":"","overlay-color":"","overlay-opacity":"","overlay-gradient":""}}},"product_brand":[526],"product_cat":[55,391],"product_tag":[],"class_list":{"0":"post-77160","1":"product","2":"type-product","3":"status-publish","4":"has-post-thumbnail","6":"product_brand-ledon","7":"product_cat-balans-motorik","8":"product_cat-castle","9":"desktop-align-center","10":"tablet-align-left","11":"mobile-align-left","13":"first","14":"instock","15":"taxable","16":"shipping-taxable","17":"purchasable","18":"product-type-simple"},"_links":{"self":[{"href":"https:\/\/readymade.se\/lekplats\/wp-json\/wp\/v2\/product\/77160","targetHints":{"allow":["GET"]}}],"collection":[{"href":"https:\/\/readymade.se\/lekplats\/wp-json\/wp\/v2\/product"}],"about":[{"href":"https:\/\/readymade.se\/lekplats\/wp-json\/wp\/v2\/types\/product"}],"wp:featuredmedia":[{"embeddable":true,"href":"https:\/\/readymade.se\/lekplats\/wp-json\/wp\/v2\/media\/123425"}],"wp:attachment":[{"href":"https:\/\/readymade.se\/lekplats\/wp-json\/wp\/v2\/media?parent=77160"}],"wp:term":[{"taxonomy":"product_brand","embeddable":true,"href":"https:\/\/readymade.se\/lekplats\/wp-json\/wp\/v2\/product_brand?post=77160"},{"taxonomy":"product_cat","embeddable":true,"href":"https:\/\/readymade.se\/lekplats\/wp-json\/wp\/v2\/product_cat?post=77160"},{"taxonomy":"product_tag","embeddable":true,"href":"https:\/\/readymade.se\/lekplats\/wp-json\/wp\/v2\/product_tag?post=77160"}],"curies":[{"name":"wp","href":"https:\/\/api.w.org\/{rel}","templated":true}]}}