{"id":77091,"date":"2025-11-12T21:16:30","date_gmt":"2025-11-12T20:16:30","guid":{"rendered":"https:\/\/readymade.se\/core\/produkt\/beth\/"},"modified":"2026-02-28T18:09:44","modified_gmt":"2026-02-28T17:09:44","slug":"beth","status":"publish","type":"product","link":"https:\/\/readymade.se\/lekplats\/produkt\/beth\/","title":{"rendered":"Beth"},"content":{"rendered":"<p>En traditionell lekstuga med b\u00e4nk Beth \u00e4r en av de fyra lekstugor i Basic-serien. Denna modell har en traditionell design med fyra v\u00e4ggar och en b\u00e4nk inuti, d\u00e4r barnen kan sitta. Vill du ha en av v\u00e5ra lekstugor med mindre ytbehov? Ta d\u00e5 en titt p\u00e5 v\u00e5ra LB083 Ben , LB084 Beca och LB086 Bibi lekstugor. Lekstugor har flera funktioner f\u00f6r barnen. De \u00e4r bra f\u00f6r rollspel och f\u00f6rdjupning av en lekpanel, men lekstugor kan ocks\u00e5 vara en plats d\u00e4r barnen kan dra sig tillbaka. Barn \u00e4lskar g\u00f6mst\u00e4llen, eftersom de d\u00f6ljer dem fr\u00e5n omv\u00e4rlden och ger dem tid att prata och dela hemligheter. I v\u00e5r lekstuga i Beth kan barnen skaffa sig en viloplats, d\u00e4r de kan k\u00e4nna sig trygga och f\u00f6lja med i v\u00e4rlden. B\u00e4nken ger dem en plats att sitta p\u00e5, b\u00e5de ensamma och med en kompis. Liksom resten av Basic-serien \u00e4r Beth tillverkad av material med l\u00e5gt underh\u00e5ll, vilket g\u00f6r att du sparar b\u00e5de tid och resurser p\u00e5 att underh\u00e5lla lekstugan. Dessutom \u00e4r materialet \u00e5teranv\u00e4ndbart och kan \u00e5tervinnas och anv\u00e4ndas till nya lekplatser n\u00e4r Beth g\u00e5r i pension. Varf\u00f6r v\u00e4lja LEDON basic? Alla de grundl\u00e4ggande elementen du beh\u00f6ver f\u00f6r en l\u00e5gkvalitativ lekplats till l\u00e5ga priser. Kompakta torn, som kr\u00e4ver lite utrymme. Systemen finns i en m\u00e4ngd olika varianter f\u00f6r att m\u00f6ta alla behov. Att tillhandah\u00e5lla grundl\u00e4ggande motoriska utmaningar \u00e4r av st\u00f6rsta vikt \u2013 det \u00e4r ocks\u00e5 en lekplats f\u00f6r \u00e4ldre barn. Kan enkelt integreras i b\u00e5de befintliga lekmilj\u00f6er eller kombineras med v\u00e5ra andra temav\u00e4rldar.<\/p>\n","protected":false},"excerpt":{"rendered":"<p>En traditionell lekstuga med b\u00e4nk Beth \u00e4r en av de fyra lekstugor i Basic-serien. Denna modell har en traditionell design med fyra v\u00e4ggar och en b\u00e4nk inuti, d\u00e4r ca<\/p>\n","protected":false},"featured_media":125347,"template":"","meta":{"site-sidebar-layout":"","site-content-layout":"","ast-site-content-layout":"","site-content-style":"","site-sidebar-style":"","ast-global-header-display":"","ast-banner-title-visibility":"","ast-main-header-display":"","ast-hfb-above-header-display":"","ast-hfb-below-header-display":"","ast-hfb-mobile-header-display":"","site-post-title":"","ast-breadcrumbs-content":"","ast-featured-img":"","footer-sml-layout":"","theme-transparent-header-meta":"","adv-header-id-meta":"","stick-header-meta":"","header-above-stick-meta":"","header-main-stick-meta":"","header-below-stick-meta":"","astra-migrate-meta-layouts":"","ast-page-background-enabled":"default","ast-page-background-meta":{"desktop":{"background-color":"var(--ast-global-color-5)","background-image":"","background-repeat":"repeat","background-position":"center center","background-size":"auto","background-attachment":"scroll","background-type":"","background-media":"","overlay-type":"","overlay-color":"","overlay-opacity":"","overlay-gradient":""},"tablet":{"background-color":"","background-image":"","background-repeat":"repeat","background-position":"center center","background-size":"auto","background-attachment":"scroll","background-type":"","background-media":"","overlay-type":"","overlay-color":"","overlay-opacity":"","overlay-gradient":""},"mobile":{"background-color":"","background-image":"","background-repeat":"repeat","background-position":"center center","background-size":"auto","background-attachment":"scroll","background-type":"","background-media":"","overlay-type":"","overlay-color":"","overlay-opacity":"","overlay-gradient":""}},"ast-content-background-meta":{"desktop":{"background-color":"var(--ast-global-color-4)","background-image":"","background-repeat":"repeat","background-position":"center center","background-size":"auto","background-attachment":"scroll","background-type":"","background-media":"","overlay-type":"","overlay-color":"","overlay-opacity":"","overlay-gradient":""},"tablet":{"background-color":"var(--ast-global-color-4)","background-image":"","background-repeat":"repeat","background-position":"center center","background-size":"auto","background-attachment":"scroll","background-type":"","background-media":"","overlay-type":"","overlay-color":"","overlay-opacity":"","overlay-gradient":""},"mobile":{"background-color":"var(--ast-global-color-4)","background-image":"","background-repeat":"repeat","background-position":"center center","background-size":"auto","background-attachment":"scroll","background-type":"","background-media":"","overlay-type":"","overlay-color":"","overlay-opacity":"","overlay-gradient":""}}},"product_brand":[526],"product_cat":[148,370],"product_tag":[],"class_list":{"0":"post-77091","1":"product","2":"type-product","3":"status-publish","4":"has-post-thumbnail","6":"product_brand-ledon","7":"product_cat-lekhus","8":"product_cat-produktserier","9":"desktop-align-center","10":"tablet-align-left","11":"mobile-align-left","13":"first","14":"instock","15":"taxable","16":"shipping-taxable","17":"purchasable","18":"product-type-simple"},"_links":{"self":[{"href":"https:\/\/readymade.se\/lekplats\/wp-json\/wp\/v2\/product\/77091","targetHints":{"allow":["GET"]}}],"collection":[{"href":"https:\/\/readymade.se\/lekplats\/wp-json\/wp\/v2\/product"}],"about":[{"href":"https:\/\/readymade.se\/lekplats\/wp-json\/wp\/v2\/types\/product"}],"wp:featuredmedia":[{"embeddable":true,"href":"https:\/\/readymade.se\/lekplats\/wp-json\/wp\/v2\/media\/125347"}],"wp:attachment":[{"href":"https:\/\/readymade.se\/lekplats\/wp-json\/wp\/v2\/media?parent=77091"}],"wp:term":[{"taxonomy":"product_brand","embeddable":true,"href":"https:\/\/readymade.se\/lekplats\/wp-json\/wp\/v2\/product_brand?post=77091"},{"taxonomy":"product_cat","embeddable":true,"href":"https:\/\/readymade.se\/lekplats\/wp-json\/wp\/v2\/product_cat?post=77091"},{"taxonomy":"product_tag","embeddable":true,"href":"https:\/\/readymade.se\/lekplats\/wp-json\/wp\/v2\/product_tag?post=77091"}],"curies":[{"name":"wp","href":"https:\/\/api.w.org\/{rel}","templated":true}]}}