{"id":77085,"date":"2025-11-12T21:16:15","date_gmt":"2025-11-12T20:16:15","guid":{"rendered":"https:\/\/readymade.se\/core\/produkt\/hinderbana-atta-tecken-form\/"},"modified":"2026-02-28T18:13:51","modified_gmt":"2026-02-28T17:13:51","slug":"hinderbana-atta-tecken-form","status":"publish","type":"product","link":"https:\/\/readymade.se\/lekplats\/produkt\/hinderbana-atta-tecken-form\/","title":{"rendered":"Hinderbana \u00c5ttan"},"content":{"rendered":"<p>Hinderbanor i olika former. L\u00e5ter en underh\u00e5llsfri hinderbana som kan monteras direkt p\u00e5 marken som n\u00e5got f\u00f6r dig? D\u00e5 \u00e4r LEDON Basic-seriens hinderbanor en bra start. Hinderbana \u00c5ttan \u00e4r seriens st\u00f6rsta bana och inneh\u00e5ller all balansutrustning, sammansatt i en \u00e5ttaform. Formen ger flera m\u00f6jliga v\u00e4gar runt banan och gott om plats f\u00f6r m\u00e5nga barn att leka samtidigt, vilket g\u00f6r lekarna mer dynamiska och engagerande. N\u00e4r barn balanserar och leker kull eller \u201dgolvet \u00e4r lava\u201d tr\u00e4nas lillhj\u00e4rnan, som \u00e4r central f\u00f6r motorisk kontroll och precision. Kull-lekar st\u00e4rker \u00e4ven barns rumsliga medvetenhet. Hinderbanorna kan anpassas i form, storlek och inneh\u00e5ll f\u00f6r att passa olika behov och budgetar. De \u00e4r tillverkade av \u00e5tervinningsbara material, kr\u00e4ver lite utrymme och kan integreras i b\u00e5de nya och befintliga lekmilj\u00f6er.<\/p>\n","protected":false},"excerpt":{"rendered":"<p>Stor hinderbana i \u00e5ttaform som erbjuder flera r\u00f6relsev\u00e4gar och plats f\u00f6r m\u00e5nga barn samtidigt. Fr\u00e4mjar samspel, balans och aktiv lek.<\/p>\n","protected":false},"featured_media":125510,"template":"","meta":{"site-sidebar-layout":"","site-content-layout":"","ast-site-content-layout":"","site-content-style":"","site-sidebar-style":"","ast-global-header-display":"","ast-banner-title-visibility":"","ast-main-header-display":"","ast-hfb-above-header-display":"","ast-hfb-below-header-display":"","ast-hfb-mobile-header-display":"","site-post-title":"","ast-breadcrumbs-content":"","ast-featured-img":"","footer-sml-layout":"","theme-transparent-header-meta":"","adv-header-id-meta":"","stick-header-meta":"","header-above-stick-meta":"","header-main-stick-meta":"","header-below-stick-meta":"","astra-migrate-meta-layouts":"","ast-page-background-enabled":"default","ast-page-background-meta":{"desktop":{"background-color":"var(--ast-global-color-5)","background-image":"","background-repeat":"repeat","background-position":"center center","background-size":"auto","background-attachment":"scroll","background-type":"","background-media":"","overlay-type":"","overlay-color":"","overlay-opacity":"","overlay-gradient":""},"tablet":{"background-color":"","background-image":"","background-repeat":"repeat","background-position":"center center","background-size":"auto","background-attachment":"scroll","background-type":"","background-media":"","overlay-type":"","overlay-color":"","overlay-opacity":"","overlay-gradient":""},"mobile":{"background-color":"","background-image":"","background-repeat":"repeat","background-position":"center center","background-size":"auto","background-attachment":"scroll","background-type":"","background-media":"","overlay-type":"","overlay-color":"","overlay-opacity":"","overlay-gradient":""}},"ast-content-background-meta":{"desktop":{"background-color":"var(--ast-global-color-4)","background-image":"","background-repeat":"repeat","background-position":"center center","background-size":"auto","background-attachment":"scroll","background-type":"","background-media":"","overlay-type":"","overlay-color":"","overlay-opacity":"","overlay-gradient":""},"tablet":{"background-color":"var(--ast-global-color-4)","background-image":"","background-repeat":"repeat","background-position":"center center","background-size":"auto","background-attachment":"scroll","background-type":"","background-media":"","overlay-type":"","overlay-color":"","overlay-opacity":"","overlay-gradient":""},"mobile":{"background-color":"var(--ast-global-color-4)","background-image":"","background-repeat":"repeat","background-position":"center center","background-size":"auto","background-attachment":"scroll","background-type":"","background-media":"","overlay-type":"","overlay-color":"","overlay-opacity":"","overlay-gradient":""}}},"product_brand":[526],"product_cat":[55,541],"product_tag":[567],"class_list":{"0":"post-77085","1":"product","2":"type-product","3":"status-publish","4":"has-post-thumbnail","6":"product_brand-ledon","7":"product_cat-balans-motorik","8":"product_cat-hinderbanor","9":"product_tag-core-balans-motorik","10":"desktop-align-center","11":"tablet-align-left","12":"mobile-align-left","14":"first","15":"instock","16":"taxable","17":"shipping-taxable","18":"purchasable","19":"product-type-simple"},"_links":{"self":[{"href":"https:\/\/readymade.se\/lekplats\/wp-json\/wp\/v2\/product\/77085","targetHints":{"allow":["GET"]}}],"collection":[{"href":"https:\/\/readymade.se\/lekplats\/wp-json\/wp\/v2\/product"}],"about":[{"href":"https:\/\/readymade.se\/lekplats\/wp-json\/wp\/v2\/types\/product"}],"wp:featuredmedia":[{"embeddable":true,"href":"https:\/\/readymade.se\/lekplats\/wp-json\/wp\/v2\/media\/125510"}],"wp:attachment":[{"href":"https:\/\/readymade.se\/lekplats\/wp-json\/wp\/v2\/media?parent=77085"}],"wp:term":[{"taxonomy":"product_brand","embeddable":true,"href":"https:\/\/readymade.se\/lekplats\/wp-json\/wp\/v2\/product_brand?post=77085"},{"taxonomy":"product_cat","embeddable":true,"href":"https:\/\/readymade.se\/lekplats\/wp-json\/wp\/v2\/product_cat?post=77085"},{"taxonomy":"product_tag","embeddable":true,"href":"https:\/\/readymade.se\/lekplats\/wp-json\/wp\/v2\/product_tag?post=77085"}],"curies":[{"name":"wp","href":"https:\/\/api.w.org\/{rel}","templated":true}]}}