{"id":77082,"date":"2025-11-12T21:16:09","date_gmt":"2025-11-12T20:16:09","guid":{"rendered":"https:\/\/readymade.se\/core\/produkt\/beca\/"},"modified":"2026-02-28T18:09:44","modified_gmt":"2026-02-28T17:09:44","slug":"beca","status":"publish","type":"product","link":"https:\/\/readymade.se\/lekplats\/produkt\/beca\/","title":{"rendered":"Beca"},"content":{"rendered":"<p>En lekstuga med lekpanel och f\u00f6nster Beca \u00e4r en av de fyra lekstugor i Basic-serien. Denna modell har en triangul\u00e4r design d\u00e4r en sida \u00e4r st\u00e4ngd och har ett f\u00f6nster, medan en annan \u00e4r utrustad med en lekpanel. Vill du ha en mer traditionell och fyrkantig design? Ta d\u00e5 en titt p\u00e5 v\u00e5r LB089 Beth lekstuga. Lekhusen \u00e4r popul\u00e4ra bland barnen f\u00f6r lekar som rollspel och h\u00e4r \u00e4r Beca inget undantag. Lekpanelens disk och kulram g\u00f6r den idealisk som butik, d\u00e4r barnen kan s\u00e4lja lerpajer och andra varor. Roll- och f\u00f6rhandlingsspel bidrar till att f\u00f6rb\u00e4ttra barnens sociala f\u00e4rdigheter. H\u00e4r l\u00e4r de sig hantera konflikter, utveckla empati och uttrycka sina egna k\u00e4nslor samt s\u00e4ga nej. Allt detta st\u00e4rker deras f\u00f6rm\u00e5ga att kommunicera och samarbeta. Beca \u00e4r \u00e4ven designad med ett f\u00f6nster i en av husets v\u00e4ggar. F\u00f6nstret ger en bra k\u00e4nsla av rymd och skapar ett nytt perspektiv p\u00e5 omv\u00e4rlden, vilket hj\u00e4lper till att inspirera barnen till roliga lekar och socialt umg\u00e4nge. Vidare \u00e4r f\u00f6nstret tillverkat av v\u00e5rt transparenta polykarbonat, som \u00e4r UV-skyddat och inte g\u00e5r s\u00f6nder. Dessa egenskaper skyddar glaset fr\u00e5n vandalism, v\u00e4der och str\u00e5lar fr\u00e5n solen. Varf\u00f6r v\u00e4lja LEDON basic? Alla de grundl\u00e4ggande elementen du beh\u00f6ver f\u00f6r en l\u00e5gkvalitativ lekplats till l\u00e5ga priser. Kompakta torn, som kr\u00e4ver lite utrymme. Systemen finns i en m\u00e4ngd olika varianter f\u00f6r att m\u00f6ta alla behov. Att tillhandah\u00e5lla grundl\u00e4ggande motoriska utmaningar \u00e4r av st\u00f6rsta vikt \u2013 det \u00e4r ocks\u00e5 en lekplats f\u00f6r \u00e4ldre barn. Kan enkelt integreras i b\u00e5de befintliga lekmilj\u00f6er eller kombineras med v\u00e5ra andra temav\u00e4rldar.<\/p>\n","protected":false},"excerpt":{"rendered":"<p>En lekstuga med lekpanel och f\u00f6nster Beca \u00e4r en av de fyra lekstugor i Basic-serien. Denna modell har en triangul\u00e4r design vars ena sida \u00e4r st\u00e4ngd och har en vind<\/p>\n","protected":false},"featured_media":125344,"template":"","meta":{"site-sidebar-layout":"","site-content-layout":"","ast-site-content-layout":"","site-content-style":"","site-sidebar-style":"","ast-global-header-display":"","ast-banner-title-visibility":"","ast-main-header-display":"","ast-hfb-above-header-display":"","ast-hfb-below-header-display":"","ast-hfb-mobile-header-display":"","site-post-title":"","ast-breadcrumbs-content":"","ast-featured-img":"","footer-sml-layout":"","theme-transparent-header-meta":"","adv-header-id-meta":"","stick-header-meta":"","header-above-stick-meta":"","header-main-stick-meta":"","header-below-stick-meta":"","astra-migrate-meta-layouts":"","ast-page-background-enabled":"default","ast-page-background-meta":{"desktop":{"background-color":"var(--ast-global-color-5)","background-image":"","background-repeat":"repeat","background-position":"center center","background-size":"auto","background-attachment":"scroll","background-type":"","background-media":"","overlay-type":"","overlay-color":"","overlay-opacity":"","overlay-gradient":""},"tablet":{"background-color":"","background-image":"","background-repeat":"repeat","background-position":"center center","background-size":"auto","background-attachment":"scroll","background-type":"","background-media":"","overlay-type":"","overlay-color":"","overlay-opacity":"","overlay-gradient":""},"mobile":{"background-color":"","background-image":"","background-repeat":"repeat","background-position":"center center","background-size":"auto","background-attachment":"scroll","background-type":"","background-media":"","overlay-type":"","overlay-color":"","overlay-opacity":"","overlay-gradient":""}},"ast-content-background-meta":{"desktop":{"background-color":"var(--ast-global-color-4)","background-image":"","background-repeat":"repeat","background-position":"center center","background-size":"auto","background-attachment":"scroll","background-type":"","background-media":"","overlay-type":"","overlay-color":"","overlay-opacity":"","overlay-gradient":""},"tablet":{"background-color":"var(--ast-global-color-4)","background-image":"","background-repeat":"repeat","background-position":"center center","background-size":"auto","background-attachment":"scroll","background-type":"","background-media":"","overlay-type":"","overlay-color":"","overlay-opacity":"","overlay-gradient":""},"mobile":{"background-color":"var(--ast-global-color-4)","background-image":"","background-repeat":"repeat","background-position":"center center","background-size":"auto","background-attachment":"scroll","background-type":"","background-media":"","overlay-type":"","overlay-color":"","overlay-opacity":"","overlay-gradient":""}}},"product_brand":[526],"product_cat":[148,370],"product_tag":[],"class_list":{"0":"post-77082","1":"product","2":"type-product","3":"status-publish","4":"has-post-thumbnail","6":"product_brand-ledon","7":"product_cat-lekhus","8":"product_cat-produktserier","9":"desktop-align-center","10":"tablet-align-left","11":"mobile-align-left","13":"first","14":"instock","15":"taxable","16":"shipping-taxable","17":"purchasable","18":"product-type-simple"},"_links":{"self":[{"href":"https:\/\/readymade.se\/lekplats\/wp-json\/wp\/v2\/product\/77082","targetHints":{"allow":["GET"]}}],"collection":[{"href":"https:\/\/readymade.se\/lekplats\/wp-json\/wp\/v2\/product"}],"about":[{"href":"https:\/\/readymade.se\/lekplats\/wp-json\/wp\/v2\/types\/product"}],"wp:featuredmedia":[{"embeddable":true,"href":"https:\/\/readymade.se\/lekplats\/wp-json\/wp\/v2\/media\/125344"}],"wp:attachment":[{"href":"https:\/\/readymade.se\/lekplats\/wp-json\/wp\/v2\/media?parent=77082"}],"wp:term":[{"taxonomy":"product_brand","embeddable":true,"href":"https:\/\/readymade.se\/lekplats\/wp-json\/wp\/v2\/product_brand?post=77082"},{"taxonomy":"product_cat","embeddable":true,"href":"https:\/\/readymade.se\/lekplats\/wp-json\/wp\/v2\/product_cat?post=77082"},{"taxonomy":"product_tag","embeddable":true,"href":"https:\/\/readymade.se\/lekplats\/wp-json\/wp\/v2\/product_tag?post=77082"}],"curies":[{"name":"wp","href":"https:\/\/api.w.org\/{rel}","templated":true}]}}