{"id":77051,"date":"2025-11-12T21:14:58","date_gmt":"2025-11-12T20:14:58","guid":{"rendered":"https:\/\/readymade.se\/core\/produkt\/trappsten-43-cm\/"},"modified":"2026-02-12T12:00:25","modified_gmt":"2026-02-12T11:00:25","slug":"trappsten-43-cm","status":"publish","type":"product","link":"https:\/\/readymade.se\/lekplats\/produkt\/trappsten-43-cm\/","title":{"rendered":"Trappsten, 43 cm"},"content":{"rendered":"<p>Trappstenar i olika h\u00f6jder Trappstenarna i Basic-serien finns i olika h\u00f6jder. LB041 \u00e4r 28 cm, LB042 \u00e4r 43 cm och LB043 \u00e4r 58 cm. Alla har galvaniserade st\u00e5lstolpar och ytor som kr\u00e4ver lite underh\u00e5ll. Seriesortimentet av stegstenar och balansutrustning kan s\u00e4ttas ihop f\u00f6r att skapa en rolig hinderbana, eller s\u00e5 kan de anv\u00e4ndas individuellt som extradelar p\u00e5 lekplatsen. N\u00e4r barn anv\u00e4nder sin f\u00f6rm\u00e5ga att balansera och delta i lekar p\u00e5 balanseringsutrustningen, stimulerar de deras lillhj\u00e4rna. Lillhj\u00e4rnan styr muskelstyrkan som anv\u00e4nds n\u00e4r barn till exempel h\u00e5ller i en penna eller lyfter ett glas vatten, vilket g\u00f6r det gynnsamt f\u00f6r deras vidare utveckling att delta i lekar som att golvet \u00e4r gjort av lava. P\u00e5 samma s\u00e4tt f\u00f6rb\u00e4ttrar speltaggen ocks\u00e5 barnens rumsliga medvetenhet, eftersom de hela tiden m\u00e5ste h\u00e5lla ett \u00f6ga p\u00e5 den som f\u00e5ngar dem och vart de ska g\u00e5 h\u00e4rn\u00e4st. Kan monteras direkt p\u00e5 marken All balansutrustning kan monteras direkt p\u00e5 marken vilket g\u00f6r att du inte beh\u00f6ver anv\u00e4nda pengar p\u00e5 en s\u00e4kerhetsyta. Utrustningen finns \u00e4ven i alla prisklasser och ger dig o\u00e4ndliga m\u00f6jligheter, d\u00e5 du kan kombinera dem precis som du vill. Varf\u00f6r v\u00e4lja LEDON basic? Alla de grundl\u00e4ggande elementen du beh\u00f6ver f\u00f6r en l\u00e5gkvalitativ lekplats till l\u00e5ga priser. Kompakta torn, som kr\u00e4ver lite utrymme. Systemen finns i en m\u00e4ngd olika varianter f\u00f6r att m\u00f6ta alla behov. Att tillhandah\u00e5lla grundl\u00e4ggande motoriska utmaningar \u00e4r av st\u00f6rsta vikt \u2013 det \u00e4r ocks\u00e5 en lekplats f\u00f6r \u00e4ldre barn. Kan enkelt integreras i b\u00e5de befintliga lekmilj\u00f6er eller kombineras med v\u00e5ra andra temav\u00e4rldar.<\/p>\n","protected":false},"excerpt":{"rendered":"<p>Trappstenar i olika h\u00f6jder Trappstenarna i Basic-serien finns i olika h\u00f6jder. LB041 \u00e4r 28 cm, LB042 \u00e4r 43 cm och LB043 \u00e4r 58 cm. Alla har galvaniserade s<\/p>\n","protected":false},"featured_media":119076,"template":"","meta":{"site-sidebar-layout":"default","site-content-layout":"","ast-site-content-layout":"default","site-content-style":"default","site-sidebar-style":"default","ast-global-header-display":"","ast-banner-title-visibility":"","ast-main-header-display":"","ast-hfb-above-header-display":"","ast-hfb-below-header-display":"","ast-hfb-mobile-header-display":"","site-post-title":"","ast-breadcrumbs-content":"","ast-featured-img":"","footer-sml-layout":"","theme-transparent-header-meta":"default","adv-header-id-meta":"","stick-header-meta":"","header-above-stick-meta":"","header-main-stick-meta":"","header-below-stick-meta":"","astra-migrate-meta-layouts":"set","ast-page-background-enabled":"default","ast-page-background-meta":{"desktop":{"background-color":"var(--ast-global-color-5)","background-image":"","background-repeat":"repeat","background-position":"center center","background-size":"auto","background-attachment":"scroll","background-type":"","background-media":"","overlay-type":"","overlay-color":"","overlay-opacity":"","overlay-gradient":""},"tablet":{"background-color":"","background-image":"","background-repeat":"repeat","background-position":"center center","background-size":"auto","background-attachment":"scroll","background-type":"","background-media":"","overlay-type":"","overlay-color":"","overlay-opacity":"","overlay-gradient":""},"mobile":{"background-color":"","background-image":"","background-repeat":"repeat","background-position":"center center","background-size":"auto","background-attachment":"scroll","background-type":"","background-media":"","overlay-type":"","overlay-color":"","overlay-opacity":"","overlay-gradient":""}},"ast-content-background-meta":{"desktop":{"background-color":"var(--ast-global-color-4)","background-image":"","background-repeat":"repeat","background-position":"center center","background-size":"auto","background-attachment":"scroll","background-type":"","background-media":"","overlay-type":"","overlay-color":"","overlay-opacity":"","overlay-gradient":""},"tablet":{"background-color":"var(--ast-global-color-4)","background-image":"","background-repeat":"repeat","background-position":"center center","background-size":"auto","background-attachment":"scroll","background-type":"","background-media":"","overlay-type":"","overlay-color":"","overlay-opacity":"","overlay-gradient":""},"mobile":{"background-color":"var(--ast-global-color-4)","background-image":"","background-repeat":"repeat","background-position":"center center","background-size":"auto","background-attachment":"scroll","background-type":"","background-media":"","overlay-type":"","overlay-color":"","overlay-opacity":"","overlay-gradient":""}}},"product_brand":[526],"product_cat":[55],"product_tag":[567],"class_list":{"0":"post-77051","1":"product","2":"type-product","3":"status-publish","4":"has-post-thumbnail","6":"product_brand-ledon","7":"product_cat-balans-motorik","8":"product_tag-core-balans-motorik","9":"desktop-align-center","10":"tablet-align-left","11":"mobile-align-left","13":"first","14":"instock","15":"taxable","16":"shipping-taxable","17":"purchasable","18":"product-type-simple"},"_links":{"self":[{"href":"https:\/\/readymade.se\/lekplats\/wp-json\/wp\/v2\/product\/77051","targetHints":{"allow":["GET"]}}],"collection":[{"href":"https:\/\/readymade.se\/lekplats\/wp-json\/wp\/v2\/product"}],"about":[{"href":"https:\/\/readymade.se\/lekplats\/wp-json\/wp\/v2\/types\/product"}],"wp:featuredmedia":[{"embeddable":true,"href":"https:\/\/readymade.se\/lekplats\/wp-json\/wp\/v2\/media\/119076"}],"wp:attachment":[{"href":"https:\/\/readymade.se\/lekplats\/wp-json\/wp\/v2\/media?parent=77051"}],"wp:term":[{"taxonomy":"product_brand","embeddable":true,"href":"https:\/\/readymade.se\/lekplats\/wp-json\/wp\/v2\/product_brand?post=77051"},{"taxonomy":"product_cat","embeddable":true,"href":"https:\/\/readymade.se\/lekplats\/wp-json\/wp\/v2\/product_cat?post=77051"},{"taxonomy":"product_tag","embeddable":true,"href":"https:\/\/readymade.se\/lekplats\/wp-json\/wp\/v2\/product_tag?post=77051"}],"curies":[{"name":"wp","href":"https:\/\/api.w.org\/{rel}","templated":true}]}}