{"id":77026,"date":"2025-11-12T21:14:05","date_gmt":"2025-11-12T20:14:05","guid":{"rendered":"https:\/\/readymade.se\/core\/produkt\/fyrkantig-studsmatta-svart-150-x-150-cm\/"},"modified":"2026-02-28T16:56:32","modified_gmt":"2026-02-28T15:56:32","slug":"fyrkantig-studsmatta-svart-150-x-150-cm","status":"publish","type":"product","link":"https:\/\/readymade.se\/lekplats\/produkt\/fyrkantig-studsmatta-svart-150-x-150-cm\/","title":{"rendered":"Fyrkantig studsmatta Svart, 150 x 150 cm"},"content":{"rendered":"<p>M\u00e5nga trampolinmodeller finns tillg\u00e4ngliga i olika storlekar, former och f\u00e4rger. Kontakta v\u00e5ra \u00e5terf\u00f6rs\u00e4ljare f\u00f6r information om tillg\u00e4ngliga alternativ. Studsmattan engagerar hela kroppen och bidrar till fysisk aktivitet genom lek. Studsning st\u00e4rker muskler, f\u00f6rb\u00e4ttrar balans och utvecklar grovmotorik. Barn tr\u00e4nar kontinuerligt sin kroppskontroll genom att h\u00e5lla balansen utan fast underlag. Belastningen p\u00e5 skelettet under studsning bidrar till \u00f6kad bent\u00e4thet och starkare ben. Studsmattan ger \u00e4ven mentala f\u00f6rdelar s\u00e5som \u00f6kad koncentrationsf\u00f6rm\u00e5ga, uth\u00e5llighet och motivation, d\u00e5 barn g\u00e4rna \u00e5terkommer f\u00f6r att utveckla sina f\u00e4rdigheter.<\/p>\n","protected":false},"excerpt":{"rendered":"<p>Fyrkantig studsmatta som uppmuntrar r\u00f6relsegl\u00e4dje och motorisk utveckling.<\/p>\n","protected":false},"featured_media":124295,"template":"","meta":{"site-sidebar-layout":"","site-content-layout":"","ast-site-content-layout":"","site-content-style":"","site-sidebar-style":"","ast-global-header-display":"","ast-banner-title-visibility":"","ast-main-header-display":"","ast-hfb-above-header-display":"","ast-hfb-below-header-display":"","ast-hfb-mobile-header-display":"","site-post-title":"","ast-breadcrumbs-content":"","ast-featured-img":"","footer-sml-layout":"","theme-transparent-header-meta":"","adv-header-id-meta":"","stick-header-meta":"","header-above-stick-meta":"","header-main-stick-meta":"","header-below-stick-meta":"","astra-migrate-meta-layouts":"","ast-page-background-enabled":"default","ast-page-background-meta":{"desktop":{"background-color":"var(--ast-global-color-5)","background-image":"","background-repeat":"repeat","background-position":"center center","background-size":"auto","background-attachment":"scroll","background-type":"","background-media":"","overlay-type":"","overlay-color":"","overlay-opacity":"","overlay-gradient":""},"tablet":{"background-color":"","background-image":"","background-repeat":"repeat","background-position":"center center","background-size":"auto","background-attachment":"scroll","background-type":"","background-media":"","overlay-type":"","overlay-color":"","overlay-opacity":"","overlay-gradient":""},"mobile":{"background-color":"","background-image":"","background-repeat":"repeat","background-position":"center center","background-size":"auto","background-attachment":"scroll","background-type":"","background-media":"","overlay-type":"","overlay-color":"","overlay-opacity":"","overlay-gradient":""}},"ast-content-background-meta":{"desktop":{"background-color":"var(--ast-global-color-4)","background-image":"","background-repeat":"repeat","background-position":"center center","background-size":"auto","background-attachment":"scroll","background-type":"","background-media":"","overlay-type":"","overlay-color":"","overlay-opacity":"","overlay-gradient":""},"tablet":{"background-color":"var(--ast-global-color-4)","background-image":"","background-repeat":"repeat","background-position":"center center","background-size":"auto","background-attachment":"scroll","background-type":"","background-media":"","overlay-type":"","overlay-color":"","overlay-opacity":"","overlay-gradient":""},"mobile":{"background-color":"var(--ast-global-color-4)","background-image":"","background-repeat":"repeat","background-position":"center center","background-size":"auto","background-attachment":"scroll","background-type":"","background-media":"","overlay-type":"","overlay-color":"","overlay-opacity":"","overlay-gradient":""}}},"product_brand":[526],"product_cat":[369,460],"product_tag":[],"class_list":{"0":"post-77026","1":"product","2":"type-product","3":"status-publish","4":"has-post-thumbnail","6":"product_brand-ledon","7":"product_cat-sport-rorelse","8":"product_cat-studsa","9":"desktop-align-center","10":"tablet-align-left","11":"mobile-align-left","13":"first","14":"instock","15":"taxable","16":"shipping-taxable","17":"purchasable","18":"product-type-simple"},"_links":{"self":[{"href":"https:\/\/readymade.se\/lekplats\/wp-json\/wp\/v2\/product\/77026","targetHints":{"allow":["GET"]}}],"collection":[{"href":"https:\/\/readymade.se\/lekplats\/wp-json\/wp\/v2\/product"}],"about":[{"href":"https:\/\/readymade.se\/lekplats\/wp-json\/wp\/v2\/types\/product"}],"wp:featuredmedia":[{"embeddable":true,"href":"https:\/\/readymade.se\/lekplats\/wp-json\/wp\/v2\/media\/124295"}],"wp:attachment":[{"href":"https:\/\/readymade.se\/lekplats\/wp-json\/wp\/v2\/media?parent=77026"}],"wp:term":[{"taxonomy":"product_brand","embeddable":true,"href":"https:\/\/readymade.se\/lekplats\/wp-json\/wp\/v2\/product_brand?post=77026"},{"taxonomy":"product_cat","embeddable":true,"href":"https:\/\/readymade.se\/lekplats\/wp-json\/wp\/v2\/product_cat?post=77026"},{"taxonomy":"product_tag","embeddable":true,"href":"https:\/\/readymade.se\/lekplats\/wp-json\/wp\/v2\/product_tag?post=77026"}],"curies":[{"name":"wp","href":"https:\/\/api.w.org\/{rel}","templated":true}]}}