{"id":77016,"date":"2025-11-12T21:13:50","date_gmt":"2025-11-12T20:13:50","guid":{"rendered":"https:\/\/readymade.se\/core\/produkt\/hyde-park-bank-165-cm-svart-brun\/"},"modified":"2026-02-28T18:08:27","modified_gmt":"2026-02-28T17:08:27","slug":"hyde-park-bank-165-cm-svart-brun","status":"publish","type":"product","link":"https:\/\/readymade.se\/lekplats\/produkt\/hyde-park-bank-165-cm-svart-brun\/","title":{"rendered":"Hyde Park b\u00e4nk 165 cm, svart\/brun"},"content":{"rendered":"<p>Bord och b\u00e4nkar f\u00f6r social interaktion och avkoppling LEDON har tv\u00e5 moderna bords- och b\u00e4nkmodeller som kan k\u00f6pas individuellt eller kombineras som ett set. Borden och b\u00e4nkarna \u00e4r gjorda av 100 % \u00e5tervunnen plast och \u00e4r stilrena, med rena linjer och neutrala f\u00e4rger som matchar alla stadsrum eller bostadsomr\u00e5den. Det \u00e4r viktigt f\u00f6r b\u00e5de barn och vuxna att kunna sitta ner p\u00e5 en b\u00e4nk eller vid ett bord\/b\u00e4nk utomhus och p\u00e5 lekplatsen. Vuxna uppskattar att ha n\u00e5gonstans att sitta ner och titta p\u00e5 sina barn utan att st\u00f6ra deras lek, samtidigt som det ger barnen en plats att dra sig tillbaka till n\u00e4r de beh\u00f6ver vila. Dessutom \u00e4r bordet\/b\u00e4nksetet perfekt f\u00f6r att njuta av m\u00e5ltider utomhus, det kan vara n\u00e5gonstans f\u00f6r barn att l\u00e4mna sina saker, och det kan fungera som en social samlingspunkt. Slitstarka material Borden och b\u00e4nkarna kr\u00e4ver mycket lite underh\u00e5ll, t\u00e5l b\u00e5de h\u00e5rd anv\u00e4ndning och v\u00e4xlande v\u00e4der. Deras sl\u00e4ta ytor spricker inte eller producerar splitter, till skillnad fr\u00e5n m\u00f6bler av tr\u00e4.<\/p>\n","protected":false},"excerpt":{"rendered":"<p>Bord och b\u00e4nkar f\u00f6r social interaktion och avkoppling LEDON har tv\u00e5 moderna bords- och b\u00e4nkmodeller som kan k\u00f6pas individuellt eller kombineras som ett set. Tillverkad av 100% \u00e5tervunnet<\/p>\n","protected":false},"featured_media":125284,"template":"","meta":{"site-sidebar-layout":"","site-content-layout":"","ast-site-content-layout":"","site-content-style":"","site-sidebar-style":"","ast-global-header-display":"","ast-banner-title-visibility":"","ast-main-header-display":"","ast-hfb-above-header-display":"","ast-hfb-below-header-display":"","ast-hfb-mobile-header-display":"","site-post-title":"","ast-breadcrumbs-content":"","ast-featured-img":"","footer-sml-layout":"","theme-transparent-header-meta":"","adv-header-id-meta":"","stick-header-meta":"","header-above-stick-meta":"","header-main-stick-meta":"","header-below-stick-meta":"","astra-migrate-meta-layouts":"","ast-page-background-enabled":"default","ast-page-background-meta":{"desktop":{"background-color":"var(--ast-global-color-5)","background-image":"","background-repeat":"repeat","background-position":"center center","background-size":"auto","background-attachment":"scroll","background-type":"","background-media":"","overlay-type":"","overlay-color":"","overlay-opacity":"","overlay-gradient":""},"tablet":{"background-color":"","background-image":"","background-repeat":"repeat","background-position":"center center","background-size":"auto","background-attachment":"scroll","background-type":"","background-media":"","overlay-type":"","overlay-color":"","overlay-opacity":"","overlay-gradient":""},"mobile":{"background-color":"","background-image":"","background-repeat":"repeat","background-position":"center center","background-size":"auto","background-attachment":"scroll","background-type":"","background-media":"","overlay-type":"","overlay-color":"","overlay-opacity":"","overlay-gradient":""}},"ast-content-background-meta":{"desktop":{"background-color":"var(--ast-global-color-4)","background-image":"","background-repeat":"repeat","background-position":"center center","background-size":"auto","background-attachment":"scroll","background-type":"","background-media":"","overlay-type":"","overlay-color":"","overlay-opacity":"","overlay-gradient":""},"tablet":{"background-color":"var(--ast-global-color-4)","background-image":"","background-repeat":"repeat","background-position":"center center","background-size":"auto","background-attachment":"scroll","background-type":"","background-media":"","overlay-type":"","overlay-color":"","overlay-opacity":"","overlay-gradient":""},"mobile":{"background-color":"var(--ast-global-color-4)","background-image":"","background-repeat":"repeat","background-position":"center center","background-size":"auto","background-attachment":"scroll","background-type":"","background-media":"","overlay-type":"","overlay-color":"","overlay-opacity":"","overlay-gradient":""}}},"product_brand":[526],"product_cat":[444,491],"product_tag":[],"class_list":{"0":"post-77016","1":"product","2":"type-product","3":"status-publish","4":"has-post-thumbnail","6":"product_brand-ledon","7":"product_cat-gata-park","8":"product_cat-parkbankar","9":"desktop-align-center","10":"tablet-align-left","11":"mobile-align-left","13":"first","14":"instock","15":"taxable","16":"shipping-taxable","17":"purchasable","18":"product-type-simple"},"_links":{"self":[{"href":"https:\/\/readymade.se\/lekplats\/wp-json\/wp\/v2\/product\/77016","targetHints":{"allow":["GET"]}}],"collection":[{"href":"https:\/\/readymade.se\/lekplats\/wp-json\/wp\/v2\/product"}],"about":[{"href":"https:\/\/readymade.se\/lekplats\/wp-json\/wp\/v2\/types\/product"}],"wp:featuredmedia":[{"embeddable":true,"href":"https:\/\/readymade.se\/lekplats\/wp-json\/wp\/v2\/media\/125284"}],"wp:attachment":[{"href":"https:\/\/readymade.se\/lekplats\/wp-json\/wp\/v2\/media?parent=77016"}],"wp:term":[{"taxonomy":"product_brand","embeddable":true,"href":"https:\/\/readymade.se\/lekplats\/wp-json\/wp\/v2\/product_brand?post=77016"},{"taxonomy":"product_cat","embeddable":true,"href":"https:\/\/readymade.se\/lekplats\/wp-json\/wp\/v2\/product_cat?post=77016"},{"taxonomy":"product_tag","embeddable":true,"href":"https:\/\/readymade.se\/lekplats\/wp-json\/wp\/v2\/product_tag?post=77016"}],"curies":[{"name":"wp","href":"https:\/\/api.w.org\/{rel}","templated":true}]}}