{"id":76970,"date":"2025-11-12T21:11:56","date_gmt":"2025-11-12T20:11:56","guid":{"rendered":"https:\/\/readymade.se\/core\/produkt\/roka-play-system-med-1-torn\/"},"modified":"2026-02-28T15:33:45","modified_gmt":"2026-02-28T14:33:45","slug":"roka-play-system-med-1-torn","status":"publish","type":"product","link":"https:\/\/readymade.se\/lekplats\/produkt\/roka-play-system-med-1-torn\/","title":{"rendered":"Roka &#8211; 1 torn"},"content":{"rendered":"<p>Roka \u00e4r en lekst\u00e4llning som saknar enkel \u00e5tkomst till plattformen och d\u00e4rmed st\u00e4ller h\u00f6ga krav p\u00e5 barnens grovmotorik. Den vertikala kl\u00e4tterv\u00e4ggen med grepp och h\u00e5l \u00e4r den enda v\u00e4gen upp till tornet och rutschkanan. Lekst\u00e4llningen \u00e4r utvecklad f\u00f6r barn fr\u00e5n cirka 4 \u00e5r och uppmuntrar till mod, styrka och kroppskontroll.<\/p>\n","protected":false},"excerpt":{"rendered":"<p>Utmanande lekst\u00e4llning med fokus p\u00e5 kl\u00e4ttring, styrka och kroppskontroll. Anpassad f\u00f6r barn fr\u00e5n cirka 4 \u00e5r.<\/p>\n","protected":false},"featured_media":124108,"template":"","meta":{"site-sidebar-layout":"","site-content-layout":"","ast-site-content-layout":"","site-content-style":"","site-sidebar-style":"","ast-global-header-display":"","ast-banner-title-visibility":"","ast-main-header-display":"","ast-hfb-above-header-display":"","ast-hfb-below-header-display":"","ast-hfb-mobile-header-display":"","site-post-title":"","ast-breadcrumbs-content":"","ast-featured-img":"","footer-sml-layout":"","theme-transparent-header-meta":"","adv-header-id-meta":"","stick-header-meta":"","header-above-stick-meta":"","header-main-stick-meta":"","header-below-stick-meta":"","astra-migrate-meta-layouts":"","ast-page-background-enabled":"default","ast-page-background-meta":{"desktop":{"background-color":"var(--ast-global-color-5)","background-image":"","background-repeat":"repeat","background-position":"center center","background-size":"auto","background-attachment":"scroll","background-type":"","background-media":"","overlay-type":"","overlay-color":"","overlay-opacity":"","overlay-gradient":""},"tablet":{"background-color":"","background-image":"","background-repeat":"repeat","background-position":"center center","background-size":"auto","background-attachment":"scroll","background-type":"","background-media":"","overlay-type":"","overlay-color":"","overlay-opacity":"","overlay-gradient":""},"mobile":{"background-color":"","background-image":"","background-repeat":"repeat","background-position":"center center","background-size":"auto","background-attachment":"scroll","background-type":"","background-media":"","overlay-type":"","overlay-color":"","overlay-opacity":"","overlay-gradient":""}},"ast-content-background-meta":{"desktop":{"background-color":"var(--ast-global-color-4)","background-image":"","background-repeat":"repeat","background-position":"center center","background-size":"auto","background-attachment":"scroll","background-type":"","background-media":"","overlay-type":"","overlay-color":"","overlay-opacity":"","overlay-gradient":""},"tablet":{"background-color":"var(--ast-global-color-4)","background-image":"","background-repeat":"repeat","background-position":"center center","background-size":"auto","background-attachment":"scroll","background-type":"","background-media":"","overlay-type":"","overlay-color":"","overlay-opacity":"","overlay-gradient":""},"mobile":{"background-color":"var(--ast-global-color-4)","background-image":"","background-repeat":"repeat","background-position":"center center","background-size":"auto","background-attachment":"scroll","background-type":"","background-media":"","overlay-type":"","overlay-color":"","overlay-opacity":"","overlay-gradient":""}}},"product_brand":[526],"product_cat":[387,53,32],"product_tag":[],"class_list":{"0":"post-76970","1":"product","2":"type-product","3":"status-publish","4":"has-post-thumbnail","6":"product_brand-ledon","7":"product_cat-explore","8":"product_cat-klatterstallningar","9":"product_cat-lekstallningar","10":"desktop-align-center","11":"tablet-align-left","12":"mobile-align-left","14":"first","15":"instock","16":"taxable","17":"shipping-taxable","18":"purchasable","19":"product-type-simple"},"_links":{"self":[{"href":"https:\/\/readymade.se\/lekplats\/wp-json\/wp\/v2\/product\/76970","targetHints":{"allow":["GET"]}}],"collection":[{"href":"https:\/\/readymade.se\/lekplats\/wp-json\/wp\/v2\/product"}],"about":[{"href":"https:\/\/readymade.se\/lekplats\/wp-json\/wp\/v2\/types\/product"}],"wp:featuredmedia":[{"embeddable":true,"href":"https:\/\/readymade.se\/lekplats\/wp-json\/wp\/v2\/media\/124108"}],"wp:attachment":[{"href":"https:\/\/readymade.se\/lekplats\/wp-json\/wp\/v2\/media?parent=76970"}],"wp:term":[{"taxonomy":"product_brand","embeddable":true,"href":"https:\/\/readymade.se\/lekplats\/wp-json\/wp\/v2\/product_brand?post=76970"},{"taxonomy":"product_cat","embeddable":true,"href":"https:\/\/readymade.se\/lekplats\/wp-json\/wp\/v2\/product_cat?post=76970"},{"taxonomy":"product_tag","embeddable":true,"href":"https:\/\/readymade.se\/lekplats\/wp-json\/wp\/v2\/product_tag?post=76970"}],"curies":[{"name":"wp","href":"https:\/\/api.w.org\/{rel}","templated":true}]}}