{"id":76946,"date":"2025-11-12T21:10:51","date_gmt":"2025-11-12T20:10:51","guid":{"rendered":"https:\/\/readymade.se\/core\/produkt\/nora\/"},"modified":"2026-02-28T18:10:07","modified_gmt":"2026-02-28T17:10:07","slug":"nora","status":"publish","type":"product","link":"https:\/\/readymade.se\/lekplats\/produkt\/nora\/","title":{"rendered":"Nora"},"content":{"rendered":"<p>En lekby med plats f\u00f6r m\u00e5nga barn Nora \u00e4r en av tv\u00e5 lekbyar i Explore-universumet. H\u00e4r kombineras lekhusen f\u00f6r att skapa st\u00f6rre lekmilj\u00f6er. Lekbyn g\u00f6r det m\u00f6jligt att dela upp lekplatsen i zoner, s\u00e5 att m\u00e5nga barn kan leka tillsammans p\u00e5 olika platser runt lekstugorna utan att st\u00f6ra varandra. Lekbyarna \u00e4r mycket praktiska p\u00e5 till exempel institutioner, d\u00e4r lekstugorna beh\u00f6ver rymma ett stort antal barn. M\u00e5nga aktiviteter f\u00f6r barn i alla \u00e5ldrar Nora \u00e4r en lekby som \u00e4r designad f\u00f6r m\u00e5nga timmars kreativt n\u00f6je och lek. En av Noras lekstugor \u00e4r designad med en veranda och en kioskpanel, som \u00e4r idealisk f\u00f6r att leka butik eller annat rollspel. P\u00e5 utsidan hittar du insektspanelen som testar barns finmotorik n\u00e4r de flyttar runt varelserna. Flera barn kan leka tillsammans med vatten och sand vid plaskbordet och p\u00e5 s\u00e5 s\u00e4tt stimulera k\u00e4nselk\u00e4nsla, finmotorik och kreativitet. Finmotoriken \u00e4r viktig f\u00f6r handens utveckling och greppm\u00f6nster, vilket \u00e4r viktigt n\u00e4r man l\u00e4r sig skriva. Vid den andra lekstugan finns en sandmaskin som utmanar b\u00e5de barnens samarbete och kreativitet d\u00e5 de m\u00e5ste fylla upp en hink med sand. Mellan lekhusen finns lekbyns kamin, som inspirerar till rollspel, till exempel k\u00f6k, teater, TV-nyheter eller n\u00e5got helt annat. B\u00e5da lekhusen har bord och b\u00e4nkar, d\u00e4r det finns plats att leka eller \u00e4ta mats\u00e4ck. Lekhusgolven \u00e4r utformade med en specialutvecklad halkfri alnkornig yta, s\u00e5 lekhusen kr\u00e4ver ingen s\u00e4kerhetsyta och kan d\u00e4rf\u00f6r st\u00e5 p\u00e5 gr\u00e4s. Varf\u00f6r v\u00e4lja LEDON Explore? L\u00e5gunderh\u00e5lls lekredskap i naturliga f\u00e4rger. I synnerhet utmanar och stimulerar det barns sociala f\u00e4rdigheter, motorik och balans. lekst\u00e4llningen finns i ett brett utbud av storlekar och prisklasser f\u00f6r att passa alla behov. En temav\u00e4rld som v\u00e4cker barns naturliga intresse f\u00f6r att uppleva och utforska v\u00e4rlden. Den st\u00f6rsta temav\u00e4rlden med m\u00e5nga olika lekredskap f\u00f6r hela lekplatsen.<\/p>\n","protected":false},"excerpt":{"rendered":"<p>En lekby med plats f\u00f6r m\u00e5nga barn Nora \u00e4r en av tv\u00e5 lekbyar i Explore-universumet. H\u00e4r kombineras lekhusen f\u00f6r att skapa st\u00f6rre lekmilj\u00f6er. De<\/p>\n","protected":false},"featured_media":125369,"template":"","meta":{"site-sidebar-layout":"","site-content-layout":"","ast-site-content-layout":"","site-content-style":"","site-sidebar-style":"","ast-global-header-display":"","ast-banner-title-visibility":"","ast-main-header-display":"","ast-hfb-above-header-display":"","ast-hfb-below-header-display":"","ast-hfb-mobile-header-display":"","site-post-title":"","ast-breadcrumbs-content":"","ast-featured-img":"","footer-sml-layout":"","theme-transparent-header-meta":"","adv-header-id-meta":"","stick-header-meta":"","header-above-stick-meta":"","header-main-stick-meta":"","header-below-stick-meta":"","astra-migrate-meta-layouts":"","ast-page-background-enabled":"default","ast-page-background-meta":{"desktop":{"background-color":"var(--ast-global-color-5)","background-image":"","background-repeat":"repeat","background-position":"center center","background-size":"auto","background-attachment":"scroll","background-type":"","background-media":"","overlay-type":"","overlay-color":"","overlay-opacity":"","overlay-gradient":""},"tablet":{"background-color":"","background-image":"","background-repeat":"repeat","background-position":"center center","background-size":"auto","background-attachment":"scroll","background-type":"","background-media":"","overlay-type":"","overlay-color":"","overlay-opacity":"","overlay-gradient":""},"mobile":{"background-color":"","background-image":"","background-repeat":"repeat","background-position":"center center","background-size":"auto","background-attachment":"scroll","background-type":"","background-media":"","overlay-type":"","overlay-color":"","overlay-opacity":"","overlay-gradient":""}},"ast-content-background-meta":{"desktop":{"background-color":"var(--ast-global-color-4)","background-image":"","background-repeat":"repeat","background-position":"center center","background-size":"auto","background-attachment":"scroll","background-type":"","background-media":"","overlay-type":"","overlay-color":"","overlay-opacity":"","overlay-gradient":""},"tablet":{"background-color":"var(--ast-global-color-4)","background-image":"","background-repeat":"repeat","background-position":"center center","background-size":"auto","background-attachment":"scroll","background-type":"","background-media":"","overlay-type":"","overlay-color":"","overlay-opacity":"","overlay-gradient":""},"mobile":{"background-color":"var(--ast-global-color-4)","background-image":"","background-repeat":"repeat","background-position":"center center","background-size":"auto","background-attachment":"scroll","background-type":"","background-media":"","overlay-type":"","overlay-color":"","overlay-opacity":"","overlay-gradient":""}}},"product_brand":[526],"product_cat":[387,148,370],"product_tag":[],"class_list":{"0":"post-76946","1":"product","2":"type-product","3":"status-publish","4":"has-post-thumbnail","6":"product_brand-ledon","7":"product_cat-explore","8":"product_cat-lekhus","9":"product_cat-produktserier","10":"desktop-align-center","11":"tablet-align-left","12":"mobile-align-left","14":"first","15":"instock","16":"taxable","17":"shipping-taxable","18":"purchasable","19":"product-type-simple"},"_links":{"self":[{"href":"https:\/\/readymade.se\/lekplats\/wp-json\/wp\/v2\/product\/76946","targetHints":{"allow":["GET"]}}],"collection":[{"href":"https:\/\/readymade.se\/lekplats\/wp-json\/wp\/v2\/product"}],"about":[{"href":"https:\/\/readymade.se\/lekplats\/wp-json\/wp\/v2\/types\/product"}],"wp:featuredmedia":[{"embeddable":true,"href":"https:\/\/readymade.se\/lekplats\/wp-json\/wp\/v2\/media\/125369"}],"wp:attachment":[{"href":"https:\/\/readymade.se\/lekplats\/wp-json\/wp\/v2\/media?parent=76946"}],"wp:term":[{"taxonomy":"product_brand","embeddable":true,"href":"https:\/\/readymade.se\/lekplats\/wp-json\/wp\/v2\/product_brand?post=76946"},{"taxonomy":"product_cat","embeddable":true,"href":"https:\/\/readymade.se\/lekplats\/wp-json\/wp\/v2\/product_cat?post=76946"},{"taxonomy":"product_tag","embeddable":true,"href":"https:\/\/readymade.se\/lekplats\/wp-json\/wp\/v2\/product_tag?post=76946"}],"curies":[{"name":"wp","href":"https:\/\/api.w.org\/{rel}","templated":true}]}}