{"id":76943,"date":"2025-11-12T21:10:43","date_gmt":"2025-11-12T20:10:43","guid":{"rendered":"https:\/\/readymade.se\/core\/produkt\/tobi\/"},"modified":"2026-02-28T18:10:07","modified_gmt":"2026-02-28T17:10:07","slug":"tobi","status":"publish","type":"product","link":"https:\/\/readymade.se\/lekplats\/produkt\/tobi\/","title":{"rendered":"Tobi"},"content":{"rendered":"<p>Kompakt lekstuga med massor av aktiviteter Tobi \u00e4r en av lekhusen i Explore-serien som har m\u00e5nga aktiviteter p\u00e5 ett begr\u00e4nsat utrymme. Tobi kr\u00e4ver en yta p\u00e5 knappt 7 x 6 meter. En s\u00e4kerhetsyta \u00e4r inte n\u00f6dv\u00e4ndig, s\u00e5 lekstugan kan st\u00e5 p\u00e5 gr\u00e4s. F\u00f6rutom tv\u00e5 standardb\u00e4nkar och bordet inne i lekstugan \u00e4r Tobi \u00e4ven utrustad med en veranda som ger mer lekyta samt g\u00f6r det l\u00e4ttare att komma in och ut ur lekstugan. Samtidigt inspirerar kiosklekspanelen till kioskrollspel. Rollspel \u00e4r viktigt f\u00f6r barns utveckling, eftersom det g\u00f6r det m\u00f6jligt f\u00f6r dem att leva ut erfarenheter fr\u00e5n sin egen vardag. P\u00e5 s\u00e5 s\u00e4tt l\u00e4r de sig om sociala regler och kompromisser samt konfliktl\u00f6sning. St\u00e4nkbord, k\u00f6k och sandmaskin Tobi har k\u00f6k p\u00e5 utsidan av verandan. K\u00f6ket har m\u00e5nga sm\u00e5 aktiviteter som tr\u00e4nar barns finmotorik samtidigt som de stimulerar deras kreativa och kognitiva utveckling. Samtidigt \u00e4r k\u00f6ket ocks\u00e5 ett av de element som inspirerar till mest rollspel. P\u00e5 ena sidan av lekstugan finns ett plaskbord och p\u00e5 den andra en sandmaskin. Flera barn kan leka tillsammans med vatten och sand vid plaskbordet, vilket stimulerar deras k\u00e4nselk\u00e4nsla och finmotorik. N\u00e4r det g\u00e4ller sandmaskinen \u00e4r det barnens samarbetsf\u00f6rm\u00e5ga som s\u00e4tts p\u00e5 prov, eftersom de beh\u00f6ver fylla hinkar med sand och b\u00e4ra dem till st\u00e4nkbordet. Varf\u00f6r v\u00e4lja LEDON Explore? L\u00e5gunderh\u00e5lls lekredskap i naturliga f\u00e4rger. I synnerhet utmanar och stimulerar det barns sociala f\u00e4rdigheter, motorik och balans. lekst\u00e4llningen finns i ett brett utbud av storlekar och prisklasser f\u00f6r att passa alla behov. En temav\u00e4rld som v\u00e4cker barns naturliga intresse f\u00f6r att uppleva och utforska v\u00e4rlden. Den st\u00f6rsta temav\u00e4rlden med m\u00e5nga olika lekredskap f\u00f6r hela lekplatsen.<\/p>\n","protected":false},"excerpt":{"rendered":"<p>Kompakt lekstuga med massor av aktiviteter Tobi \u00e4r en av lekhusen i Explore-serien som har m\u00e5nga aktiviteter p\u00e5 ett begr\u00e4nsat utrymme. Tobi kr\u00e4ver en yta p\u00e5 strax under<\/p>\n","protected":false},"featured_media":125364,"template":"","meta":{"site-sidebar-layout":"","site-content-layout":"","ast-site-content-layout":"","site-content-style":"","site-sidebar-style":"","ast-global-header-display":"","ast-banner-title-visibility":"","ast-main-header-display":"","ast-hfb-above-header-display":"","ast-hfb-below-header-display":"","ast-hfb-mobile-header-display":"","site-post-title":"","ast-breadcrumbs-content":"","ast-featured-img":"","footer-sml-layout":"","theme-transparent-header-meta":"","adv-header-id-meta":"","stick-header-meta":"","header-above-stick-meta":"","header-main-stick-meta":"","header-below-stick-meta":"","astra-migrate-meta-layouts":"","ast-page-background-enabled":"default","ast-page-background-meta":{"desktop":{"background-color":"var(--ast-global-color-5)","background-image":"","background-repeat":"repeat","background-position":"center center","background-size":"auto","background-attachment":"scroll","background-type":"","background-media":"","overlay-type":"","overlay-color":"","overlay-opacity":"","overlay-gradient":""},"tablet":{"background-color":"","background-image":"","background-repeat":"repeat","background-position":"center center","background-size":"auto","background-attachment":"scroll","background-type":"","background-media":"","overlay-type":"","overlay-color":"","overlay-opacity":"","overlay-gradient":""},"mobile":{"background-color":"","background-image":"","background-repeat":"repeat","background-position":"center center","background-size":"auto","background-attachment":"scroll","background-type":"","background-media":"","overlay-type":"","overlay-color":"","overlay-opacity":"","overlay-gradient":""}},"ast-content-background-meta":{"desktop":{"background-color":"var(--ast-global-color-4)","background-image":"","background-repeat":"repeat","background-position":"center center","background-size":"auto","background-attachment":"scroll","background-type":"","background-media":"","overlay-type":"","overlay-color":"","overlay-opacity":"","overlay-gradient":""},"tablet":{"background-color":"var(--ast-global-color-4)","background-image":"","background-repeat":"repeat","background-position":"center center","background-size":"auto","background-attachment":"scroll","background-type":"","background-media":"","overlay-type":"","overlay-color":"","overlay-opacity":"","overlay-gradient":""},"mobile":{"background-color":"var(--ast-global-color-4)","background-image":"","background-repeat":"repeat","background-position":"center center","background-size":"auto","background-attachment":"scroll","background-type":"","background-media":"","overlay-type":"","overlay-color":"","overlay-opacity":"","overlay-gradient":""}}},"product_brand":[526],"product_cat":[387,148,370],"product_tag":[],"class_list":{"0":"post-76943","1":"product","2":"type-product","3":"status-publish","4":"has-post-thumbnail","6":"product_brand-ledon","7":"product_cat-explore","8":"product_cat-lekhus","9":"product_cat-produktserier","10":"desktop-align-center","11":"tablet-align-left","12":"mobile-align-left","14":"first","15":"instock","16":"taxable","17":"shipping-taxable","18":"purchasable","19":"product-type-simple"},"_links":{"self":[{"href":"https:\/\/readymade.se\/lekplats\/wp-json\/wp\/v2\/product\/76943","targetHints":{"allow":["GET"]}}],"collection":[{"href":"https:\/\/readymade.se\/lekplats\/wp-json\/wp\/v2\/product"}],"about":[{"href":"https:\/\/readymade.se\/lekplats\/wp-json\/wp\/v2\/types\/product"}],"wp:featuredmedia":[{"embeddable":true,"href":"https:\/\/readymade.se\/lekplats\/wp-json\/wp\/v2\/media\/125364"}],"wp:attachment":[{"href":"https:\/\/readymade.se\/lekplats\/wp-json\/wp\/v2\/media?parent=76943"}],"wp:term":[{"taxonomy":"product_brand","embeddable":true,"href":"https:\/\/readymade.se\/lekplats\/wp-json\/wp\/v2\/product_brand?post=76943"},{"taxonomy":"product_cat","embeddable":true,"href":"https:\/\/readymade.se\/lekplats\/wp-json\/wp\/v2\/product_cat?post=76943"},{"taxonomy":"product_tag","embeddable":true,"href":"https:\/\/readymade.se\/lekplats\/wp-json\/wp\/v2\/product_tag?post=76943"}],"curies":[{"name":"wp","href":"https:\/\/api.w.org\/{rel}","templated":true}]}}