{"id":76940,"date":"2025-11-12T21:10:35","date_gmt":"2025-11-12T20:10:35","guid":{"rendered":"https:\/\/readymade.se\/core\/produkt\/anvandande\/"},"modified":"2026-02-28T18:10:07","modified_gmt":"2026-02-28T17:10:07","slug":"lilo","status":"publish","type":"product","link":"https:\/\/readymade.se\/lekplats\/produkt\/lilo\/","title":{"rendered":"Lilo"},"content":{"rendered":"<p>Lilo \u2013 allroundlekstugan Lilolekstugan \u00e4r en allroundlekstuga med plats f\u00f6r m\u00e5nga barn. F\u00f6rutom tv\u00e5 b\u00e4nkar och ett bord har Lilo \u00e4ven en extra b\u00e4nk p\u00e5 verandan. D\u00e4rmed finns det gott om plats f\u00f6r lek inne, ute och runt lekstugan. Lekstugans k\u00f6k finns p\u00e5 utsidan av verandan. K\u00f6ket har m\u00e5nga sm\u00e5 aktiviteter som tr\u00e4nar barns finmotorik samtidigt som de stimulerar deras kreativa och kognitiva utveckling. Golven i Lilo lekstuga \u00e4r designade med en specialutvecklad halkfri alnkornig yta. En lekstuga med ett f\u00e5gelbo Lilo \u00e4r ocks\u00e5 den enda lekstugan som har en f\u00e5gelbogunga \u2013 eller sensorisk gunga, som den ocks\u00e5 kallas. F\u00e5gelboet st\u00f6ds p\u00e5 b\u00e5da sidor och fungerar f\u00f6ljaktligen inte som en riktig gunga, utan snarare som en mjukt r\u00f6rlig och gungande mysh\u00f6rna, d\u00e4r hemligheter och sagor kan ber\u00e4ttas. F\u00e5gelboet \u00e4r s\u00e4rskilt popul\u00e4rt bland yngre barn. N\u00e4r barn ligger eller sitter i f\u00e5gelboet n\u00e4r den r\u00f6r sig, stimulerar det vestibul\u00e4ra sinnet inuti barnets inner\u00f6ra. Det vestibul\u00e4ra sinnet registrerar huvudets position i f\u00f6rh\u00e5llande till gravitationen \u2013 upp, ner, h\u00f6ger, v\u00e4nster etc. \u2013 och hj\u00e4lper p\u00e5 s\u00e5 s\u00e4tt barnets balanssinne. Varf\u00f6r v\u00e4lja LEDON Explore? L\u00e5gunderh\u00e5lls lekredskap i naturliga f\u00e4rger. I synnerhet utmanar och stimulerar det barns sociala f\u00e4rdigheter, motorik och balans. lekst\u00e4llningen finns i ett brett utbud av storlekar och prisklasser f\u00f6r att passa alla behov. En temav\u00e4rld som v\u00e4cker barns naturliga intresse f\u00f6r att uppleva och utforska v\u00e4rlden. Den st\u00f6rsta temav\u00e4rlden med m\u00e5nga olika lekredskap f\u00f6r hela lekplatsen.<\/p>\n","protected":false},"excerpt":{"rendered":"<p>Lilo \u2013 allroundlekstugan Lilolekstugan \u00e4r en allroundlekstuga med plats f\u00f6r m\u00e5nga barn. F\u00f6rutom tv\u00e5 b\u00e4nkar och ett bord har Lilo \u00e4ven en extra b\u00e4nk o<\/p>\n","protected":false},"featured_media":125366,"template":"","meta":{"site-sidebar-layout":"","site-content-layout":"","ast-site-content-layout":"","site-content-style":"","site-sidebar-style":"","ast-global-header-display":"","ast-banner-title-visibility":"","ast-main-header-display":"","ast-hfb-above-header-display":"","ast-hfb-below-header-display":"","ast-hfb-mobile-header-display":"","site-post-title":"","ast-breadcrumbs-content":"","ast-featured-img":"","footer-sml-layout":"","theme-transparent-header-meta":"","adv-header-id-meta":"","stick-header-meta":"","header-above-stick-meta":"","header-main-stick-meta":"","header-below-stick-meta":"","astra-migrate-meta-layouts":"","ast-page-background-enabled":"default","ast-page-background-meta":{"desktop":{"background-color":"var(--ast-global-color-5)","background-image":"","background-repeat":"repeat","background-position":"center center","background-size":"auto","background-attachment":"scroll","background-type":"","background-media":"","overlay-type":"","overlay-color":"","overlay-opacity":"","overlay-gradient":""},"tablet":{"background-color":"","background-image":"","background-repeat":"repeat","background-position":"center center","background-size":"auto","background-attachment":"scroll","background-type":"","background-media":"","overlay-type":"","overlay-color":"","overlay-opacity":"","overlay-gradient":""},"mobile":{"background-color":"","background-image":"","background-repeat":"repeat","background-position":"center center","background-size":"auto","background-attachment":"scroll","background-type":"","background-media":"","overlay-type":"","overlay-color":"","overlay-opacity":"","overlay-gradient":""}},"ast-content-background-meta":{"desktop":{"background-color":"var(--ast-global-color-4)","background-image":"","background-repeat":"repeat","background-position":"center center","background-size":"auto","background-attachment":"scroll","background-type":"","background-media":"","overlay-type":"","overlay-color":"","overlay-opacity":"","overlay-gradient":""},"tablet":{"background-color":"var(--ast-global-color-4)","background-image":"","background-repeat":"repeat","background-position":"center center","background-size":"auto","background-attachment":"scroll","background-type":"","background-media":"","overlay-type":"","overlay-color":"","overlay-opacity":"","overlay-gradient":""},"mobile":{"background-color":"var(--ast-global-color-4)","background-image":"","background-repeat":"repeat","background-position":"center center","background-size":"auto","background-attachment":"scroll","background-type":"","background-media":"","overlay-type":"","overlay-color":"","overlay-opacity":"","overlay-gradient":""}}},"product_brand":[526],"product_cat":[387,148,370],"product_tag":[],"class_list":{"0":"post-76940","1":"product","2":"type-product","3":"status-publish","4":"has-post-thumbnail","6":"product_brand-ledon","7":"product_cat-explore","8":"product_cat-lekhus","9":"product_cat-produktserier","10":"desktop-align-center","11":"tablet-align-left","12":"mobile-align-left","14":"first","15":"instock","16":"taxable","17":"shipping-taxable","18":"purchasable","19":"product-type-simple"},"_links":{"self":[{"href":"https:\/\/readymade.se\/lekplats\/wp-json\/wp\/v2\/product\/76940","targetHints":{"allow":["GET"]}}],"collection":[{"href":"https:\/\/readymade.se\/lekplats\/wp-json\/wp\/v2\/product"}],"about":[{"href":"https:\/\/readymade.se\/lekplats\/wp-json\/wp\/v2\/types\/product"}],"wp:featuredmedia":[{"embeddable":true,"href":"https:\/\/readymade.se\/lekplats\/wp-json\/wp\/v2\/media\/125366"}],"wp:attachment":[{"href":"https:\/\/readymade.se\/lekplats\/wp-json\/wp\/v2\/media?parent=76940"}],"wp:term":[{"taxonomy":"product_brand","embeddable":true,"href":"https:\/\/readymade.se\/lekplats\/wp-json\/wp\/v2\/product_brand?post=76940"},{"taxonomy":"product_cat","embeddable":true,"href":"https:\/\/readymade.se\/lekplats\/wp-json\/wp\/v2\/product_cat?post=76940"},{"taxonomy":"product_tag","embeddable":true,"href":"https:\/\/readymade.se\/lekplats\/wp-json\/wp\/v2\/product_tag?post=76940"}],"curies":[{"name":"wp","href":"https:\/\/api.w.org\/{rel}","templated":true}]}}