{"id":76937,"date":"2025-11-12T21:10:26","date_gmt":"2025-11-12T20:10:26","guid":{"rendered":"https:\/\/readymade.se\/core\/produkt\/kiki\/"},"modified":"2026-02-28T18:10:07","modified_gmt":"2026-02-28T17:10:07","slug":"kiki","status":"publish","type":"product","link":"https:\/\/readymade.se\/lekplats\/produkt\/kiki\/","title":{"rendered":"Kiki"},"content":{"rendered":"<p>Lekstuga med veranda Kiki \u00e4r en popul\u00e4r lekstuga i Explore-universumet, eftersom den har en veranda och d\u00e4rf\u00f6r kan ta emot ett stort antal barn. Verandan har en extra b\u00e4nk och lekpanelen \u2019spis\u2019 inspirerar barn att spela rollspel som att leka butik, k\u00f6k etc. Rollspel \u00e4r s\u00e4rskilt viktigt f\u00f6r ett barns utveckling, eftersom det l\u00e4gger grunden f\u00f6r deras f\u00f6rst\u00e5else av omv\u00e4rlden samtidigt som de l\u00e4r sig sociala regler och hur man kan kompromissa och l\u00f6sa konflikter. Barnet l\u00e4r sig om andra barn, men ocks\u00e5 om sig sj\u00e4lva. Liksom de andra lekhusen \u00e4r golven i Kiki-lekstugan utformade med en specialutvecklad halkfri alnkornig yta, s\u00e5 lekstugan kr\u00e4ver ingen s\u00e4kerhetsyta, och kan d\u00e4rf\u00f6r st\u00e5 p\u00e5 gr\u00e4s. Varf\u00f6r v\u00e4lja LEDON Explore? L\u00e5gunderh\u00e5lls lekredskap i naturliga f\u00e4rger. I synnerhet utmanar och stimulerar det barns sociala f\u00e4rdigheter, motorik och balans. lekst\u00e4llningen finns i ett brett utbud av storlekar och prisklasser f\u00f6r att passa alla behov. En temav\u00e4rld som v\u00e4cker barns naturliga intresse f\u00f6r att uppleva och utforska v\u00e4rlden. Den st\u00f6rsta temav\u00e4rlden med m\u00e5nga olika lekredskap f\u00f6r hela lekplatsen.<\/p>\n","protected":false},"excerpt":{"rendered":"<p>Lekstuga med veranda Kiki \u00e4r en popul\u00e4r lekstuga i Explore-universumet, eftersom den har en veranda och d\u00e4rf\u00f6r kan ta emot ett stort antal barn. Verandan har en<\/p>\n","protected":false},"featured_media":125368,"template":"","meta":{"site-sidebar-layout":"","site-content-layout":"","ast-site-content-layout":"","site-content-style":"","site-sidebar-style":"","ast-global-header-display":"","ast-banner-title-visibility":"","ast-main-header-display":"","ast-hfb-above-header-display":"","ast-hfb-below-header-display":"","ast-hfb-mobile-header-display":"","site-post-title":"","ast-breadcrumbs-content":"","ast-featured-img":"","footer-sml-layout":"","theme-transparent-header-meta":"","adv-header-id-meta":"","stick-header-meta":"","header-above-stick-meta":"","header-main-stick-meta":"","header-below-stick-meta":"","astra-migrate-meta-layouts":"","ast-page-background-enabled":"default","ast-page-background-meta":{"desktop":{"background-color":"var(--ast-global-color-5)","background-image":"","background-repeat":"repeat","background-position":"center center","background-size":"auto","background-attachment":"scroll","background-type":"","background-media":"","overlay-type":"","overlay-color":"","overlay-opacity":"","overlay-gradient":""},"tablet":{"background-color":"","background-image":"","background-repeat":"repeat","background-position":"center center","background-size":"auto","background-attachment":"scroll","background-type":"","background-media":"","overlay-type":"","overlay-color":"","overlay-opacity":"","overlay-gradient":""},"mobile":{"background-color":"","background-image":"","background-repeat":"repeat","background-position":"center center","background-size":"auto","background-attachment":"scroll","background-type":"","background-media":"","overlay-type":"","overlay-color":"","overlay-opacity":"","overlay-gradient":""}},"ast-content-background-meta":{"desktop":{"background-color":"var(--ast-global-color-4)","background-image":"","background-repeat":"repeat","background-position":"center center","background-size":"auto","background-attachment":"scroll","background-type":"","background-media":"","overlay-type":"","overlay-color":"","overlay-opacity":"","overlay-gradient":""},"tablet":{"background-color":"var(--ast-global-color-4)","background-image":"","background-repeat":"repeat","background-position":"center center","background-size":"auto","background-attachment":"scroll","background-type":"","background-media":"","overlay-type":"","overlay-color":"","overlay-opacity":"","overlay-gradient":""},"mobile":{"background-color":"var(--ast-global-color-4)","background-image":"","background-repeat":"repeat","background-position":"center center","background-size":"auto","background-attachment":"scroll","background-type":"","background-media":"","overlay-type":"","overlay-color":"","overlay-opacity":"","overlay-gradient":""}}},"product_brand":[526],"product_cat":[387,148,370],"product_tag":[],"class_list":{"0":"post-76937","1":"product","2":"type-product","3":"status-publish","4":"has-post-thumbnail","6":"product_brand-ledon","7":"product_cat-explore","8":"product_cat-lekhus","9":"product_cat-produktserier","10":"desktop-align-center","11":"tablet-align-left","12":"mobile-align-left","14":"first","15":"instock","16":"taxable","17":"shipping-taxable","18":"purchasable","19":"product-type-simple"},"_links":{"self":[{"href":"https:\/\/readymade.se\/lekplats\/wp-json\/wp\/v2\/product\/76937","targetHints":{"allow":["GET"]}}],"collection":[{"href":"https:\/\/readymade.se\/lekplats\/wp-json\/wp\/v2\/product"}],"about":[{"href":"https:\/\/readymade.se\/lekplats\/wp-json\/wp\/v2\/types\/product"}],"wp:featuredmedia":[{"embeddable":true,"href":"https:\/\/readymade.se\/lekplats\/wp-json\/wp\/v2\/media\/125368"}],"wp:attachment":[{"href":"https:\/\/readymade.se\/lekplats\/wp-json\/wp\/v2\/media?parent=76937"}],"wp:term":[{"taxonomy":"product_brand","embeddable":true,"href":"https:\/\/readymade.se\/lekplats\/wp-json\/wp\/v2\/product_brand?post=76937"},{"taxonomy":"product_cat","embeddable":true,"href":"https:\/\/readymade.se\/lekplats\/wp-json\/wp\/v2\/product_cat?post=76937"},{"taxonomy":"product_tag","embeddable":true,"href":"https:\/\/readymade.se\/lekplats\/wp-json\/wp\/v2\/product_tag?post=76937"}],"curies":[{"name":"wp","href":"https:\/\/api.w.org\/{rel}","templated":true}]}}