{"id":76898,"date":"2025-11-12T21:08:15","date_gmt":"2025-11-12T20:08:15","guid":{"rendered":"https:\/\/readymade.se\/core\/produkt\/batterier\/"},"modified":"2026-02-28T18:14:21","modified_gmt":"2026-02-28T17:14:21","slug":"pilas","status":"publish","type":"product","link":"https:\/\/readymade.se\/lekplats\/produkt\/pilas\/","title":{"rendered":"Pilas"},"content":{"rendered":"<p>Pilas \u00e4r en aktivitetspanel i LEDON Explore-serien som anv\u00e4nds f\u00f6r att skapa mindre lekrum och zoner p\u00e5 lekplatsen. Panelen fungerar b\u00e5de som lekv\u00e4gg och rumsavdelare och \u00e4r s\u00e4rskilt l\u00e4mpad f\u00f6r sandl\u00e5dor, d\u00e4r den inspirerar till roll lek och kreativt samspel. Rolleken hj\u00e4lper barn att f\u00f6rst\u00e5 sin omv\u00e4rld och utveckla sociala f\u00e4rdigheter som samarbete, kompromissf\u00f6rm\u00e5ga och konflikthantering. Genom leken tr\u00e4nas \u00e4ven motorik och kommunikation. Panelen \u00e4r tillverkad i slitstarka och l\u00e4ttsk\u00f6tta material, anpassade f\u00f6r offentlig milj\u00f6.<\/p>\n","protected":false},"excerpt":{"rendered":"<p>Aktivitetspanel som skapar tydliga lekytor och stimulerar fantasi, roll lek och socialt samspel. Passar s\u00e4rskilt bra i sandl\u00e5dor och som rumsavdelare p\u00e5 lekplatsen.<\/p>\n","protected":false},"featured_media":125525,"template":"","meta":{"site-sidebar-layout":"","site-content-layout":"","ast-site-content-layout":"","site-content-style":"","site-sidebar-style":"","ast-global-header-display":"","ast-banner-title-visibility":"","ast-main-header-display":"","ast-hfb-above-header-display":"","ast-hfb-below-header-display":"","ast-hfb-mobile-header-display":"","site-post-title":"","ast-breadcrumbs-content":"","ast-featured-img":"","footer-sml-layout":"","theme-transparent-header-meta":"","adv-header-id-meta":"","stick-header-meta":"","header-above-stick-meta":"","header-main-stick-meta":"","header-below-stick-meta":"","astra-migrate-meta-layouts":"","ast-page-background-enabled":"default","ast-page-background-meta":{"desktop":{"background-color":"var(--ast-global-color-5)","background-image":"","background-repeat":"repeat","background-position":"center center","background-size":"auto","background-attachment":"scroll","background-type":"","background-media":"","overlay-type":"","overlay-color":"","overlay-opacity":"","overlay-gradient":""},"tablet":{"background-color":"","background-image":"","background-repeat":"repeat","background-position":"center center","background-size":"auto","background-attachment":"scroll","background-type":"","background-media":"","overlay-type":"","overlay-color":"","overlay-opacity":"","overlay-gradient":""},"mobile":{"background-color":"","background-image":"","background-repeat":"repeat","background-position":"center center","background-size":"auto","background-attachment":"scroll","background-type":"","background-media":"","overlay-type":"","overlay-color":"","overlay-opacity":"","overlay-gradient":""}},"ast-content-background-meta":{"desktop":{"background-color":"var(--ast-global-color-4)","background-image":"","background-repeat":"repeat","background-position":"center center","background-size":"auto","background-attachment":"scroll","background-type":"","background-media":"","overlay-type":"","overlay-color":"","overlay-opacity":"","overlay-gradient":""},"tablet":{"background-color":"var(--ast-global-color-4)","background-image":"","background-repeat":"repeat","background-position":"center center","background-size":"auto","background-attachment":"scroll","background-type":"","background-media":"","overlay-type":"","overlay-color":"","overlay-opacity":"","overlay-gradient":""},"mobile":{"background-color":"var(--ast-global-color-4)","background-image":"","background-repeat":"repeat","background-position":"center center","background-size":"auto","background-attachment":"scroll","background-type":"","background-media":"","overlay-type":"","overlay-color":"","overlay-opacity":"","overlay-gradient":""}}},"product_brand":[526],"product_cat":[387,466,487,292],"product_tag":[],"class_list":{"0":"post-76898","1":"product","2":"type-product","3":"status-publish","4":"has-post-thumbnail","6":"product_brand-ledon","7":"product_cat-explore","8":"product_cat-sand-vattenlek","9":"product_cat-sandbord","10":"product_cat-temalek","11":"desktop-align-center","12":"tablet-align-left","13":"mobile-align-left","15":"first","16":"instock","17":"taxable","18":"shipping-taxable","19":"purchasable","20":"product-type-simple"},"_links":{"self":[{"href":"https:\/\/readymade.se\/lekplats\/wp-json\/wp\/v2\/product\/76898","targetHints":{"allow":["GET"]}}],"collection":[{"href":"https:\/\/readymade.se\/lekplats\/wp-json\/wp\/v2\/product"}],"about":[{"href":"https:\/\/readymade.se\/lekplats\/wp-json\/wp\/v2\/types\/product"}],"wp:featuredmedia":[{"embeddable":true,"href":"https:\/\/readymade.se\/lekplats\/wp-json\/wp\/v2\/media\/125525"}],"wp:attachment":[{"href":"https:\/\/readymade.se\/lekplats\/wp-json\/wp\/v2\/media?parent=76898"}],"wp:term":[{"taxonomy":"product_brand","embeddable":true,"href":"https:\/\/readymade.se\/lekplats\/wp-json\/wp\/v2\/product_brand?post=76898"},{"taxonomy":"product_cat","embeddable":true,"href":"https:\/\/readymade.se\/lekplats\/wp-json\/wp\/v2\/product_cat?post=76898"},{"taxonomy":"product_tag","embeddable":true,"href":"https:\/\/readymade.se\/lekplats\/wp-json\/wp\/v2\/product_tag?post=76898"}],"curies":[{"name":"wp","href":"https:\/\/api.w.org\/{rel}","templated":true}]}}