{"id":76883,"date":"2025-11-12T21:06:31","date_gmt":"2025-11-12T20:06:31","guid":{"rendered":"https:\/\/readymade.se\/core\/produkt\/spindelklattringspyramid-8-m\/"},"modified":"2026-02-28T15:33:45","modified_gmt":"2026-02-28T14:33:45","slug":"spindelklattringspyramid-8-m","status":"publish","type":"product","link":"https:\/\/readymade.se\/lekplats\/produkt\/spindelklattringspyramid-8-m\/","title":{"rendered":"Spindelkl\u00e4ttringspyramid 8 m"},"content":{"rendered":"<p>Spindelkl\u00e4ttringspyramid 8 meter \u00e4r ett av v\u00e5ra st\u00f6rsta kl\u00e4ttern\u00e4t och rymmer m\u00e5nga barn som vill ta sig hela v\u00e4gen till toppen. Kl\u00e4ttringen kr\u00e4ver stora r\u00f6relser med b\u00e5de armar och ben och tr\u00e4nar grovmotorik och uth\u00e5llighet. De olika niv\u00e5erna ger m\u00f6jlighet till pauser och gemensam lek. Designen \u00e4r inspirerad av ett spindeln\u00e4t och skapar en tydlig och sp\u00e4nnande struktur. Finns \u00e4ven i h\u00f6jdvariationerna 4 meter och 6 meter. Obs: Grundytan \u00e4r st\u00f6rre \u00e4n ytbehovet inklusive s\u00e4kerhetsavst\u00e5nd.<\/p>\n","protected":false},"excerpt":{"rendered":"<p>Mycket stort kl\u00e4ttern\u00e4t p\u00e5 8 meter f\u00f6r erfarna och kl\u00e4tterglada barn. Skapar tydliga utmaningar och social lek p\u00e5 h\u00f6jd.<\/p>\n","protected":false},"featured_media":124109,"template":"","meta":{"site-sidebar-layout":"","site-content-layout":"","ast-site-content-layout":"","site-content-style":"","site-sidebar-style":"","ast-global-header-display":"","ast-banner-title-visibility":"","ast-main-header-display":"","ast-hfb-above-header-display":"","ast-hfb-below-header-display":"","ast-hfb-mobile-header-display":"","site-post-title":"","ast-breadcrumbs-content":"","ast-featured-img":"","footer-sml-layout":"","theme-transparent-header-meta":"","adv-header-id-meta":"","stick-header-meta":"","header-above-stick-meta":"","header-main-stick-meta":"","header-below-stick-meta":"","astra-migrate-meta-layouts":"","ast-page-background-enabled":"default","ast-page-background-meta":{"desktop":{"background-color":"var(--ast-global-color-5)","background-image":"","background-repeat":"repeat","background-position":"center center","background-size":"auto","background-attachment":"scroll","background-type":"","background-media":"","overlay-type":"","overlay-color":"","overlay-opacity":"","overlay-gradient":""},"tablet":{"background-color":"","background-image":"","background-repeat":"repeat","background-position":"center center","background-size":"auto","background-attachment":"scroll","background-type":"","background-media":"","overlay-type":"","overlay-color":"","overlay-opacity":"","overlay-gradient":""},"mobile":{"background-color":"","background-image":"","background-repeat":"repeat","background-position":"center center","background-size":"auto","background-attachment":"scroll","background-type":"","background-media":"","overlay-type":"","overlay-color":"","overlay-opacity":"","overlay-gradient":""}},"ast-content-background-meta":{"desktop":{"background-color":"var(--ast-global-color-4)","background-image":"","background-repeat":"repeat","background-position":"center center","background-size":"auto","background-attachment":"scroll","background-type":"","background-media":"","overlay-type":"","overlay-color":"","overlay-opacity":"","overlay-gradient":""},"tablet":{"background-color":"var(--ast-global-color-4)","background-image":"","background-repeat":"repeat","background-position":"center center","background-size":"auto","background-attachment":"scroll","background-type":"","background-media":"","overlay-type":"","overlay-color":"","overlay-opacity":"","overlay-gradient":""},"mobile":{"background-color":"var(--ast-global-color-4)","background-image":"","background-repeat":"repeat","background-position":"center center","background-size":"auto","background-attachment":"scroll","background-type":"","background-media":"","overlay-type":"","overlay-color":"","overlay-opacity":"","overlay-gradient":""}}},"product_brand":[526],"product_cat":[483,53],"product_tag":[],"class_list":{"0":"post-76883","1":"product","2":"type-product","3":"status-publish","4":"has-post-thumbnail","6":"product_brand-ledon","7":"product_cat-klatterpyramider","8":"product_cat-klatterstallningar","9":"desktop-align-center","10":"tablet-align-left","11":"mobile-align-left","13":"first","14":"instock","15":"taxable","16":"shipping-taxable","17":"purchasable","18":"product-type-simple"},"_links":{"self":[{"href":"https:\/\/readymade.se\/lekplats\/wp-json\/wp\/v2\/product\/76883","targetHints":{"allow":["GET"]}}],"collection":[{"href":"https:\/\/readymade.se\/lekplats\/wp-json\/wp\/v2\/product"}],"about":[{"href":"https:\/\/readymade.se\/lekplats\/wp-json\/wp\/v2\/types\/product"}],"wp:featuredmedia":[{"embeddable":true,"href":"https:\/\/readymade.se\/lekplats\/wp-json\/wp\/v2\/media\/124109"}],"wp:attachment":[{"href":"https:\/\/readymade.se\/lekplats\/wp-json\/wp\/v2\/media?parent=76883"}],"wp:term":[{"taxonomy":"product_brand","embeddable":true,"href":"https:\/\/readymade.se\/lekplats\/wp-json\/wp\/v2\/product_brand?post=76883"},{"taxonomy":"product_cat","embeddable":true,"href":"https:\/\/readymade.se\/lekplats\/wp-json\/wp\/v2\/product_cat?post=76883"},{"taxonomy":"product_tag","embeddable":true,"href":"https:\/\/readymade.se\/lekplats\/wp-json\/wp\/v2\/product_tag?post=76883"}],"curies":[{"name":"wp","href":"https:\/\/api.w.org\/{rel}","templated":true}]}}