{"id":76880,"date":"2025-11-12T21:06:21","date_gmt":"2025-11-12T20:06:21","guid":{"rendered":"https:\/\/readymade.se\/core\/produkt\/spindelklattringspyramid-6-m\/"},"modified":"2026-02-28T15:34:04","modified_gmt":"2026-02-28T14:34:04","slug":"spindelklattringspyramid-6-m","status":"publish","type":"product","link":"https:\/\/readymade.se\/lekplats\/produkt\/spindelklattringspyramid-6-m\/","title":{"rendered":"Spindelkl\u00e4ttringspyramid 6 m"},"content":{"rendered":"<p>Spindelkl\u00e4ttringspyramid 6 meter \u00e4r ett imponerande kl\u00e4ttern\u00e4t som n\u00e5r 6 meters h\u00f6jd och passar barn fr\u00e5n 6 \u00e5r och upp\u00e5t. Kl\u00e4ttringen utvecklar styrka, balans och koordination samtidigt som den uppmuntrar till lek och \u00e4ventyr. Den spindeln\u00e4tsinspirerade designen skapar tydliga niv\u00e5er och r\u00f6relsem\u00f6nster. Finns \u00e4ven i h\u00f6jdvariationerna 4 meter och 8 meter. Obs: Grundytan \u00e4r st\u00f6rre \u00e4n ytbehovet inklusive s\u00e4kerhetsavst\u00e5nd.<\/p>\n","protected":false},"excerpt":{"rendered":"<p>H\u00f6gt kl\u00e4ttern\u00e4t p\u00e5 6 meter f\u00f6r barn som s\u00f6ker st\u00f6rre kl\u00e4tterutmaningar. Passar lekplatser med fokus p\u00e5 fysisk aktivitet.<\/p>\n","protected":false},"featured_media":124116,"template":"","meta":{"site-sidebar-layout":"","site-content-layout":"","ast-site-content-layout":"","site-content-style":"","site-sidebar-style":"","ast-global-header-display":"","ast-banner-title-visibility":"","ast-main-header-display":"","ast-hfb-above-header-display":"","ast-hfb-below-header-display":"","ast-hfb-mobile-header-display":"","site-post-title":"","ast-breadcrumbs-content":"","ast-featured-img":"","footer-sml-layout":"","theme-transparent-header-meta":"","adv-header-id-meta":"","stick-header-meta":"","header-above-stick-meta":"","header-main-stick-meta":"","header-below-stick-meta":"","astra-migrate-meta-layouts":"","ast-page-background-enabled":"default","ast-page-background-meta":{"desktop":{"background-color":"var(--ast-global-color-5)","background-image":"","background-repeat":"repeat","background-position":"center center","background-size":"auto","background-attachment":"scroll","background-type":"","background-media":"","overlay-type":"","overlay-color":"","overlay-opacity":"","overlay-gradient":""},"tablet":{"background-color":"","background-image":"","background-repeat":"repeat","background-position":"center center","background-size":"auto","background-attachment":"scroll","background-type":"","background-media":"","overlay-type":"","overlay-color":"","overlay-opacity":"","overlay-gradient":""},"mobile":{"background-color":"","background-image":"","background-repeat":"repeat","background-position":"center center","background-size":"auto","background-attachment":"scroll","background-type":"","background-media":"","overlay-type":"","overlay-color":"","overlay-opacity":"","overlay-gradient":""}},"ast-content-background-meta":{"desktop":{"background-color":"var(--ast-global-color-4)","background-image":"","background-repeat":"repeat","background-position":"center center","background-size":"auto","background-attachment":"scroll","background-type":"","background-media":"","overlay-type":"","overlay-color":"","overlay-opacity":"","overlay-gradient":""},"tablet":{"background-color":"var(--ast-global-color-4)","background-image":"","background-repeat":"repeat","background-position":"center center","background-size":"auto","background-attachment":"scroll","background-type":"","background-media":"","overlay-type":"","overlay-color":"","overlay-opacity":"","overlay-gradient":""},"mobile":{"background-color":"var(--ast-global-color-4)","background-image":"","background-repeat":"repeat","background-position":"center center","background-size":"auto","background-attachment":"scroll","background-type":"","background-media":"","overlay-type":"","overlay-color":"","overlay-opacity":"","overlay-gradient":""}}},"product_brand":[526],"product_cat":[483,53],"product_tag":[],"class_list":{"0":"post-76880","1":"product","2":"type-product","3":"status-publish","4":"has-post-thumbnail","6":"product_brand-ledon","7":"product_cat-klatterpyramider","8":"product_cat-klatterstallningar","9":"desktop-align-center","10":"tablet-align-left","11":"mobile-align-left","13":"first","14":"instock","15":"taxable","16":"shipping-taxable","17":"purchasable","18":"product-type-simple"},"_links":{"self":[{"href":"https:\/\/readymade.se\/lekplats\/wp-json\/wp\/v2\/product\/76880","targetHints":{"allow":["GET"]}}],"collection":[{"href":"https:\/\/readymade.se\/lekplats\/wp-json\/wp\/v2\/product"}],"about":[{"href":"https:\/\/readymade.se\/lekplats\/wp-json\/wp\/v2\/types\/product"}],"wp:featuredmedia":[{"embeddable":true,"href":"https:\/\/readymade.se\/lekplats\/wp-json\/wp\/v2\/media\/124116"}],"wp:attachment":[{"href":"https:\/\/readymade.se\/lekplats\/wp-json\/wp\/v2\/media?parent=76880"}],"wp:term":[{"taxonomy":"product_brand","embeddable":true,"href":"https:\/\/readymade.se\/lekplats\/wp-json\/wp\/v2\/product_brand?post=76880"},{"taxonomy":"product_cat","embeddable":true,"href":"https:\/\/readymade.se\/lekplats\/wp-json\/wp\/v2\/product_cat?post=76880"},{"taxonomy":"product_tag","embeddable":true,"href":"https:\/\/readymade.se\/lekplats\/wp-json\/wp\/v2\/product_tag?post=76880"}],"curies":[{"name":"wp","href":"https:\/\/api.w.org\/{rel}","templated":true}]}}