{"id":76870,"date":"2025-11-12T21:06:01","date_gmt":"2025-11-12T20:06:01","guid":{"rendered":"https:\/\/readymade.se\/core\/produkt\/cheops-kombinationsklatternat\/"},"modified":"2026-02-28T15:34:04","modified_gmt":"2026-02-28T14:34:04","slug":"cheops-kombinationsklatternat","status":"publish","type":"product","link":"https:\/\/readymade.se\/lekplats\/produkt\/cheops-kombinationsklatternat\/","title":{"rendered":"Cheops kombinationskl\u00e4ttern\u00e4t"},"content":{"rendered":"<p>Cheops kombinationskl\u00e4ttern\u00e4t \u00e4r v\u00e5rt st\u00f6rsta kl\u00e4ttern\u00e4t och \u00e4r utformat f\u00f6r att rymma m\u00e5nga barn samtidigt. Systemet best\u00e5r av tv\u00e5 h\u00f6ga torn som binds samman av en l\u00e5ng repbro. Kl\u00e4ttern\u00e4tet uppmuntrar till gemensamma lekar som kurrag\u00f6mma, t\u00e4vlingar och rollspel, men fungerar ocks\u00e5 som en plats f\u00f6r att bara h\u00e4nga. Kl\u00e4ttring och balans \u00f6ver repbron tr\u00e4nar grovmotorik, styrka och koordination. Lek tillsammans st\u00e4rker \u00e4ven barns sociala f\u00e4rdigheter s\u00e5som samarbete och h\u00e4nsyn.<\/p>\n","protected":false},"excerpt":{"rendered":"<p>Mycket stort kl\u00e4ttern\u00e4t med tv\u00e5 torn och l\u00e5ng repbro. Perfekt f\u00f6r stora lekplatser och grupper av barn som vill kl\u00e4ttra tillsammans.<\/p>\n","protected":false},"featured_media":124118,"template":"","meta":{"site-sidebar-layout":"","site-content-layout":"","ast-site-content-layout":"","site-content-style":"","site-sidebar-style":"","ast-global-header-display":"","ast-banner-title-visibility":"","ast-main-header-display":"","ast-hfb-above-header-display":"","ast-hfb-below-header-display":"","ast-hfb-mobile-header-display":"","site-post-title":"","ast-breadcrumbs-content":"","ast-featured-img":"","footer-sml-layout":"","theme-transparent-header-meta":"","adv-header-id-meta":"","stick-header-meta":"","header-above-stick-meta":"","header-main-stick-meta":"","header-below-stick-meta":"","astra-migrate-meta-layouts":"","ast-page-background-enabled":"default","ast-page-background-meta":{"desktop":{"background-color":"var(--ast-global-color-5)","background-image":"","background-repeat":"repeat","background-position":"center center","background-size":"auto","background-attachment":"scroll","background-type":"","background-media":"","overlay-type":"","overlay-color":"","overlay-opacity":"","overlay-gradient":""},"tablet":{"background-color":"","background-image":"","background-repeat":"repeat","background-position":"center center","background-size":"auto","background-attachment":"scroll","background-type":"","background-media":"","overlay-type":"","overlay-color":"","overlay-opacity":"","overlay-gradient":""},"mobile":{"background-color":"","background-image":"","background-repeat":"repeat","background-position":"center center","background-size":"auto","background-attachment":"scroll","background-type":"","background-media":"","overlay-type":"","overlay-color":"","overlay-opacity":"","overlay-gradient":""}},"ast-content-background-meta":{"desktop":{"background-color":"var(--ast-global-color-4)","background-image":"","background-repeat":"repeat","background-position":"center center","background-size":"auto","background-attachment":"scroll","background-type":"","background-media":"","overlay-type":"","overlay-color":"","overlay-opacity":"","overlay-gradient":""},"tablet":{"background-color":"var(--ast-global-color-4)","background-image":"","background-repeat":"repeat","background-position":"center center","background-size":"auto","background-attachment":"scroll","background-type":"","background-media":"","overlay-type":"","overlay-color":"","overlay-opacity":"","overlay-gradient":""},"mobile":{"background-color":"var(--ast-global-color-4)","background-image":"","background-repeat":"repeat","background-position":"center center","background-size":"auto","background-attachment":"scroll","background-type":"","background-media":"","overlay-type":"","overlay-color":"","overlay-opacity":"","overlay-gradient":""}}},"product_brand":[526],"product_cat":[483,53],"product_tag":[],"class_list":{"0":"post-76870","1":"product","2":"type-product","3":"status-publish","4":"has-post-thumbnail","6":"product_brand-ledon","7":"product_cat-klatterpyramider","8":"product_cat-klatterstallningar","9":"desktop-align-center","10":"tablet-align-left","11":"mobile-align-left","13":"first","14":"instock","15":"taxable","16":"shipping-taxable","17":"purchasable","18":"product-type-simple"},"_links":{"self":[{"href":"https:\/\/readymade.se\/lekplats\/wp-json\/wp\/v2\/product\/76870","targetHints":{"allow":["GET"]}}],"collection":[{"href":"https:\/\/readymade.se\/lekplats\/wp-json\/wp\/v2\/product"}],"about":[{"href":"https:\/\/readymade.se\/lekplats\/wp-json\/wp\/v2\/types\/product"}],"wp:featuredmedia":[{"embeddable":true,"href":"https:\/\/readymade.se\/lekplats\/wp-json\/wp\/v2\/media\/124118"}],"wp:attachment":[{"href":"https:\/\/readymade.se\/lekplats\/wp-json\/wp\/v2\/media?parent=76870"}],"wp:term":[{"taxonomy":"product_brand","embeddable":true,"href":"https:\/\/readymade.se\/lekplats\/wp-json\/wp\/v2\/product_brand?post=76870"},{"taxonomy":"product_cat","embeddable":true,"href":"https:\/\/readymade.se\/lekplats\/wp-json\/wp\/v2\/product_cat?post=76870"},{"taxonomy":"product_tag","embeddable":true,"href":"https:\/\/readymade.se\/lekplats\/wp-json\/wp\/v2\/product_tag?post=76870"}],"curies":[{"name":"wp","href":"https:\/\/api.w.org\/{rel}","templated":true}]}}