{"id":76864,"date":"2025-11-12T21:05:43","date_gmt":"2025-11-12T20:05:43","guid":{"rendered":"https:\/\/readymade.se\/core\/produkt\/chavi-klatternat\/"},"modified":"2026-02-28T15:34:04","modified_gmt":"2026-02-28T14:34:04","slug":"chavi-klatternat","status":"publish","type":"product","link":"https:\/\/readymade.se\/lekplats\/produkt\/chavi-klatternat\/","title":{"rendered":"Chavi kl\u00e4ttern\u00e4t"},"content":{"rendered":"<p>Chavi \u00e4r ett av v\u00e5ra tre st\u00f6rsta kl\u00e4ttern\u00e4t och har plats f\u00f6r m\u00e5nga barn samtidigt. Det konformade n\u00e4tet \u00e4r uppbyggt kring en central stolpe med fyra ringar p\u00e5 olika niv\u00e5er, varav en \u00e4r ett f\u00e5gelbo. Ringarna delar upp kl\u00e4ttern\u00e4tet i etapper, vilket g\u00f6r det enkelt f\u00f6r barn att ta pauser och sj\u00e4lva v\u00e4lja hur h\u00f6gt de vill kl\u00e4ttra. Kl\u00e4ttringen tr\u00e4nar hela kroppen, grovmotorik och styrka. F\u00e5gelboet fungerar som samlingsplats f\u00f6r vila och social lek. N\u00e4tets storlek g\u00f6r det ocks\u00e5 l\u00e4mpligt f\u00f6r rollekar, t\u00e4vlingar och gemensamma lekar. Vill du se fler kl\u00e4ttern\u00e4t med f\u00e5gelbon kan du \u00e4ven titta p\u00e5 Fortuna, Birdnest-tr\u00e4det och Khefren.<\/p>\n","protected":false},"excerpt":{"rendered":"<p>Mycket stort konformat kl\u00e4ttern\u00e4t med flera niv\u00e5er och f\u00e5gelbo. Utformat f\u00f6r m\u00e5nga barn och varierad kl\u00e4tterlek p\u00e5 st\u00f6rre lekplatser.<\/p>\n","protected":false},"featured_media":124120,"template":"","meta":{"site-sidebar-layout":"","site-content-layout":"","ast-site-content-layout":"","site-content-style":"","site-sidebar-style":"","ast-global-header-display":"","ast-banner-title-visibility":"","ast-main-header-display":"","ast-hfb-above-header-display":"","ast-hfb-below-header-display":"","ast-hfb-mobile-header-display":"","site-post-title":"","ast-breadcrumbs-content":"","ast-featured-img":"","footer-sml-layout":"","theme-transparent-header-meta":"","adv-header-id-meta":"","stick-header-meta":"","header-above-stick-meta":"","header-main-stick-meta":"","header-below-stick-meta":"","astra-migrate-meta-layouts":"","ast-page-background-enabled":"default","ast-page-background-meta":{"desktop":{"background-color":"var(--ast-global-color-5)","background-image":"","background-repeat":"repeat","background-position":"center center","background-size":"auto","background-attachment":"scroll","background-type":"","background-media":"","overlay-type":"","overlay-color":"","overlay-opacity":"","overlay-gradient":""},"tablet":{"background-color":"","background-image":"","background-repeat":"repeat","background-position":"center center","background-size":"auto","background-attachment":"scroll","background-type":"","background-media":"","overlay-type":"","overlay-color":"","overlay-opacity":"","overlay-gradient":""},"mobile":{"background-color":"","background-image":"","background-repeat":"repeat","background-position":"center center","background-size":"auto","background-attachment":"scroll","background-type":"","background-media":"","overlay-type":"","overlay-color":"","overlay-opacity":"","overlay-gradient":""}},"ast-content-background-meta":{"desktop":{"background-color":"var(--ast-global-color-4)","background-image":"","background-repeat":"repeat","background-position":"center center","background-size":"auto","background-attachment":"scroll","background-type":"","background-media":"","overlay-type":"","overlay-color":"","overlay-opacity":"","overlay-gradient":""},"tablet":{"background-color":"var(--ast-global-color-4)","background-image":"","background-repeat":"repeat","background-position":"center center","background-size":"auto","background-attachment":"scroll","background-type":"","background-media":"","overlay-type":"","overlay-color":"","overlay-opacity":"","overlay-gradient":""},"mobile":{"background-color":"var(--ast-global-color-4)","background-image":"","background-repeat":"repeat","background-position":"center center","background-size":"auto","background-attachment":"scroll","background-type":"","background-media":"","overlay-type":"","overlay-color":"","overlay-opacity":"","overlay-gradient":""}}},"product_brand":[526],"product_cat":[483,53],"product_tag":[],"class_list":{"0":"post-76864","1":"product","2":"type-product","3":"status-publish","4":"has-post-thumbnail","6":"product_brand-ledon","7":"product_cat-klatterpyramider","8":"product_cat-klatterstallningar","9":"desktop-align-center","10":"tablet-align-left","11":"mobile-align-left","13":"first","14":"instock","15":"taxable","16":"shipping-taxable","17":"purchasable","18":"product-type-simple"},"_links":{"self":[{"href":"https:\/\/readymade.se\/lekplats\/wp-json\/wp\/v2\/product\/76864","targetHints":{"allow":["GET"]}}],"collection":[{"href":"https:\/\/readymade.se\/lekplats\/wp-json\/wp\/v2\/product"}],"about":[{"href":"https:\/\/readymade.se\/lekplats\/wp-json\/wp\/v2\/types\/product"}],"wp:featuredmedia":[{"embeddable":true,"href":"https:\/\/readymade.se\/lekplats\/wp-json\/wp\/v2\/media\/124120"}],"wp:attachment":[{"href":"https:\/\/readymade.se\/lekplats\/wp-json\/wp\/v2\/media?parent=76864"}],"wp:term":[{"taxonomy":"product_brand","embeddable":true,"href":"https:\/\/readymade.se\/lekplats\/wp-json\/wp\/v2\/product_brand?post=76864"},{"taxonomy":"product_cat","embeddable":true,"href":"https:\/\/readymade.se\/lekplats\/wp-json\/wp\/v2\/product_cat?post=76864"},{"taxonomy":"product_tag","embeddable":true,"href":"https:\/\/readymade.se\/lekplats\/wp-json\/wp\/v2\/product_tag?post=76864"}],"curies":[{"name":"wp","href":"https:\/\/api.w.org\/{rel}","templated":true}]}}