{"id":76848,"date":"2025-11-12T21:05:00","date_gmt":"2025-11-12T20:05:00","guid":{"rendered":"https:\/\/readymade.se\/core\/produkt\/wobble-bro\/"},"modified":"2026-02-27T20:01:22","modified_gmt":"2026-02-27T19:01:22","slug":"wobble-bro","status":"publish","type":"product","link":"https:\/\/readymade.se\/lekplats\/produkt\/wobble-bro\/","title":{"rendered":"Wobble bro"},"content":{"rendered":"<p>Vickbrygga till lekplatsen Vickbryggan testar barns balans och kan antingen st\u00e5 sj\u00e4lv eller ing\u00e5 i en rad andra balansredskap. Den \u00e4r designad med skivor f\u00f6r att trampa p\u00e5, som \u00e4r upph\u00e4ngda i Taifun-rep, och som d\u00e4rf\u00f6r \u00e4r i konstant r\u00f6relse. Att korsa bron \u00e4r roligt och utmanande f\u00f6r barn. Balansutrustning \u00e4r mycket f\u00f6rdelaktigt f\u00f6r barns utveckling. Det hj\u00e4lper till att st\u00e4rka deras fysiska f\u00f6rm\u00e5gor som motorik, balans och koordination. Samtidigt st\u00f6djer lekredskapen ocks\u00e5 barns kognitiva och sociala f\u00e4rdigheter. Ju b\u00e4ttre barn blir p\u00e5 att hantera fysiska utmaningar, desto mer sj\u00e4lvf\u00f6rtroende bygger de. Barn som \u00e4r s\u00e4kra p\u00e5 sin egen f\u00f6rm\u00e5ga \u00e4r mer beredda att prova nya saker och mer \u00f6ppna f\u00f6r att delta i nya spel och bilda nya sociala relationer. Vickbryggan \u00e4r gjord av slitstarka material med l\u00e5gt underh\u00e5llsbehov, galvaniserade stolpar och vandalisms\u00e4kert Taifun-rep.<\/p>\n","protected":false},"excerpt":{"rendered":"<p>Vickbrygga till lekplatsen Vickbryggan testar barns balans och kan antingen st\u00e5 sj\u00e4lv eller ing\u00e5 i en rad andra balansredskap. Den \u00e4r designad<\/p>\n","protected":false},"featured_media":123532,"template":"","meta":{"site-sidebar-layout":"","site-content-layout":"","ast-site-content-layout":"","site-content-style":"","site-sidebar-style":"","ast-global-header-display":"","ast-banner-title-visibility":"","ast-main-header-display":"","ast-hfb-above-header-display":"","ast-hfb-below-header-display":"","ast-hfb-mobile-header-display":"","site-post-title":"","ast-breadcrumbs-content":"","ast-featured-img":"","footer-sml-layout":"","theme-transparent-header-meta":"","adv-header-id-meta":"","stick-header-meta":"","header-above-stick-meta":"","header-main-stick-meta":"","header-below-stick-meta":"","astra-migrate-meta-layouts":"","ast-page-background-enabled":"default","ast-page-background-meta":{"desktop":{"background-color":"var(--ast-global-color-5)","background-image":"","background-repeat":"repeat","background-position":"center center","background-size":"auto","background-attachment":"scroll","background-type":"","background-media":"","overlay-type":"","overlay-color":"","overlay-opacity":"","overlay-gradient":""},"tablet":{"background-color":"","background-image":"","background-repeat":"repeat","background-position":"center center","background-size":"auto","background-attachment":"scroll","background-type":"","background-media":"","overlay-type":"","overlay-color":"","overlay-opacity":"","overlay-gradient":""},"mobile":{"background-color":"","background-image":"","background-repeat":"repeat","background-position":"center center","background-size":"auto","background-attachment":"scroll","background-type":"","background-media":"","overlay-type":"","overlay-color":"","overlay-opacity":"","overlay-gradient":""}},"ast-content-background-meta":{"desktop":{"background-color":"var(--ast-global-color-4)","background-image":"","background-repeat":"repeat","background-position":"center center","background-size":"auto","background-attachment":"scroll","background-type":"","background-media":"","overlay-type":"","overlay-color":"","overlay-opacity":"","overlay-gradient":""},"tablet":{"background-color":"var(--ast-global-color-4)","background-image":"","background-repeat":"repeat","background-position":"center center","background-size":"auto","background-attachment":"scroll","background-type":"","background-media":"","overlay-type":"","overlay-color":"","overlay-opacity":"","overlay-gradient":""},"mobile":{"background-color":"var(--ast-global-color-4)","background-image":"","background-repeat":"repeat","background-position":"center center","background-size":"auto","background-attachment":"scroll","background-type":"","background-media":"","overlay-type":"","overlay-color":"","overlay-opacity":"","overlay-gradient":""}}},"product_brand":[526],"product_cat":[55],"product_tag":[],"class_list":{"0":"post-76848","1":"product","2":"type-product","3":"status-publish","4":"has-post-thumbnail","6":"product_brand-ledon","7":"product_cat-balans-motorik","8":"desktop-align-center","9":"tablet-align-left","10":"mobile-align-left","12":"first","13":"instock","14":"taxable","15":"shipping-taxable","16":"purchasable","17":"product-type-simple"},"_links":{"self":[{"href":"https:\/\/readymade.se\/lekplats\/wp-json\/wp\/v2\/product\/76848","targetHints":{"allow":["GET"]}}],"collection":[{"href":"https:\/\/readymade.se\/lekplats\/wp-json\/wp\/v2\/product"}],"about":[{"href":"https:\/\/readymade.se\/lekplats\/wp-json\/wp\/v2\/types\/product"}],"wp:featuredmedia":[{"embeddable":true,"href":"https:\/\/readymade.se\/lekplats\/wp-json\/wp\/v2\/media\/123532"}],"wp:attachment":[{"href":"https:\/\/readymade.se\/lekplats\/wp-json\/wp\/v2\/media?parent=76848"}],"wp:term":[{"taxonomy":"product_brand","embeddable":true,"href":"https:\/\/readymade.se\/lekplats\/wp-json\/wp\/v2\/product_brand?post=76848"},{"taxonomy":"product_cat","embeddable":true,"href":"https:\/\/readymade.se\/lekplats\/wp-json\/wp\/v2\/product_cat?post=76848"},{"taxonomy":"product_tag","embeddable":true,"href":"https:\/\/readymade.se\/lekplats\/wp-json\/wp\/v2\/product_tag?post=76848"}],"curies":[{"name":"wp","href":"https:\/\/api.w.org\/{rel}","templated":true}]}}