{"id":76722,"date":"2025-11-12T21:00:42","date_gmt":"2025-11-12T20:00:42","guid":{"rendered":"https:\/\/readymade.se\/core\/produkt\/fagel\/"},"modified":"2026-02-28T18:10:22","modified_gmt":"2026-02-28T17:10:22","slug":"fagel","status":"publish","type":"product","link":"https:\/\/readymade.se\/lekplats\/produkt\/fagel\/","title":{"rendered":"F\u00e5gel"},"content":{"rendered":"<p>Flera barn kan leka tillsammans p\u00e5 gungbr\u00e4dorna p\u00e5 savannen. Savannen i Explore-universumet har flera olika gungbr\u00e4dor. N\u00e4r barn gungar fram och tillbaka experimenterar de med gravitation och balans samtidigt som de undermedvetet tr\u00e4nar sina stora muskelgrupper. Det \u00e4r inte l\u00e4tt att rocka ensam, s\u00e5 att ta en gungbr\u00e4da kr\u00e4ver ocks\u00e5 att du anv\u00e4nder dina samarbetsf\u00f6rm\u00e5ga. P\u00e5 s\u00e5 s\u00e4tt \u00e4r lek p\u00e5 gungbr\u00e4da med v\u00e4nner en rolig och konstruktiv aktivitet d\u00e4r sociala och spr\u00e5kliga f\u00e4rdigheter s\u00e4tts p\u00e5 prov. Det finns gungbr\u00e4dor f\u00f6r tv\u00e5, fyra och fler barn, s\u00e5 v\u00e5ghalsar kommer definitivt att trivas, vilken gungbr\u00e4da du \u00e4n v\u00e4ljer. Gungbr\u00e4dor \u00e4r roliga och h\u00e4lsosamma Det \u00e4r kul att vagga, men det \u00e4r ocks\u00e5 viktigt. Att h\u00e5lla en gungbr\u00e4da tr\u00e4nar hela kroppen. Det \u00e4r fysiskt h\u00e4lsosamt och \u00e4r bra f\u00f6r proprioception. Att gunga fram och tillbaka stimulerar ocks\u00e5 det vestibul\u00e4ra sinnet, vilket st\u00e4rker balansen och inl\u00e4rningsf\u00f6rm\u00e5gan. Alla LEDON Explore gungbr\u00e4dor \u00e4r underh\u00e5llsfria och \u00e4r designade med halkfria s\u00e4ten. De ergonomiska nylonhandtagen minimerar risken f\u00f6r \u00f6gon- och tandskador, samtidigt som de s\u00e4kerst\u00e4ller att sm\u00e5 fingrar inte fastnar p\u00e5 ytorna i kallt v\u00e4der. Varf\u00f6r v\u00e4lja LEDON Explore? L\u00e5gunderh\u00e5lls lekredskap i naturliga f\u00e4rger. I synnerhet utmanar och stimulerar det barns sociala f\u00e4rdigheter, motorik och balans. lekst\u00e4llningen finns i ett brett utbud av storlekar och prisklasser f\u00f6r att passa alla behov. En temav\u00e4rld som v\u00e4cker barns naturliga intresse f\u00f6r att uppleva och utforska v\u00e4rlden. Den st\u00f6rsta temav\u00e4rlden med m\u00e5nga olika lekredskap f\u00f6r hela lekplatsen.<\/p>\n","protected":false},"excerpt":{"rendered":"<p>Flera barn kan leka tillsammans p\u00e5 gungbr\u00e4dorna p\u00e5 savannen. Savannen i Explore-universumet har flera olika gungbr\u00e4dor. N\u00e4r barn gungar fram och tillbaka, \u00e4r de<\/p>\n","protected":false},"featured_media":125383,"template":"","meta":{"site-sidebar-layout":"","site-content-layout":"","ast-site-content-layout":"","site-content-style":"","site-sidebar-style":"","ast-global-header-display":"","ast-banner-title-visibility":"","ast-main-header-display":"","ast-hfb-above-header-display":"","ast-hfb-below-header-display":"","ast-hfb-mobile-header-display":"","site-post-title":"","ast-breadcrumbs-content":"","ast-featured-img":"","footer-sml-layout":"","theme-transparent-header-meta":"","adv-header-id-meta":"","stick-header-meta":"","header-above-stick-meta":"","header-main-stick-meta":"","header-below-stick-meta":"","astra-migrate-meta-layouts":"","ast-page-background-enabled":"default","ast-page-background-meta":{"desktop":{"background-color":"var(--ast-global-color-5)","background-image":"","background-repeat":"repeat","background-position":"center center","background-size":"auto","background-attachment":"scroll","background-type":"","background-media":"","overlay-type":"","overlay-color":"","overlay-opacity":"","overlay-gradient":""},"tablet":{"background-color":"","background-image":"","background-repeat":"repeat","background-position":"center center","background-size":"auto","background-attachment":"scroll","background-type":"","background-media":"","overlay-type":"","overlay-color":"","overlay-opacity":"","overlay-gradient":""},"mobile":{"background-color":"","background-image":"","background-repeat":"repeat","background-position":"center center","background-size":"auto","background-attachment":"scroll","background-type":"","background-media":"","overlay-type":"","overlay-color":"","overlay-opacity":"","overlay-gradient":""}},"ast-content-background-meta":{"desktop":{"background-color":"var(--ast-global-color-4)","background-image":"","background-repeat":"repeat","background-position":"center center","background-size":"auto","background-attachment":"scroll","background-type":"","background-media":"","overlay-type":"","overlay-color":"","overlay-opacity":"","overlay-gradient":""},"tablet":{"background-color":"var(--ast-global-color-4)","background-image":"","background-repeat":"repeat","background-position":"center center","background-size":"auto","background-attachment":"scroll","background-type":"","background-media":"","overlay-type":"","overlay-color":"","overlay-opacity":"","overlay-gradient":""},"mobile":{"background-color":"var(--ast-global-color-4)","background-image":"","background-repeat":"repeat","background-position":"center center","background-size":"auto","background-attachment":"scroll","background-type":"","background-media":"","overlay-type":"","overlay-color":"","overlay-opacity":"","overlay-gradient":""}}},"product_brand":[526],"product_cat":[387,370,52],"product_tag":[558],"class_list":{"0":"post-76722","1":"product","2":"type-product","3":"status-publish","4":"has-post-thumbnail","6":"product_brand-ledon","7":"product_cat-explore","8":"product_cat-produktserier","9":"product_cat-vippredskap","10":"product_tag-core","11":"desktop-align-center","12":"tablet-align-left","13":"mobile-align-left","15":"first","16":"instock","17":"taxable","18":"shipping-taxable","19":"purchasable","20":"product-type-simple"},"_links":{"self":[{"href":"https:\/\/readymade.se\/lekplats\/wp-json\/wp\/v2\/product\/76722","targetHints":{"allow":["GET"]}}],"collection":[{"href":"https:\/\/readymade.se\/lekplats\/wp-json\/wp\/v2\/product"}],"about":[{"href":"https:\/\/readymade.se\/lekplats\/wp-json\/wp\/v2\/types\/product"}],"wp:featuredmedia":[{"embeddable":true,"href":"https:\/\/readymade.se\/lekplats\/wp-json\/wp\/v2\/media\/125383"}],"wp:attachment":[{"href":"https:\/\/readymade.se\/lekplats\/wp-json\/wp\/v2\/media?parent=76722"}],"wp:term":[{"taxonomy":"product_brand","embeddable":true,"href":"https:\/\/readymade.se\/lekplats\/wp-json\/wp\/v2\/product_brand?post=76722"},{"taxonomy":"product_cat","embeddable":true,"href":"https:\/\/readymade.se\/lekplats\/wp-json\/wp\/v2\/product_cat?post=76722"},{"taxonomy":"product_tag","embeddable":true,"href":"https:\/\/readymade.se\/lekplats\/wp-json\/wp\/v2\/product_tag?post=76722"}],"curies":[{"name":"wp","href":"https:\/\/api.w.org\/{rel}","templated":true}]}}